{"id":1110,"date":"2020-06-16T18:36:17","date_gmt":"2020-06-16T16:36:17","guid":{"rendered":"https:\/\/www.galacteum.com\/higiene-seguridad\/"},"modified":"2020-06-16T18:36:17","modified_gmt":"2020-06-16T16:36:17","slug":"higiene-seguridad","status":"publish","type":"page","link":"https:\/\/www.galacteum.com\/zh-hans\/higiene-seguridad\/","title":{"rendered":"Normas de higiene y seguridad"},"content":{"rendered":"<p>[vc_row foundry_background_style=&#8221;bg-dark&#8221;][vc_column width=&#8221;2\/3&#8243; offset=&#8221;vc_col-lg-offset-2 vc_col-md-offset-2 vc_col-xs-12&#8243;][vc_empty_space height=&#8221;80px&#8221; el_class=&#8221;visible-xs visible-sm&#8221;][vc_column_text]<\/p>\n<h1>Normas b\u00e1sicas de\u00a0higiene y seguridad<\/h1>\n<p>[\/vc_column_text][vc_column_text]<\/p>\n<h2>Nuestro compromiso<\/h2>\n<p>GALACTEUM es un proyecto empresarial gallego liderado por cooperativas con el objetivo de transformar y valorizar el sector l\u00e1cteo de Galicia.[\/vc_column_text][\/vc_column][\/vc_row][vc_row full_width=&#8221;stretch_row&#8221; foundry_padding=&#8221;pt0 pb0&#8243; el_class=&#8221;post-header&#8221;][vc_column][vc_raw_html]JTNDaW1nJTIwY2xhc3MlM0QlMjJvbmRhLWdpcm8lMjBoaWRkZW4teHMlMjBoaWRkZW4tc20lMjIlMjBzcmMlM0QlMjIlMkZ3cC1jb250ZW50JTJGdXBsb2FkcyUyRjIwMTklMkYwOCUyRkdBTEFDVEVVTS1vbmRhLXByZWZmb3Rlci5zdmclMjIlM0UlMEElM0NpbWclMjBjbGFzcyUzRCUyMm9uZGEtZ2lybyUyMHZpc2libGUteHMlMjB2aXNpYmxlLXNtJTIyJTIwc3JjJTNEJTIyJTJGd3AtY29udGVudCUyRnVwbG9hZHMlMkYyMDE5JTJGMDglMkZHQUxBQ1RFVU0tb25kYS1wcmVmZm90ZXItTVYuc3ZnJTIyJTNF[\/vc_raw_html][\/vc_column][\/vc_row][vc_row css_animation=&#8221;none&#8221;][vc_column css_animation=&#8221;none&#8221; el_class=&#8221;higiene-idiomas&#8221;][vc_column_text el_class=&#8221;verde&#8221;]La misi\u00f3n es investigar, crear, producir y comercializar alimentos de alto valor a\u00f1adido que, adem\u00e1s de satisfacer las necesidades nutritivas de la sociedad, mejoren su bienestar y su salud[\/vc_column_text][\/vc_column][\/vc_row][vc_row foundry_padding=&#8221;pt0&#8243;][vc_column][vc_column_text el_class=&#8221;list-stars&#8221;]<\/p>\n<h2>Normas de higiene<\/h2>\n<p>Accede usted a una industria alimentaria, le agradecemos el cumplimiento de estas normas para poder garantizar la inocuidad de nuestros productos.<\/p>\n<h4>Gracias por su colaboraci\u00f3n.<\/h4>\n<ul>\n<li>En el \u00e1rea de producci\u00f3n est\u00e1 prohibido fumar, beber, comer y mascar chicle.<\/li>\n<li>No se permite llevar puestos efectos personales, tales como: anillos, pendientes, pulseras o cualquier otra joya, as\u00ed como relojes.<\/li>\n<li>Es obligatorio el uso de las prendas protectoras que le han sido entregadas: bata, gorro y calzas.<\/li>\n<li>En caso de acceder a zonas con requisitos especiales de higiene, le indicaremos las instrucciones a seguir y si es necesario un cambio de ropa.<\/li>\n<li>Est\u00e1 prohibido tocar o manipular equipos, productos o envases.<\/li>\n<li>No se permiten hacer fotograf\u00edas excepto autorizaci\u00f3n expresa.<\/li>\n<li>Si tuviera que acceder con alg\u00fan objeto personal, rogamos nos los comunique.<\/li>\n<\/ul>\n<p>[\/vc_column_text][\/vc_column][\/vc_row][vc_row foundry_padding=&#8221;pt0&#8243;][vc_column][vc_column_text el_class=&#8221;list-stars&#8221;]<\/p>\n<h2>Enfermedades infecciosas<\/h2>\n<p>Si padece o ha padecido recientemente alguna enfermedad infecciosa que pueda presentar un peligro para la inocuidad de los alimentos (gastroenteritis, etc), le rogamos nos los comunique antes de acceder al \u00e1rea de producci\u00f3n.[\/vc_column_text][\/vc_column][\/vc_row][vc_row foundry_padding=&#8221;pt0&#8243; el_class=&#8221;higiene&#8221;][vc_column][vc_column_text el_class=&#8221;list-stars&#8221;]<\/p>\n<h2>Normas de seguridad<\/h2>\n<p>[\/vc_column_text][vc_row_inner][vc_column_inner el_class=&#8221;columna&#8221; width=&#8221;1\/4&#8243;][vc_single_image image=&#8221;1034&#8243;][vc_column_text]<\/p>\n<h3>Respete la se\u00f1alizaci\u00f3n de seguridad existente en la f\u00e1brica.<\/h3>\n<p>[\/vc_column_text][\/vc_column_inner][vc_column_inner el_class=&#8221;columna&#8221; width=&#8221;1\/4&#8243;][vc_single_image image=&#8221;1031&#8243;][vc_column_text]<\/p>\n<h3>Mantenga siempre libres los accesos a las salidas de emergencia.<\/h3>\n<p>[\/vc_column_text][\/vc_column_inner][vc_column_inner el_class=&#8221;columna&#8221; width=&#8221;1\/4&#8243;][vc_single_image image=&#8221;1025&#8243;][vc_column_text]<\/p>\n<h3>Tenga precauci\u00f3n con carretillas y camiones.<\/h3>\n<p>[\/vc_column_text][\/vc_column_inner][vc_column_inner el_class=&#8221;columna&#8221; width=&#8221;1\/4&#8243;][vc_single_image image=&#8221;557&#8243;][vc_column_text]<\/p>\n<h3>No toque ninguna m\u00e1quina ni equipo que se encuentre en funcionamiento.<\/h3>\n<p>[\/vc_column_text][\/vc_column_inner][\/vc_row_inner][\/vc_column][\/vc_row][vc_row foundry_padding=&#8221;pt64 pb64&#8243; el_class=&#8221;higiene&#8221;][vc_column][vc_column_text el_class=&#8221;list-stars&#8221;]<\/p>\n<h2>Normas de ambientales<\/h2>\n<p>[\/vc_column_text][vc_row_inner][vc_column_inner el_class=&#8221;columna&#8221; width=&#8221;1\/2&#8243;][vc_single_image image=&#8221;1028&#8243;][vc_column_text]<\/p>\n<h3>Mantenga limpio el entorno que visita. No arroje desechos al suelo. Depos\u00edtelos en los contenedores adecuados.<\/h3>\n<p>[\/vc_column_text][\/vc_column_inner][vc_column_inner el_class=&#8221;columna&#8221; width=&#8221;1\/2&#8243;][vc_single_image image=&#8221;1022&#8243;][vc_column_text]<\/p>\n<h3>Entre nuestros objetivos est\u00e1 el uso racional de agua y energ\u00eda. Por favor, procure evitar su uso innecesario mientras nos visita.<\/h3>\n<p>[\/vc_column_text][\/vc_column_inner][\/vc_row_inner][\/vc_column][\/vc_row]<\/p>\n","protected":false},"excerpt":{"rendered":"<p>[vc_row foundry_backg&#8230;<\/p>\n","protected":false},"author":1,"featured_media":0,"parent":0,"menu_order":0,"comment_status":"closed","ping_status":"closed","template":"","meta":[],"yoast_head":"<!-- This site is optimized with the Yoast SEO plugin v15.3 - https:\/\/yoast.com\/wordpress\/plugins\/seo\/ -->\n<title>Normas de higiene y seguridad | GALACTEUM<\/title>\n<meta name=\"robots\" content=\"index, follow, max-snippet:-1, max-image-preview:large, max-video-preview:-1\" \/>\n<link rel=\"canonical\" href=\"https:\/\/www.galacteum.com\/zh-hans\/higiene-seguridad\/\" \/>\n<meta property=\"og:locale\" content=\"zh_CN\" \/>\n<meta property=\"og:type\" content=\"article\" \/>\n<meta property=\"og:title\" content=\"Normas de higiene y seguridad | GALACTEUM\" \/>\n<meta property=\"og:description\" content=\"[vc_row foundry_backg...\" \/>\n<meta property=\"og:url\" content=\"https:\/\/www.galacteum.com\/zh-hans\/higiene-seguridad\/\" \/>\n<meta property=\"og:site_name\" content=\"GALACTEUM\" \/>\n<meta name=\"twitter:card\" content=\"summary_large_image\" \/>\n<meta name=\"twitter:label1\" content=\"\u4f5c\u8005\">\n\t<meta name=\"twitter:data1\" content=\"galawp\">\n\t<meta name=\"twitter:label2\" content=\"\u9884\u8ba1\u9605\u8bfb\u65f6\u95f4\">\n\t<meta name=\"twitter:data2\" content=\"3\u5206\">\n<script type=\"application\/ld+json\" class=\"yoast-schema-graph\">{\"@context\":\"https:\/\/schema.org\",\"@graph\":[{\"@type\":\"Organization\",\"@id\":\"https:\/\/www.galacteum.com\/#organization\",\"name\":\"GALACTEUM\",\"url\":\"https:\/\/www.galacteum.com\/\",\"sameAs\":[\"https:\/\/www.linkedin.com\/company\/galacteum\/\"],\"logo\":{\"@type\":\"ImageObject\",\"@id\":\"https:\/\/www.galacteum.com\/#logo\",\"inLanguage\":\"zh-CN\",\"url\":\"https:\/\/www.galacteum.com\/wp-content\/uploads\/2020\/04\/galacteum-seo-tw.png\",\"width\":1025,\"height\":520,\"caption\":\"GALACTEUM\"},\"image\":{\"@id\":\"https:\/\/www.galacteum.com\/#logo\"}},{\"@type\":\"WebSite\",\"@id\":\"https:\/\/www.galacteum.com\/#website\",\"url\":\"https:\/\/www.galacteum.com\/\",\"name\":\"GALACTEUM\",\"description\":\"rediscovering the milky way\",\"publisher\":{\"@id\":\"https:\/\/www.galacteum.com\/#organization\"},\"potentialAction\":[{\"@type\":\"SearchAction\",\"target\":\"https:\/\/www.galacteum.com\/?s={search_term_string}\",\"query-input\":\"required name=search_term_string\"}],\"inLanguage\":\"zh-CN\"},{\"@type\":\"WebPage\",\"@id\":\"https:\/\/www.galacteum.com\/zh-hans\/higiene-seguridad\/#webpage\",\"url\":\"https:\/\/www.galacteum.com\/zh-hans\/higiene-seguridad\/\",\"name\":\"Normas de higiene y seguridad | GALACTEUM\",\"isPartOf\":{\"@id\":\"https:\/\/www.galacteum.com\/#website\"},\"datePublished\":\"2020-06-16T16:36:17+00:00\",\"dateModified\":\"2020-06-16T16:36:17+00:00\",\"inLanguage\":\"zh-CN\",\"potentialAction\":[{\"@type\":\"ReadAction\",\"target\":[\"https:\/\/www.galacteum.com\/zh-hans\/higiene-seguridad\/\"]}]}]}<\/script>\n<!-- \/ Yoast SEO plugin. -->","_links":{"self":[{"href":"https:\/\/www.galacteum.com\/zh-hans\/wp-json\/wp\/v2\/pages\/1110"}],"collection":[{"href":"https:\/\/www.galacteum.com\/zh-hans\/wp-json\/wp\/v2\/pages"}],"about":[{"href":"https:\/\/www.galacteum.com\/zh-hans\/wp-json\/wp\/v2\/types\/page"}],"author":[{"embeddable":true,"href":"https:\/\/www.galacteum.com\/zh-hans\/wp-json\/wp\/v2\/users\/1"}],"replies":[{"embeddable":true,"href":"https:\/\/www.galacteum.com\/zh-hans\/wp-json\/wp\/v2\/comments?post=1110"}],"version-history":[{"count":0,"href":"https:\/\/www.galacteum.com\/zh-hans\/wp-json\/wp\/v2\/pages\/1110\/revisions"}],"wp:attachment":[{"href":"https:\/\/www.galacteum.com\/zh-hans\/wp-json\/wp\/v2\/media?parent=1110"}],"curies":[{"name":"wp","href":"https:\/\/api.w.org\/{rel}","templated":true}]}}