{"id":1095,"date":"2019-08-26T18:09:53","date_gmt":"2019-08-26T16:09:53","guid":{"rendered":"https:\/\/www.galacteum.com\/soluciones-industriales\/"},"modified":"2022-11-03T11:38:09","modified_gmt":"2022-11-03T10:38:09","slug":"galacteum%e8%ae%be%e6%96%bd","status":"publish","type":"page","link":"https:\/\/www.galacteum.com\/zh-hans\/galacteum%e8%ae%be%e6%96%bd\/","title":{"rendered":"Soluciones industriales"},"content":{"rendered":"<p>[vc_row foundry_background_style=&#8221;bg-dark&#8221;][vc_column width=&#8221;2\/3&#8243; offset=&#8221;vc_col-lg-offset-2 vc_col-md-offset-2 vc_col-xs-12&#8243;][vc_empty_space height=&#8221;80px&#8221; el_class=&#8221;visible-xs visible-sm&#8221;][vc_column_text css_animation=&#8221;fadeIn&#8221;]<\/p>\n<h1>GALACTEUM\u5b87\u5b99\u4e2d\u5fc3<\/h1>\n<p>[\/vc_column_text][vc_column_text css_animation=&#8221;fadeInUp&#8221;]\u6211\u4eec\u7684\u751f\u4ea7\u8bbe\u65bd\u53ef\u6700\u5927\u7a0b\u5ea6\u4fdd\u8bc1\u8d28\udbff\udc00\u4e0e\u98df\u54c1\u5b89\u5168\u3002[\/vc_column_text][\/vc_column][\/vc_row][vc_row full_width=&#8221;stretch_row&#8221; foundry_padding=&#8221;pt0 pb0&#8243; el_class=&#8221;post-header&#8221;][vc_column][vc_raw_html]JTNDaW1nJTIwY2xhc3MlM0QlMjJvbmRhLWdpcm8lMjBoaWRkZW4teHMlMjBoaWRkZW4tc20lMjIlMjBzcmMlM0QlMjIlMkZ3cC1jb250ZW50JTJGdXBsb2FkcyUyRjIwMTklMkYwOCUyRkdBTEFDVEVVTS1vbmRhLXByZWZmb3Rlci5zdmclMjIlM0UlMEElM0NpbWclMjBjbGFzcyUzRCUyMm9uZGEtZ2lybyUyMHZpc2libGUteHMlMjB2aXNpYmxlLXNtJTIyJTIwc3JjJTNEJTIyJTJGd3AtY29udGVudCUyRnVwbG9hZHMlMkYyMDE5JTJGMDglMkZHQUxBQ1RFVU0tb25kYS1wcmVmZm90ZXItTVYuc3ZnJTIyJTNF[\/vc_raw_html][\/vc_column][\/vc_row][vc_row equal_height=&#8221;yes&#8221; foundry_padding=&#8221;pt0&#8243;][vc_column][vc_column_text]<\/p>\n<h2>\u63a2\u7d22\u6211\u4eec\u7684\u8bbe\u65bd<\/h2>\n<p>[\/vc_column_text][\/vc_column][vc_column css_animation=&#8221;slideInDown&#8221; width=&#8221;1\/3&#8243; el_class=&#8221;columna columna-soluciones list-stars&#8221;][vc_single_image image=&#8221;185&#8243; img_size=&#8221;&#8221; alignment=&#8221;center&#8221; css_animation=&#8221;fadeInUp&#8221; el_class=&#8221;ico&#8221;][vc_column_text css_animation=&#8221;fadeIn&#8221;]<\/p>\n<h3>\u4e73\u6db2\u548c\u4e73\u6e05\u52a0\u5de5\u5382<\/h3>\n<p><strong>\u4ea7\u54c1:<\/strong><\/p>\n<ul>\n<li><a href=\"https:\/\/www.galacteum.com\/zh-hans\/productos-lacteos\/%E7%89%9B%E5%A5%B6%E3%80%82%E4%BA%A7%E5%93%81%E7%A7%8D%E7%B1%BB\/\" target=\"_blank\" rel=\"noopener noreferrer\">\u5168\u8102\/\u534a\u8131\u8102\/\u8131\u8102\u4e73<\/a>\u3001\u70ed\u5904\u7406\u4e73\u6db2\u3001<a href=\"https:\/\/www.galacteum.com\/zh-hans\/productos-lacteos\/%E7%82%BC%E4%B9%B3\/\" target=\"_blank\" rel=\"noopener noreferrer\">\u6d53\u7f29\u4e73<\/a><\/li>\n<li><a href=\"https:\/\/www.galacteum.com\/zh-hans\/productos-lacteos\/%E7%94%9C%E4%B9%B3%E6%B8%85%E7%B2%89swp\/\" target=\"_blank\" rel=\"noopener noreferrer\">\u6d53\u7f29\u4e73\u6e05<\/a><\/li>\n<li>\u5b9a\u5236\u4ea7\u54c1<\/li>\n<\/ul>\n<p>[\/vc_column_text][\/vc_column][vc_column css_animation=&#8221;slideInDown&#8221; width=&#8221;1\/3&#8243; el_class=&#8221;columna columna-soluciones list-stars&#8221;][vc_single_image image=&#8221;186&#8243; img_size=&#8221;&#8221; alignment=&#8221;center&#8221; css_animation=&#8221;fadeInUp&#8221; el_class=&#8221;ico&#8221;][vc_column_text css_animation=&#8221;fadeIn&#8221;]<\/p>\n<h3>\u5e72\u71e5\u5854\u548c\u8131\u76d0\u5382<\/h3>\n<p><strong>\u4ea7\u54c1:<\/strong><\/p>\n<ul>\n<li><a href=\"https:\/\/www.galacteum.com\/zh-hans\/productos-lacteos\/%E8%84%B1%E7%9F%BF%E7%89%A9%E8%B4%A8%E4%B9%B3%E6%B8%85%E7%B2%89\/\" target=\"_blank\" rel=\"noopener noreferrer\">D90\u3001D70\u3001D50\u3001D40\u8131\u76d0\u4e73\u6e05\u7c89<\/a><\/li>\n<li><a href=\"https:\/\/www.galacteum.com\/zh-hans\/productos-lacteos\/%E5%A5%B6%E7%B2%89-1-smp1\/\" target=\"_blank\" rel=\"noopener noreferrer\">\u8131\u8102\u5976\u7c89(\u8102\u80aa\u542b\udbff\udc001%)<\/a><\/li>\n<li>\u5b9a\u5236\u4ea7\u54c1<\/li>\n<\/ul>\n<p>[\/vc_column_text][\/vc_column][vc_column css_animation=&#8221;slideInDown&#8221; width=&#8221;1\/3&#8243; el_class=&#8221;columna columna-soluciones list-stars&#8221;][vc_single_image image=&#8221;187&#8243; img_size=&#8221;&#8221; alignment=&#8221;center&#8221; css_animation=&#8221;fadeInUp&#8221; el_class=&#8221;ico&#8221;][vc_column_text css_animation=&#8221;fadeIn&#8221;]<\/p>\n<h3>\u5305\u88c5\u5382<\/h3>\n<p><strong>\u4ea7\u54c1:<\/strong><\/p>\n<ul>\n<li><a href=\"https:\/\/www.galacteum.com\/zh-hans\/productos-lacteos\/%E7%89%9B%E5%A5%B6%E3%80%82%E4%BA%A7%E5%93%81%E7%A7%8D%E7%B1%BB\/\" target=\"_blank\" rel=\"noopener noreferrer\">\u5df4\u6c0f\u6740\u83cc\u4e73(\u5168\u8102\/\u534a\u8131\u8102\/\u8131\u8102\/\u4e0d\u542b\u4e73\u7cd6)<\/a><\/li>\n<li><a href=\"https:\/\/www.galacteum.com\/zh-hans\/productos-lacteos\/%E5%B7%B4%E6%B0%8F%E6%9D%80%E8%8F%8C%E5%A5%B6%E6%B2%B9\/\" target=\"_blank\" rel=\"noopener noreferrer\">\u5df4\u6c0f\u6740\u83cc\u4e73\u8102(\u8102\u80aa\u542b\udbff\udc0035%\u621638%)<\/a><\/li>\n<li><a href=\"https:\/\/www.galacteum.com\/zh-hans\/productos-lacteos\/%E6%BE%84%E6%B8%85%E9%BB%84%E6%B2%B9\/\" target=\"_blank\" rel=\"noopener noreferrer\">\u65e0\u6c34\u9ec4\u6cb9<\/a><\/li>\n<li>\u5b9a\u5236\u4ea7\u54c1<\/li>\n<\/ul>\n<p>[\/vc_column_text][\/vc_column][vc_column width=&#8221;1\/3&#8243; el_class=&#8221;columna-click&#8221;][vc_raw_html]JTNDYSUyMGNsYXNzJTNEJTIyYnRuLW1vZGFsJTIyJTIwaHJlZiUzRCUyMiUyMyUyMiUyMG1vZGFsLWxpbmslM0QlMjIyMDAwJTIyJTNFJTBBJTA5JTNDZGl2JTIwY2xhc3MlM0QlMjJ3cGJfc2luZ2xlX2ltYWdlJTIwd3BiX2NvbnRlbnRfZWxlbWVudCUyMHZjX2FsaWduX2NlbnRlciUyMCUyMHdwYl9hbmltYXRlX3doZW5fYWxtb3N0X3Zpc2libGUlMjB3cGJfZmFkZUluVXAlMjBmYWRlSW5VcCUyMCUyMGljbyUyMHdwYl9zdGFydF9hbmltYXRpb24lMjBhbmltYXRlZCUyMiUzRSUwQSUwOSUwOSUzQ2ZpZ3VyZSUyMGNsYXNzJTNEJTIyd3BiX3dyYXBwZXIlMjB2Y19maWd1cmUlMjIlM0UlMEElMDklMDklMDklM0NkaXYlMjBjbGFzcyUzRCUyMnZjX3NpbmdsZV9pbWFnZS13cmFwcGVyJTIwdmNfYm94X2JvcmRlcl9ncmV5JTIyJTNFJTBBJTA5JTA5JTA5JTA5JTNDaW1nJTIwc3JjJTNEJTIyJTJGd3AtY29udGVudCUyRnVwbG9hZHMlMkYyMDIwJTJGMDMlMkZldmFwb3JhZG9yLnN2ZyUyMiUyMGNsYXNzJTNEJTIydmNfc2luZ2xlX2ltYWdlLWltZyUyMGF0dGFjaG1lbnQtbWVkaXVtJTIyJTIwYWx0JTNEJTIyJTIyJTIwaGVpZ2h0JTNEJTIyNTAwJTIyJTIwd2lkdGglM0QlMjI1MDAlMjIlM0UlMEElMDklMDklMDklM0MlMkZkaXYlM0UlMEElMDklMDklM0MlMkZmaWd1cmUlM0UlMEElMDklM0MlMkZkaXYlM0UlMEElMEElMDklM0NkaXYlMjBjbGFzcyUzRCUyMndwYl90ZXh0X2NvbHVtbiUyMHdwYl9jb250ZW50X2VsZW1lbnQlMjAlMjB3cGJfYW5pbWF0ZV93aGVuX2FsbW9zdF92aXNpYmxlJTIwd3BiX2ZhZGVJbiUyMGZhZGVJbiUyMHdwYl9zdGFydF9hbmltYXRpb24lMjBhbmltYXRlZCUyMiUzRSUwQSUwOSUwOSUzQ2RpdiUyMGNsYXNzJTNEJTIyd3BiX3dyYXBwZXIlMjIlM0UlMEElMDklMDklMDklM0NoMyUzRUV2YXBvcmFkb3IlM0MlMkZoMyUzRSUwQSUwOSUwOSUzQyUyRmRpdiUzRSUwQSUwOSUzQyUyRmRpdiUzRSUwQSUzQyUyRmElM0UlMEE=[\/vc_raw_html]<div class=\"modal-container text-center\"><\/div>[\/vc_column][vc_column width=&#8221;1\/3&#8243; el_class=&#8221;columna-click&#8221;][vc_raw_html]JTNDYSUyMGNsYXNzJTNEJTIyYnRuLW1vZGFsJTIyJTIwaHJlZiUzRCUyMiUyMyUyMiUyMG1vZGFsLWxpbmslM0QlMjIyMDAxJTIyJTNFJTBBJTA5JTNDZGl2JTIwY2xhc3MlM0QlMjJ3cGJfc2luZ2xlX2ltYWdlJTIwd3BiX2NvbnRlbnRfZWxlbWVudCUyMHZjX2FsaWduX2NlbnRlciUyMCUyMHdwYl9hbmltYXRlX3doZW5fYWxtb3N0X3Zpc2libGUlMjB3cGJfZmFkZUluVXAlMjBmYWRlSW5VcCUyMCUyMGljbyUyMHdwYl9zdGFydF9hbmltYXRpb24lMjBhbmltYXRlZCUyMiUzRSUwQSUwOSUwOSUzQ2ZpZ3VyZSUyMGNsYXNzJTNEJTIyd3BiX3dyYXBwZXIlMjB2Y19maWd1cmUlMjIlM0UlMEElMDklMDklMDklM0NkaXYlMjBjbGFzcyUzRCUyMnZjX3NpbmdsZV9pbWFnZS13cmFwcGVyJTIwdmNfYm94X2JvcmRlcl9ncmV5JTIyJTNFJTBBJTA5JTA5JTA5JTA5JTNDaW1nJTIwc3JjJTNEJTIyJTJGd3AtY29udGVudCUyRnVwbG9hZHMlMkYyMDIwJTJGMDMlMkZsZWNoby5zdmclMjIlMjBjbGFzcyUzRCUyMnZjX3NpbmdsZV9pbWFnZS1pbWclMjBhdHRhY2htZW50LW1lZGl1bSUyMiUyMGFsdCUzRCUyMiUyMiUyMGhlaWdodCUzRCUyMjUxMiUyMiUyMHdpZHRoJTNEJTIyNTEyJTIyJTNFJTBBJTA5JTA5JTA5JTNDJTJGZGl2JTNFJTBBJTA5JTA5JTNDJTJGZmlndXJlJTNFJTBBJTA5JTNDJTJGZGl2JTNFJTBBJTBBJTA5JTNDZGl2JTIwY2xhc3MlM0QlMjJ3cGJfdGV4dF9jb2x1bW4lMjB3cGJfY29udGVudF9lbGVtZW50JTIwJTIwd3BiX2FuaW1hdGVfd2hlbl9hbG1vc3RfdmlzaWJsZSUyMHdwYl9mYWRlSW4lMjBmYWRlSW4lMjB3cGJfc3RhcnRfYW5pbWF0aW9uJTIwYW5pbWF0ZWQlMjIlM0UlMEElMDklMDklM0NkaXYlMjBjbGFzcyUzRCUyMndwYl93cmFwcGVyJTIyJTNFJTBBJTA5JTA5JTA5JTNDaDMlM0VMZWNobyUyMGZsdWlkaXphZG8lM0MlMkZoMyUzRSUwQSUwOSUwOSUzQyUyRmRpdiUzRSUwQSUwOSUzQyUyRmRpdiUzRSUwQSUzQyUyRmElM0U=[\/vc_raw_html]<div class=\"modal-container text-center\"><\/div>[\/vc_column][vc_column width=&#8221;1\/3&#8243; el_class=&#8221;columna-click&#8221;][vc_raw_html]JTNDYSUyMGNsYXNzJTNEJTIyYnRuLW1vZGFsJTIyJTIwaHJlZiUzRCUyMiUyMyUyMiUyMG1vZGFsLWxpbmslM0QlMjIyMDAyJTIyJTNFJTBBJTA5JTNDZGl2JTIwY2xhc3MlM0QlMjJ3cGJfc2luZ2xlX2ltYWdlJTIwd3BiX2NvbnRlbnRfZWxlbWVudCUyMHZjX2FsaWduX2NlbnRlciUyMCUyMHdwYl9hbmltYXRlX3doZW5fYWxtb3N0X3Zpc2libGUlMjB3cGJfZmFkZUluVXAlMjBmYWRlSW5VcCUyMCUyMGljbyUyMHdwYl9zdGFydF9hbmltYXRpb24lMjBhbmltYXRlZCUyMiUzRSUwQSUwOSUwOSUzQ2ZpZ3VyZSUyMGNsYXNzJTNEJTIyd3BiX3dyYXBwZXIlMjB2Y19maWd1cmUlMjIlM0UlMEElMDklMDklMDklM0NkaXYlMjBjbGFzcyUzRCUyMnZjX3NpbmdsZV9pbWFnZS13cmFwcGVyJTIwdmNfYm94X2JvcmRlcl9ncmV5JTIyJTNFJTBBJTA5JTA5JTA5JTA5JTNDaW1nJTIwc3JjJTNEJTIyJTJGd3AtY29udGVudCUyRnVwbG9hZHMlMkYyMDE5JTJGMDklMkZ0b3JyZS1zZWNhZG8uc3ZnJTIyJTIwY2xhc3MlM0QlMjJ2Y19zaW5nbGVfaW1hZ2UtaW1nJTIwYXR0YWNobWVudC1tZWRpdW0lMjIlMjBhbHQlM0QlMjIlMjIlMjBoZWlnaHQlM0QlMjI1MTIlMjIlMjB3aWR0aCUzRCUyMjUxMiUyMiUzRSUwQSUwOSUwOSUwOSUzQyUyRmRpdiUzRSUwQSUwOSUwOSUzQyUyRmZpZ3VyZSUzRSUwQSUwOSUzQyUyRmRpdiUzRSUwQSUwQSUwOSUzQ2RpdiUyMGNsYXNzJTNEJTIyd3BiX3RleHRfY29sdW1uJTIwd3BiX2NvbnRlbnRfZWxlbWVudCUyMCUyMHdwYl9hbmltYXRlX3doZW5fYWxtb3N0X3Zpc2libGUlMjB3cGJfZmFkZUluJTIwZmFkZUluJTIwd3BiX3N0YXJ0X2FuaW1hdGlvbiUyMGFuaW1hdGVkJTIyJTNFJTBBJTA5JTA5JTNDZGl2JTIwY2xhc3MlM0QlMjJ3cGJfd3JhcHBlciUyMiUzRSUwQSUwOSUwOSUwOSUzQ2gzJTNFRXh0ZXJpb3IlM0MlMkZoMyUzRSUwQSUwOSUwOSUzQyUyRmRpdiUzRSUwQSUwOSUzQyUyRmRpdiUzRSUwQSUzQyUyRmElM0U=[\/vc_raw_html]<div class=\"modal-container text-center\"><\/div>[\/vc_column][vc_column width=&#8221;1\/3&#8243; el_class=&#8221;columna-click&#8221;][vc_raw_html]JTNDYSUyMGNsYXNzJTNEJTIyYnRuLW1vZGFsJTIyJTIwaHJlZiUzRCUyMiUyMyUyMiUyMG1vZGFsLWxpbmslM0QlMjIyMDAzJTIyJTNFJTBBJTA5JTNDZGl2JTIwY2xhc3MlM0QlMjJ3cGJfc2luZ2xlX2ltYWdlJTIwd3BiX2NvbnRlbnRfZWxlbWVudCUyMHZjX2FsaWduX2NlbnRlciUyMCUyMHdwYl9hbmltYXRlX3doZW5fYWxtb3N0X3Zpc2libGUlMjB3cGJfZmFkZUluVXAlMjBmYWRlSW5VcCUyMCUyMGljbyUyMHdwYl9zdGFydF9hbmltYXRpb24lMjBhbmltYXRlZCUyMiUzRSUwQSUwOSUwOSUzQ2ZpZ3VyZSUyMGNsYXNzJTNEJTIyd3BiX3dyYXBwZXIlMjB2Y19maWd1cmUlMjIlM0UlMEElMDklMDklMDklM0NkaXYlMjBjbGFzcyUzRCUyMnZjX3NpbmdsZV9pbWFnZS13cmFwcGVyJTIwdmNfYm94X2JvcmRlcl9ncmV5JTIyJTNFJTBBJTA5JTA5JTA5JTA5JTNDaW1nJTIwc3JjJTNEJTIyJTJGd3AtY29udGVudCUyRnVwbG9hZHMlMkYyMDIwJTJGMDMlMkZtZW1icmFuYXMuc3ZnJTIyJTIwY2xhc3MlM0QlMjJ2Y19zaW5nbGVfaW1hZ2UtaW1nJTIwYXR0YWNobWVudC1tZWRpdW0lMjIlMjBhbHQlM0QlMjIlMjIlMjBoZWlnaHQlM0QlMjI1MDAlMjIlMjB3aWR0aCUzRCUyMjUwMCUyMiUzRSUwQSUwOSUwOSUwOSUzQyUyRmRpdiUzRSUwQSUwOSUwOSUzQyUyRmZpZ3VyZSUzRSUwQSUwOSUzQyUyRmRpdiUzRSUwQSUwQSUwOSUzQ2RpdiUyMGNsYXNzJTNEJTIyd3BiX3RleHRfY29sdW1uJTIwd3BiX2NvbnRlbnRfZWxlbWVudCUyMCUyMHdwYl9hbmltYXRlX3doZW5fYWxtb3N0X3Zpc2libGUlMjB3cGJfZmFkZUluJTIwZmFkZUluJTIwd3BiX3N0YXJ0X2FuaW1hdGlvbiUyMGFuaW1hdGVkJTIyJTNFJTBBJTA5JTA5JTNDZGl2JTIwY2xhc3MlM0QlMjJ3cGJfd3JhcHBlciUyMiUzRSUwQSUwOSUwOSUwOSUzQ2gzJTNFQmF0ZXIlQzMlQURhJTIwZGUlMjBtZW1icmFuYXMlM0MlMkZoMyUzRSUwQSUwOSUwOSUzQyUyRmRpdiUzRSUwQSUwOSUzQyUyRmRpdiUzRSUwQSUzQyUyRmElM0U=[\/vc_raw_html]<div class=\"modal-container text-center\"><\/div>[\/vc_column][vc_column width=&#8221;1\/3&#8243; el_class=&#8221;columna-click&#8221;][vc_raw_html]JTNDYSUyMGNsYXNzJTNEJTIyYnRuLW1vZGFsJTIyJTIwaHJlZiUzRCUyMiUyMyUyMiUyMG1vZGFsLWxpbmslM0QlMjIyMDA0JTIyJTNFJTBBJTA5JTNDZGl2JTIwY2xhc3MlM0QlMjJ3cGJfc2luZ2xlX2ltYWdlJTIwd3BiX2NvbnRlbnRfZWxlbWVudCUyMHZjX2FsaWduX2NlbnRlciUyMCUyMHdwYl9hbmltYXRlX3doZW5fYWxtb3N0X3Zpc2libGUlMjB3cGJfZmFkZUluVXAlMjBmYWRlSW5VcCUyMCUyMGljbyUyMHdwYl9zdGFydF9hbmltYXRpb24lMjBhbmltYXRlZCUyMiUzRSUwQSUwOSUwOSUzQ2ZpZ3VyZSUyMGNsYXNzJTNEJTIyd3BiX3dyYXBwZXIlMjB2Y19maWd1cmUlMjIlM0UlMEElMDklMDklMDklM0NkaXYlMjBjbGFzcyUzRCUyMnZjX3NpbmdsZV9pbWFnZS13cmFwcGVyJTIwdmNfYm94X2JvcmRlcl9ncmV5JTIyJTNFJTBBJTA5JTA5JTA5JTA5JTNDaW1nJTIwc3JjJTNEJTIyJTJGd3AtY29udGVudCUyRnVwbG9hZHMlMkYyMDIwJTJGMDMlMkZkZXNtaW5lcmFsaXphZG9yYS5zdmclMjIlMjBjbGFzcyUzRCUyMnZjX3NpbmdsZV9pbWFnZS1pbWclMjBhdHRhY2htZW50LW1lZGl1bSUyMiUyMGFsdCUzRCUyMiUyMiUyMGhlaWdodCUzRCUyMjUxMiUyMiUyMHdpZHRoJTNEJTIyNTEyJTIyJTNFJTBBJTA5JTA5JTA5JTNDJTJGZGl2JTNFJTBBJTA5JTA5JTNDJTJGZmlndXJlJTNFJTBBJTA5JTNDJTJGZGl2JTNFJTBBJTBBJTA5JTNDZGl2JTIwY2xhc3MlM0QlMjJ3cGJfdGV4dF9jb2x1bW4lMjB3cGJfY29udGVudF9lbGVtZW50JTIwJTIwd3BiX2FuaW1hdGVfd2hlbl9hbG1vc3RfdmlzaWJsZSUyMHdwYl9mYWRlSW4lMjBmYWRlSW4lMjB3cGJfc3RhcnRfYW5pbWF0aW9uJTIwYW5pbWF0ZWQlMjIlM0UlMEElMDklMDklM0NkaXYlMjBjbGFzcyUzRCUyMndwYl93cmFwcGVyJTIyJTNFJTBBJTA5JTA5JTA5JTNDaDMlM0VQbGFudGElMjBkZSUyMGRlc21pbmVyYWxpemFjaSVDMyVCM24lM0MlMkZoMyUzRSUwQSUwOSUwOSUzQyUyRmRpdiUzRSUwQSUwOSUzQyUyRmRpdiUzRSUwQSUzQyUyRmElM0U=[\/vc_raw_html]<div class=\"modal-container text-center\"><\/div>[\/vc_column][vc_column width=&#8221;1\/3&#8243; el_class=&#8221;columna-click&#8221;][vc_raw_html]JTNDYSUyMGNsYXNzJTNEJTIyYnRuLW1vZGFsJTIyJTIwaHJlZiUzRCUyMiUyMyUyMiUyMG1vZGFsLWxpbmslM0QlMjIyMDA1JTIyJTNFJTBBJTA5JTNDZGl2JTIwY2xhc3MlM0QlMjJ3cGJfc2luZ2xlX2ltYWdlJTIwd3BiX2NvbnRlbnRfZWxlbWVudCUyMHZjX2FsaWduX2NlbnRlciUyMCUyMHdwYl9hbmltYXRlX3doZW5fYWxtb3N0X3Zpc2libGUlMjB3cGJfZmFkZUluVXAlMjBmYWRlSW5VcCUyMCUyMGljbyUyMHdwYl9zdGFydF9hbmltYXRpb24lMjBhbmltYXRlZCUyMiUzRSUwQSUwOSUwOSUzQ2ZpZ3VyZSUyMGNsYXNzJTNEJTIyd3BiX3dyYXBwZXIlMjB2Y19maWd1cmUlMjIlM0UlMEElMDklMDklMDklM0NkaXYlMjBjbGFzcyUzRCUyMnZjX3NpbmdsZV9pbWFnZS13cmFwcGVyJTIwdmNfYm94X2JvcmRlcl9ncmV5JTIyJTNFJTBBJTA5JTA5JTA5JTA5JTNDaW1nJTIwc3JjJTNEJTIyJTJGd3AtY29udGVudCUyRnVwbG9hZHMlMkYyMDIwJTJGMDMlMkZyZWNlcGNpb24uc3ZnJTIyJTIwY2xhc3MlM0QlMjJ2Y19zaW5nbGVfaW1hZ2UtaW1nJTIwYXR0YWNobWVudC1tZWRpdW0lMjIlMjBhbHQlM0QlMjIlMjIlMjBoZWlnaHQlM0QlMjI1MTIlMjIlMjB3aWR0aCUzRCUyMjUxMiUyMiUzRSUwQSUwOSUwOSUwOSUzQyUyRmRpdiUzRSUwQSUwOSUwOSUzQyUyRmZpZ3VyZSUzRSUwQSUwOSUzQyUyRmRpdiUzRSUwQSUwQSUwOSUzQ2RpdiUyMGNsYXNzJTNEJTIyd3BiX3RleHRfY29sdW1uJTIwd3BiX2NvbnRlbnRfZWxlbWVudCUyMCUyMHdwYl9hbmltYXRlX3doZW5fYWxtb3N0X3Zpc2libGUlMjB3cGJfZmFkZUluJTIwZmFkZUluJTIwd3BiX3N0YXJ0X2FuaW1hdGlvbiUyMGFuaW1hdGVkJTIyJTNFJTBBJTA5JTA5JTNDZGl2JTIwY2xhc3MlM0QlMjJ3cGJfd3JhcHBlciUyMiUzRSUwQSUwOSUwOSUwOSUzQ2gzJTNFUmVjZXBjaSVDMyVCM24lM0MlMkZoMyUzRSUwQSUwOSUwOSUzQyUyRmRpdiUzRSUwQSUwOSUzQyUyRmRpdiUzRSUwQSUzQyUyRmElM0U=[\/vc_raw_html]<div class=\"modal-container text-center\"><\/div>[\/vc_column][vc_column][\/vc_column][\/vc_row]<\/p>\n","protected":false},"excerpt":{"rendered":"<p>[vc_row foundry_backg&#8230;<\/p>\n","protected":false},"author":1,"featured_media":0,"parent":0,"menu_order":0,"comment_status":"closed","ping_status":"closed","template":"","meta":[],"yoast_head":"<!-- This site is optimized with the Yoast SEO plugin v15.3 - https:\/\/yoast.com\/wordpress\/plugins\/seo\/ -->\n<title>Soluciones industriales | GALACTEUM<\/title>\n<meta name=\"description\" content=\"\u6784\u6210GALACTEUM\u5b87\u5b99\u4e2d\u5fc3\u7684\u751f\u4ea7\u8bbe\u65bd\u7b26\u5408\u6700\u9ad8\u8d28\udbff\udc00\u548c\u98df\u54c1\u5b89 \u5168\u6807\u51c6\u3002\" \/>\n<meta name=\"robots\" content=\"index, follow, max-snippet:-1, max-image-preview:large, max-video-preview:-1\" \/>\n<link rel=\"canonical\" href=\"https:\/\/www.galacteum.com\/zh-hans\/galacteum\u8bbe\u65bd\/\" \/>\n<meta property=\"og:locale\" content=\"zh_CN\" \/>\n<meta property=\"og:type\" content=\"article\" \/>\n<meta property=\"og:title\" content=\"GALACTEUM | Soluciones industriales\" \/>\n<meta property=\"og:description\" content=\"El centro del universo GALACTEUM est\u00e1 formado por unas instalaciones de producci\u00f3n que cumplen con las m\u00e1ximas garant\u00edas de calidad y seguridad alimentaria.\" \/>\n<meta property=\"og:url\" content=\"https:\/\/www.galacteum.com\/zh-hans\/galacteum\u8bbe\u65bd\/\" \/>\n<meta property=\"og:site_name\" content=\"GALACTEUM\" \/>\n<meta property=\"article:modified_time\" content=\"2022-11-03T10:38:09+00:00\" \/>\n<meta property=\"og:image\" content=\"https:\/\/www.galacteum.com\/wp-content\/uploads\/2020\/04\/galacteum-seo-fb.png\" \/>\n\t<meta property=\"og:image:width\" content=\"1200\" \/>\n\t<meta property=\"og:image:height\" content=\"630\" \/>\n<meta name=\"twitter:card\" content=\"summary_large_image\" \/>\n<meta name=\"twitter:title\" content=\"GALACTEUM | Soluciones industriales\" \/>\n<meta name=\"twitter:description\" content=\"El centro del universo GALACTEUM est\u00e1 formado por unas instalaciones de producci\u00f3n que cumplen con las m\u00e1ximas garant\u00edas de calidad y seguridad alimentaria.\" \/>\n<meta name=\"twitter:image\" content=\"https:\/\/www.galacteum.com\/wp-content\/uploads\/2020\/04\/galacteum-seo-tw.png\" \/>\n<meta name=\"twitter:label1\" content=\"\u4f5c\u8005\">\n\t<meta name=\"twitter:data1\" content=\"galawp\">\n\t<meta name=\"twitter:label2\" content=\"\u9884\u8ba1\u9605\u8bfb\u65f6\u95f4\">\n\t<meta name=\"twitter:data2\" content=\"5\u5206\">\n<script type=\"application\/ld+json\" class=\"yoast-schema-graph\">{\"@context\":\"https:\/\/schema.org\",\"@graph\":[{\"@type\":\"Organization\",\"@id\":\"https:\/\/www.galacteum.com\/#organization\",\"name\":\"GALACTEUM\",\"url\":\"https:\/\/www.galacteum.com\/\",\"sameAs\":[\"https:\/\/www.linkedin.com\/company\/galacteum\/\"],\"logo\":{\"@type\":\"ImageObject\",\"@id\":\"https:\/\/www.galacteum.com\/#logo\",\"inLanguage\":\"zh-CN\",\"url\":\"https:\/\/www.galacteum.com\/wp-content\/uploads\/2020\/04\/galacteum-seo-tw.png\",\"width\":1025,\"height\":520,\"caption\":\"GALACTEUM\"},\"image\":{\"@id\":\"https:\/\/www.galacteum.com\/#logo\"}},{\"@type\":\"WebSite\",\"@id\":\"https:\/\/www.galacteum.com\/#website\",\"url\":\"https:\/\/www.galacteum.com\/\",\"name\":\"GALACTEUM\",\"description\":\"rediscovering the milky way\",\"publisher\":{\"@id\":\"https:\/\/www.galacteum.com\/#organization\"},\"potentialAction\":[{\"@type\":\"SearchAction\",\"target\":\"https:\/\/www.galacteum.com\/?s={search_term_string}\",\"query-input\":\"required name=search_term_string\"}],\"inLanguage\":\"zh-CN\"},{\"@type\":\"WebPage\",\"@id\":\"https:\/\/www.galacteum.com\/zh-hans\/galacteum%e8%ae%be%e6%96%bd\/#webpage\",\"url\":\"https:\/\/www.galacteum.com\/zh-hans\/galacteum%e8%ae%be%e6%96%bd\/\",\"name\":\"Soluciones industriales | GALACTEUM\",\"isPartOf\":{\"@id\":\"https:\/\/www.galacteum.com\/#website\"},\"datePublished\":\"2019-08-26T16:09:53+00:00\",\"dateModified\":\"2022-11-03T10:38:09+00:00\",\"description\":\"\\u6784\\u6210GALACTEUM\\u5b87\\u5b99\\u4e2d\\u5fc3\\u7684\\u751f\\u4ea7\\u8bbe\\u65bd\\u7b26\\u5408\\u6700\\u9ad8\\u8d28\\udbff\\udc00\\u548c\\u98df\\u54c1\\u5b89 \\u5168\\u6807\\u51c6\\u3002\",\"inLanguage\":\"zh-CN\",\"potentialAction\":[{\"@type\":\"ReadAction\",\"target\":[\"https:\/\/www.galacteum.com\/zh-hans\/galacteum%e8%ae%be%e6%96%bd\/\"]}]}]}<\/script>\n<!-- \/ Yoast SEO plugin. -->","_links":{"self":[{"href":"https:\/\/www.galacteum.com\/zh-hans\/wp-json\/wp\/v2\/pages\/1095"}],"collection":[{"href":"https:\/\/www.galacteum.com\/zh-hans\/wp-json\/wp\/v2\/pages"}],"about":[{"href":"https:\/\/www.galacteum.com\/zh-hans\/wp-json\/wp\/v2\/types\/page"}],"author":[{"embeddable":true,"href":"https:\/\/www.galacteum.com\/zh-hans\/wp-json\/wp\/v2\/users\/1"}],"replies":[{"embeddable":true,"href":"https:\/\/www.galacteum.com\/zh-hans\/wp-json\/wp\/v2\/comments?post=1095"}],"version-history":[{"count":2,"href":"https:\/\/www.galacteum.com\/zh-hans\/wp-json\/wp\/v2\/pages\/1095\/revisions"}],"predecessor-version":[{"id":1658,"href":"https:\/\/www.galacteum.com\/zh-hans\/wp-json\/wp\/v2\/pages\/1095\/revisions\/1658"}],"wp:attachment":[{"href":"https:\/\/www.galacteum.com\/zh-hans\/wp-json\/wp\/v2\/media?parent=1095"}],"curies":[{"name":"wp","href":"https:\/\/api.w.org\/{rel}","templated":true}]}}