{"id":1070,"date":"2019-08-26T18:12:01","date_gmt":"2019-08-26T16:12:01","guid":{"rendered":"https:\/\/www.galacteum.com\/contacto\/"},"modified":"2024-02-15T19:12:43","modified_gmt":"2024-02-15T18:12:43","slug":"%e8%81%94%e7%b3%bb%e6%88%91%e4%bb%ac","status":"publish","type":"page","link":"https:\/\/www.galacteum.com\/zh-hans\/%e8%81%94%e7%b3%bb%e6%88%91%e4%bb%ac\/","title":{"rendered":"\u8054\u7cfb\u6211\u4eec"},"content":{"rendered":"<p>[vc_row foundry_background_style=&#8221;bg-dark&#8221; foundry_padding=&#8221;pb0&#8243;][vc_column width=&#8221;2\/3&#8243; offset=&#8221;vc_col-lg-offset-2 vc_col-md-offset-2 vc_col-xs-12&#8243;][vc_empty_space height=&#8221;80px&#8221;][\/vc_column][\/vc_row][vc_row foundry_background_style=&#8221;bg-dark&#8221; foundry_padding=&#8221;pt0&#8243; el_class=&#8221;columna&#8221;][vc_column css_animation=&#8221;none&#8221; width=&#8221;1\/2&#8243; el_class=&#8221;columna-info-contact-2 visible-xs visible-sm&#8221;][vc_column_text css_animation=&#8221;none&#8221;]<\/p>\n<h1>\u8054\u7cfb\u6211\u4eec\uff0c\u91cd\u65b0\u63a2\u7d22\u4e73\u5236\u54c1\u661f\u7cfb<\/h1>\n<p>[\/vc_column_text][vc_row_inner][vc_column_inner width=&#8221;1\/4&#8243; offset=&#8221;vc_col-xs-3&#8243;][vc_single_image image=&#8221;190&#8243; img_size=&#8221;&#8221; alignment=&#8221;right&#8221; css_animation=&#8221;fadeIn&#8221; el_class=&#8221;ico-contact&#8221;][\/vc_column_inner][vc_column_inner width=&#8221;3\/4&#8243; offset=&#8221;vc_col-xs-9&#8243;][vc_column_text]<a href=\"https:\/\/goo.gl\/maps\/sYSEGJcyzSTB5rS2A\">Parque Empresarial A Madanela<br \/>\nParcela 44-48, 15800<br \/>\nMelide &#8211; A Coru\u00f1a \u2013 Espa\u00f1a<\/a>[\/vc_column_text][\/vc_column_inner][\/vc_row_inner][vc_row_inner][vc_column_inner width=&#8221;1\/4&#8243; offset=&#8221;vc_col-xs-3&#8243;][vc_single_image image=&#8221;192&#8243; img_size=&#8221;&#8221; alignment=&#8221;right&#8221; css_animation=&#8221;fadeIn&#8221; el_class=&#8221;ico-contact&#8221;][\/vc_column_inner][vc_column_inner width=&#8221;3\/4&#8243; offset=&#8221;vc_col-xs-9&#8243;][vc_column_text]<\/p>\n<p style=\"padding: 7% 0;\"><a href=\"tel:+34981506409\">981 506 409<\/a><\/p>\n<p>[\/vc_column_text][\/vc_column_inner][\/vc_row_inner][vc_row_inner][vc_column_inner width=&#8221;1\/4&#8243; offset=&#8221;vc_col-xs-3&#8243;][vc_single_image image=&#8221;191&#8243; img_size=&#8221;&#8221; alignment=&#8221;right&#8221; css_animation=&#8221;fadeIn&#8221; el_class=&#8221;ico-contact&#8221;][\/vc_column_inner][vc_column_inner width=&#8221;3\/4&#8243; offset=&#8221;vc_col-xs-9&#8243;][vc_column_text]<\/p>\n<p style=\"padding: 7% 0;\"><a href=\"mailto:info.melide@aira.es\">info-melide@aira.es<\/a><\/p>\n<p>[\/vc_column_text][\/vc_column_inner][\/vc_row_inner][\/vc_column][vc_column css_animation=&#8221;slideInRight&#8221; el_class=&#8221;columna columna-contact&#8221;]<div role=\"form\" class=\"wpcf7\" id=\"wpcf7-f1153-o1\" lang=\"es-ES\" dir=\"ltr\">\n<div class=\"screen-reader-response\"><p role=\"status\" aria-live=\"polite\" aria-atomic=\"true\"><\/p> <ul><\/ul><\/div>\n<form action=\"\/zh-hans\/wp-json\/wp\/v2\/pages\/1070#wpcf7-f1153-o1\" method=\"post\" class=\"wpcf7-form init\" novalidate=\"novalidate\" data-status=\"init\">\n<div style=\"display: none;\">\n<input type=\"hidden\" name=\"_wpcf7\" value=\"1153\" \/>\n<input type=\"hidden\" name=\"_wpcf7_version\" value=\"5.3\" \/>\n<input type=\"hidden\" name=\"_wpcf7_locale\" value=\"es_ES\" \/>\n<input type=\"hidden\" name=\"_wpcf7_unit_tag\" value=\"wpcf7-f1153-o1\" \/>\n<input type=\"hidden\" name=\"_wpcf7_container_post\" value=\"0\" \/>\n<input type=\"hidden\" name=\"_wpcf7_posted_data_hash\" value=\"\" \/>\n<input type=\"hidden\" name=\"_wpcf7_recaptcha_response\" value=\"\" \/>\n<\/div>\n<h4 style=\"color:#002547;\">\u8bf7\u586b\u5199\u4ee5\u4e0b\u5b57\u6bb5\uff0c\u6211\u4eec\u4f1a\u4e0e\u60a8\u53d6\u5f97\u8054\u7cfb<\/h4>\n<p><label> \u59d3\u540d*<br \/>\n    <span class=\"wpcf7-form-control-wrap your-name\"><input type=\"text\" name=\"your-name\" value=\"\" size=\"40\" class=\"wpcf7-form-control wpcf7-text wpcf7-validates-as-required\" aria-required=\"true\" aria-invalid=\"false\" \/><\/span> <\/label><\/p>\n<p><label> \u7535\u5b50\u90ae\u4ef6*<br \/>\n    <span class=\"wpcf7-form-control-wrap your-email\"><input type=\"email\" name=\"your-email\" value=\"\" size=\"40\" class=\"wpcf7-form-control wpcf7-text wpcf7-email wpcf7-validates-as-required wpcf7-validates-as-email\" aria-required=\"true\" aria-invalid=\"false\" \/><\/span> <\/label><\/p>\n<p><label> \u4e3b\u9898<br \/>\n    <span class=\"wpcf7-form-control-wrap your-subject\"><input type=\"text\" name=\"your-subject\" value=\"\" size=\"40\" class=\"wpcf7-form-control wpcf7-text\" aria-invalid=\"false\" \/><\/span> <\/label><\/p>\n<p><label> \u7559\u8a00*<br \/>\n    <span class=\"wpcf7-form-control-wrap your-message\"><textarea name=\"your-message\" cols=\"40\" rows=\"10\" class=\"wpcf7-form-control wpcf7-textarea wpcf7-validates-as-required\" aria-required=\"true\" aria-invalid=\"false\"><\/textarea><\/span> <\/label><\/p>\n<div style=\"overflow:overlay; height: 150px;\" class=\"politics-contact\">\n<p>\n\t\t<span style=\"font-weight: bold; text-decoration: underline;\">\u6211\u540c\u610f\u901a\u8fc7\u90ae\u4ef6\u63a5\u6536\u4fe1\u606f \u2013 \u66f4\u591a\u4fe1\u606f.<\/span> \u2013 \u66f4\u591a\u4fe1\u606f <\/p>\n<table>\n<tbody>\n<tr>\n<th>\u91cd\u65b0\u63a2\u7d22\u4e73\u5236\u54c1\u661f\u7cfb<\/th>\n<td>\u5e26\u6709CIF B15775570\u7684Dairylac SL\uff0c\u5730\u5740\u5728\u79d1\u9c81\u5c3c\u4e9aMelide\u7684PE A Madanela\uff0c44-48\u300115800<\/td>\n<\/tr>\n<tr>\n<th>\u76ee\u7684<\/th>\n<td>\u53ef\u76f4\u63a5\u4ece\u7528\u6237\u5904\u6536\u96c6\u7684\u4e2a\u4eba\u6570\u636e\u5c06\u901a\u8fc7\u4fdd\u5bc6\u7684\u65b9\u5f0f\u8fdb\u884c\u5904\u7406\uff0c<\/td>\n<\/tr>\n<tr>\n<th>\u5408\u6cd5\u5316<\/th>\n<td>\u672c\u7f51\u7ad9\u7684\u76ee\u7684\u662f\u544a\u77e5\u4e0e\u5176\u4e1a\u52a1\u76f8\u5173\u7684\u4ea7\u54c1\u548c\u670d\u52a1.<\/td>\n<\/tr>\n<tr>\n<th>\u671f<\/th>\n<td>11\u5e74-\u9664\u975e\u6709\u610f\u8005\u4e8b\u5148\u63d0\u51fa\u8981\u6c42<\/td>\n<\/tr>\n<tr>\n<th>\u6536\u4ef6\u4eba<\/th>\n<td>\u9664\u975e\u56e0\u7528\u6237\u7684\u6d88\u8d39\u8005\u8eab\u4efd\u800c\u9002\u7528\u53e6\u4e00\u53f8\u6cd5\u673a\u6784\u3002<\/td>\n<\/tr>\n<tr>\n<th>DERECHOS<\/th>\n<td>\u5982\u9700\u6307\u51fa\u9488\u5bf9\u77e5\u8bc6\u4ea7\u6743\u6216\u5de5\u4e1a\u4ea7\u6743\u4ee5\u53ca\u7f51\u7ad9\u4efb\u4f55\u5185\u5bb9\u7684\u53ef\u80fd\u7684 \u4fb5\u6743\u884c\u4e3a\uff0c\u60a8\u53ef\u53d1\u9001\u7535\u5b50\u90ae\u4ef6\u81f3info@galacteum.es\u3002<\/td>\n<\/tr>\n<tr>\n<th>\u7f51\u7ad9\u76ee\u7684<\/th>\n<td><a href=\"mailto:protecciondatos@aira.es\">protecciondatos@aira.es<\/a> PE A Madanela, 44-48, 15800 Melide, Coru\u00f1a<\/td>\n<\/tr>\n<tr>\n<th>\u66f4\u591a\u4fe1\u606f<\/th>\n<td><a href=\"\/zh-hans\/\u6570\u636e\u5904\u7406\u8d23\u4efb\/\" rel=\"nofollow\">\u7ba1\u8f96\u6cd5\u9662\u548c\u9002\u7528\u6cd5\u5f8b.<\/a><br \/>\n\t\t\t\t\t\t<a href=\"https:\/\/www.aepd.es\/es\" rel=\"nofollow\">www.AEPD.com<\/a>\n\t\t\t\t\t<\/td>\n<\/tr>\n<\/tbody>\n<\/table>\n<\/div>\n<div style=\"margin-bottom:15px;\"> [\u7ba1\u8f96\u6cd5\u9662\u548c\u9002\u7528\u6cd5\u5f8b]\u5e0c\u671b\u901a\u8fc7\u672c\u7f51\u7ad9\u7533\u8bf7\u4fe1\u606f\u7684\u7528\u6237\u5fc5\u987b\u9605\u8bfb\u5e76\u63a5\u53d7\u672c\u6cd5\u5f8b\u58f0\u660e\u7684 \u89c4\u5b9a\u3002 <a target=\"popup\" href=\"\/zh-hans\/\u6570\u636e\u5904\u7406\u8d23\u4efb\/\"> \u7ba1\u8f96\u6cd5\u9662\u548c\u9002\u7528\u6cd5\u5f8b.<\/a><\/div>\n<div style=\"margin-bottom:15px;\"><input type=\"submit\" value=\"\u53d1\u9001\" class=\"wpcf7-form-control wpcf7-submit\" \/><\/div>\n<p class=\"captcha-txt\">\u672c\u7f51\u7ad9\u53d7reCAPTCHA\u4fdd\u62a4 <a href=\"https:\/\/www.google.com\/intl\/es\/policies\/privacy\/\">\u7ba1\u8f96\u6cd5\u9662\u548c\u9002\u7528\u6cd5\u5f8b<\/a> y los <a href=\"https:\/\/www.google.com\/intl\/es\/policies\/terms\/\">TGoogle\u7684\u300a\u9690\u79c1\u6743\u653f\u7b56\u300b\u548c\u300a\u670d \u52a1\u6761\u6b3e\u300b\u9002\u7528\u3002<\/a> Google.<\/p>\n<div class=\"wpcf7-response-output\" aria-hidden=\"true\"><\/div><\/form><\/div>[\/vc_column][vc_column css_animation=&#8221;slideInLeft&#8221; width=&#8221;1\/2&#8243; el_class=&#8221;columna-info-contact hidden-xs hidden-sm&#8221;][vc_column_text css_animation=&#8221;fadeIn&#8221;]<\/p>\n<h1>\u8054\u7cfb\u6211\u4eec\uff0c\u91cd\u65b0\u63a2\u7d22\u4e73\u5236\u54c1\u661f\u7cfb<br \/>\n\u52a0\u5165\u6211\u4eec<\/h1>\n<p>[\/vc_column_text][vc_row_inner equal_height=&#8221;yes&#8221;][vc_column_inner width=&#8221;1\/4&#8243;][vc_single_image image=&#8221;190&#8243; img_size=&#8221;&#8221; alignment=&#8221;center&#8221; el_class=&#8221;ico&#8221;][\/vc_column_inner][vc_column_inner width=&#8221;3\/4&#8243;][vc_column_text]<a href=\"https:\/\/goo.gl\/maps\/sYSEGJcyzSTB5rS2A\">Parque Empresarial A Madanela<br \/>\nParcela 44-48, 15800<br \/>\nMelide &#8211; A Coru\u00f1a \u2013 Espa\u00f1a<\/a>[\/vc_column_text][\/vc_column_inner][vc_column_inner width=&#8221;1\/4&#8243;][vc_single_image image=&#8221;192&#8243; img_size=&#8221;&#8221; alignment=&#8221;center&#8221; el_class=&#8221;ico&#8221;][\/vc_column_inner][vc_column_inner width=&#8221;3\/4&#8243;][vc_column_text]<\/p>\n<p style=\"padding: 7% 0;\">981 506 409<\/p>\n<p>[\/vc_column_text][\/vc_column_inner][vc_column_inner width=&#8221;1\/4&#8243; offset=&#8221;vc_col-lg-offset-0&#8243;][vc_single_image image=&#8221;191&#8243; img_size=&#8221;&#8221; alignment=&#8221;center&#8221; el_class=&#8221;ico&#8221;][\/vc_column_inner][vc_column_inner width=&#8221;3\/4&#8243;][vc_column_text]<\/p>\n<p style=\"padding: 7% 0;\"><a href=\"mailto:info.melide@aira.es\">info.melide@aira.es<\/a><\/p>\n<p>[\/vc_column_text][\/vc_column_inner][\/vc_row_inner][\/vc_column][vc_column css_animation=&#8221;slideInLeft&#8221; width=&#8221;1\/2&#8243; el_class=&#8221;columna-info-job&#8221;][vc_column_text css_animation=&#8221;fadeIn&#8221;]<\/p>\n<h2>\u52a0\u5165\u6211\u4eec<\/h2>\n<p>[\/vc_column_text][vc_tta_accordion color=&#8221;white&#8221; active_section=&#8221;99&#8243; css_animation=&#8221;none&#8221; collapsible_all=&#8221;true&#8221;][vc_tta_section title=&#8221;\u53d1\u9001\u7b80\u5386&#8221; tab_id=&#8221;enviar-cv&#8221;]<div role=\"form\" class=\"wpcf7\" id=\"wpcf7-f1155-o2\" lang=\"es-ES\" dir=\"ltr\">\n<div class=\"screen-reader-response\"><p role=\"status\" aria-live=\"polite\" aria-atomic=\"true\"><\/p> <ul><\/ul><\/div>\n<form action=\"\/zh-hans\/wp-json\/wp\/v2\/pages\/1070#wpcf7-f1155-o2\" method=\"post\" class=\"wpcf7-form init\" enctype=\"multipart\/form-data\" novalidate=\"novalidate\" data-status=\"init\">\n<div style=\"display: none;\">\n<input type=\"hidden\" name=\"_wpcf7\" value=\"1155\" \/>\n<input type=\"hidden\" name=\"_wpcf7_version\" value=\"5.3\" \/>\n<input type=\"hidden\" name=\"_wpcf7_locale\" value=\"es_ES\" \/>\n<input type=\"hidden\" name=\"_wpcf7_unit_tag\" value=\"wpcf7-f1155-o2\" \/>\n<input type=\"hidden\" name=\"_wpcf7_container_post\" value=\"0\" \/>\n<input type=\"hidden\" name=\"_wpcf7_posted_data_hash\" value=\"\" \/>\n<input type=\"hidden\" name=\"_wpcf7_recaptcha_response\" value=\"\" \/>\n<\/div>\n<p><label>  \u59d3\u540d**<br \/>\n    <span class=\"wpcf7-form-control-wrap your-name\"><input type=\"text\" name=\"your-name\" value=\"\" size=\"40\" class=\"wpcf7-form-control wpcf7-text wpcf7-validates-as-required\" aria-required=\"true\" aria-invalid=\"false\" \/><\/span> <\/label><\/p>\n<p><label> \u7535\u5b50\u90ae\u4ef6*<br \/>\n    <span class=\"wpcf7-form-control-wrap your-email\"><input type=\"email\" name=\"your-email\" value=\"\" size=\"40\" class=\"wpcf7-form-control wpcf7-text wpcf7-email wpcf7-validates-as-required wpcf7-validates-as-email\" aria-required=\"true\" aria-invalid=\"false\" \/><\/span> <\/label><\/p>\n<p><span class=\"wpcf7-form-control-wrap cv\"><input type=\"file\" name=\"cv\" size=\"40\" class=\"wpcf7-form-control wpcf7-file wpcf7-validates-as-required\" accept=\".jpg,.jpeg,.png,.gif,.pdf,.doc,.docx,.ppt,.pptx,.odt,.avi,.ogg,.m4a,.mov,.mp3,.mp4,.mpg,.wav,.wmv\" aria-required=\"true\" aria-invalid=\"false\" \/><\/span><\/p>\n<div style=\"overflow: overlay; height: 150px;\" class=\"politics-contact\">\n<p>\n\t\t<span style=\"font-weight: bold; text-decoration: underline;\">\u6211\u540c\u610f\u901a\u8fc7\u90ae\u4ef6\u63a5\u6536\u4fe1\u606f \u2013 \u66f4\u591a\u4fe1\u606f.<\/span>\u7ba1\u8f96\u6cd5\u9662\u548c\u9002\u7528\u6cd5\u5f8b. <\/p>\n<table>\n<tbody>\n<tr>\n<th>\u91cd\u65b0\u63a2\u7d22\u4e73\u5236\u54c1\u661f\u7cfb<\/th>\n<td>\u5e26\u6709CIF B15775570\u7684Dairylac SL\uff0c\u5730\u5740\u5728\u79d1\u9c81\u5c3c\u4e9aMelide\u7684PE A Madanela\uff0c44-48\u300115800<\/td>\n<\/tr>\n<tr>\n<th>\u76ee\u7684<\/th>\n<td>\u53ef\u76f4\u63a5\u4ece\u7528\u6237\u5904\u6536\u96c6\u7684\u4e2a\u4eba\u6570\u636e\u5c06\u901a\u8fc7\u4fdd\u5bc6\u7684\u65b9\u5f0f\u8fdb\u884c\u5904\u7406<\/td>\n<\/tr>\n<tr>\n<th>\u5408\u6cd5\u5316<\/th>\n<td>\u672c\u7f51\u7ad9\u7684\u76ee\u7684\u662f\u544a\u77e5\u4e0e\u5176\u4e1a\u52a1\u76f8\u5173\u7684\u4ea7\u54c1\u548c\u670d\u52a1.<\/td>\n<\/tr>\n<tr>\n<th>\u6536\u4ef6\u4eba<\/th>\n<td>1\u5e74-\u9664\u975e\u6709\u610f\u8005\u4e8b\u5148\u63d0\u51fa\u8981\u6c42-<\/td>\n<\/tr>\n<tr>\n<th>\u6536\u4ef6\u4eba<\/th>\n<td>\u9664\u975e\u56e0\u7528\u6237\u7684\u6d88\u8d39\u8005\u8eab\u4efd\u800c\u9002\u7528\u53e6\u4e00\u53f8\u6cd5\u673a\u6784\u3002<\/td>\n<\/tr>\n<tr>\n<th>Rights<\/th>\n<td>\u5982\u9700\u6307\u51fa\u9488\u5bf9\u77e5\u8bc6\u4ea7\u6743\u6216\u5de5\u4e1a\u4ea7\u6743\u4ee5\u53ca\u7f51\u7ad9\u4efb\u4f55\u5185\u5bb9\u7684\u53ef\u80fd\u7684 \u4fb5\u6743\u884c\u4e3a\uff0c\u60a8\u53ef\u53d1\u9001\u7535\u5b50\u90ae\u4ef6\u81f3info@galacteum.es\u3002<\/td>\n<\/tr>\n<tr>\n<th>\u7f51\u7ad9\u76ee\u7684<\/th>\n<td><a href=\"mailto:protecciondatos@galacteum.com\">protecciondatos@galacteum.com<\/a> OR PE A Madanela, 44-48, 15800 Melide, Coru\u00f1a<\/td>\n<\/tr>\n<tr>\n<th>\u671f<\/th>\n<td><a href=\"\/zh-hans\/\u6570\u636e\u5904\u7406\u8d23\u4efb\/\" rel=\"nofollow\">\u7ba1\u8f96\u6cd5\u9662\u548c\u9002\u7528\u6cd5\u5f8b<\/a><br \/>\n\t\t\t\t\t\t<a href=\"https:\/\/www.aepd.es\/es\" rel=\"nofollow\">www.AEPD.com<\/a>\n\t\t\t\t\t<\/td>\n<\/tr>\n<\/tbody>\n<\/table>\n<\/div>\n<div> <span class=\"wpcf7-form-control-wrap aceptacion-ley-de-proteccion\"><span class=\"wpcf7-form-control wpcf7-acceptance\"><span class=\"wpcf7-list-item\"><input type=\"checkbox\" name=\"aceptacion-ley-de-proteccion\" value=\"1\" aria-invalid=\"false\" \/><\/span><\/span><\/span> \u901a\u8fc7\u5355\u51fb\u6b64\u590d\u9009\u6846\uff0c\u6211\u63a5\u53d7\u76f8\u5e94\u4e8e\u6b64\u7684\u6570\u636e\u5904\u7406<br \/>\n <a target=\"popup\" href=\"\/zh-hans\/\u6570\u636e\u5904\u7406\u8d23\u4efb\/\"> \u7ba1\u8f96\u6cd5\u9662\u548c\u9002\u7528\u6cd5\u5f8b<\/a>.<\/div>\n<div style=\"margin-top:15px;\"><input type=\"submit\" value=\"Enviar\" class=\"wpcf7-form-control wpcf7-submit\" \/><\/div>\n<div class=\"wpcf7-response-output\" aria-hidden=\"true\"><\/div><\/form><\/div>[\/vc_tta_section][\/vc_tta_accordion][\/vc_column][\/vc_row][vc_row full_width=&#8221;stretch_row&#8221; foundry_padding=&#8221;pt0 pb0&#8243; el_class=&#8221;post-header hidden&#8221;][vc_column][vc_raw_html]JTNDaW1nJTIwY2xhc3MlM0QlMjJvbmRhLWdpcm8lMjBoaWRkZW4teHMlMjBoaWRkZW4tc20lMjIlMjBzcmMlM0QlMjIlMkZ3cC1jb250ZW50JTJGdXBsb2FkcyUyRjIwMTklMkYwOCUyRkdBTEFDVEVVTS1vbmRhLXByZWZmb3Rlci5zdmclMjIlM0UlMEElM0NpbWclMjBjbGFzcyUzRCUyMm9uZGEtZ2lybyUyMHZpc2libGUteHMlMjB2aXNpYmxlLXNtJTIyJTIwc3JjJTNEJTIyJTJGd3AtY29udGVudCUyRnVwbG9hZHMlMkYyMDE5JTJGMDglMkZHQUxBQ1RFVU0tb25kYS1wcmVmZm90ZXItTVYuc3ZnJTIyJTNF[\/vc_raw_html][\/vc_column][\/vc_row]<\/p>\n","protected":false},"excerpt":{"rendered":"<p>[vc_row foundry_backg&#8230;<\/p>\n","protected":false},"author":1,"featured_media":0,"parent":0,"menu_order":0,"comment_status":"closed","ping_status":"closed","template":"","meta":[],"yoast_head":"<!-- This site is optimized with the Yoast SEO plugin v15.3 - https:\/\/yoast.com\/wordpress\/plugins\/seo\/ -->\n<title>\u8054\u7cfb\u6211\u4eec | GALACTEUM<\/title>\n<meta name=\"description\" content=\"\u62e8\u6253\u7535\u8bdd(+34)981506409\u6216\u53d1\u9001\u7535\u5b50\u90ae\u4ef6\u81f3info@galacte um.com\u4e0e\u6211\u4eec\u8054\u7cfb\u3002\u6211\u4eec\u7684\u5730\u5740\u4e3a:Parque Empresarial A Madanela P 44-48, 15800 A Coru\u00f1a(\u62c9\u79d1\u9c81\u5c3c\u4e9a\u5e02), Espa\u00f1a(\u897f\u73ed\u7259)\" \/>\n<meta name=\"robots\" content=\"index, follow, max-snippet:-1, max-image-preview:large, max-video-preview:-1\" \/>\n<link rel=\"canonical\" href=\"https:\/\/www.galacteum.com\/zh-hans\/\u8054\u7cfb\u6211\u4eec\/\" \/>\n<meta property=\"og:locale\" content=\"zh_CN\" \/>\n<meta property=\"og:type\" content=\"article\" \/>\n<meta property=\"og:title\" content=\"GALACTEUM | Contacto\" \/>\n<meta property=\"og:description\" content=\"Contacta con nosotros en el tel\u00e9fono 981 506 409 o v\u00eda email info@galacteum.com. Estamos en el Parque Empresarial A Madanela P 44-48, 15800 A Coru\u00f1a, Espa\u00f1a\" \/>\n<meta property=\"og:url\" content=\"https:\/\/www.galacteum.com\/zh-hans\/\u8054\u7cfb\u6211\u4eec\/\" \/>\n<meta property=\"og:site_name\" content=\"GALACTEUM\" \/>\n<meta property=\"article:modified_time\" content=\"2024-02-15T18:12:43+00:00\" \/>\n<meta property=\"og:image\" content=\"https:\/\/www.galacteum.com\/wp-content\/uploads\/2020\/04\/galacteum-seo-fb.png\" \/>\n\t<meta property=\"og:image:width\" content=\"1200\" \/>\n\t<meta property=\"og:image:height\" content=\"630\" \/>\n<meta name=\"twitter:card\" content=\"summary_large_image\" \/>\n<meta name=\"twitter:title\" content=\"GALACTEUM | Contacto\" \/>\n<meta name=\"twitter:description\" content=\"Contacta con nosotros en el tel\u00e9fono 981 506 409 o v\u00eda email info@galacteum.com. Estamos en el Parque Empresarial A Madanela P 44-48, 15800 A Coru\u00f1a, Espa\u00f1a\" \/>\n<meta name=\"twitter:image\" content=\"https:\/\/www.galacteum.com\/wp-content\/uploads\/2020\/04\/galacteum-seo-tw.png\" \/>\n<meta name=\"twitter:label1\" content=\"\u4f5c\u8005\">\n\t<meta name=\"twitter:data1\" content=\"galawp\">\n\t<meta name=\"twitter:label2\" content=\"\u9884\u8ba1\u9605\u8bfb\u65f6\u95f4\">\n\t<meta name=\"twitter:data2\" content=\"2\u5206\">\n<script type=\"application\/ld+json\" class=\"yoast-schema-graph\">{\"@context\":\"https:\/\/schema.org\",\"@graph\":[{\"@type\":\"Organization\",\"@id\":\"https:\/\/www.galacteum.com\/#organization\",\"name\":\"GALACTEUM\",\"url\":\"https:\/\/www.galacteum.com\/\",\"sameAs\":[\"https:\/\/www.linkedin.com\/company\/galacteum\/\"],\"logo\":{\"@type\":\"ImageObject\",\"@id\":\"https:\/\/www.galacteum.com\/#logo\",\"inLanguage\":\"zh-CN\",\"url\":\"https:\/\/www.galacteum.com\/wp-content\/uploads\/2020\/04\/galacteum-seo-tw.png\",\"width\":1025,\"height\":520,\"caption\":\"GALACTEUM\"},\"image\":{\"@id\":\"https:\/\/www.galacteum.com\/#logo\"}},{\"@type\":\"WebSite\",\"@id\":\"https:\/\/www.galacteum.com\/#website\",\"url\":\"https:\/\/www.galacteum.com\/\",\"name\":\"GALACTEUM\",\"description\":\"rediscovering the milky way\",\"publisher\":{\"@id\":\"https:\/\/www.galacteum.com\/#organization\"},\"potentialAction\":[{\"@type\":\"SearchAction\",\"target\":\"https:\/\/www.galacteum.com\/?s={search_term_string}\",\"query-input\":\"required name=search_term_string\"}],\"inLanguage\":\"zh-CN\"},{\"@type\":\"WebPage\",\"@id\":\"https:\/\/www.galacteum.com\/zh-hans\/%e8%81%94%e7%b3%bb%e6%88%91%e4%bb%ac\/#webpage\",\"url\":\"https:\/\/www.galacteum.com\/zh-hans\/%e8%81%94%e7%b3%bb%e6%88%91%e4%bb%ac\/\",\"name\":\"\\u8054\\u7cfb\\u6211\\u4eec | GALACTEUM\",\"isPartOf\":{\"@id\":\"https:\/\/www.galacteum.com\/#website\"},\"datePublished\":\"2019-08-26T16:12:01+00:00\",\"dateModified\":\"2024-02-15T18:12:43+00:00\",\"description\":\"\\u62e8\\u6253\\u7535\\u8bdd(+34)981506409\\u6216\\u53d1\\u9001\\u7535\\u5b50\\u90ae\\u4ef6\\u81f3info@galacte um.com\\u4e0e\\u6211\\u4eec\\u8054\\u7cfb\\u3002\\u6211\\u4eec\\u7684\\u5730\\u5740\\u4e3a:Parque Empresarial A Madanela P 44-48, 15800 A Coru\\u00f1a(\\u62c9\\u79d1\\u9c81\\u5c3c\\u4e9a\\u5e02), Espa\\u00f1a(\\u897f\\u73ed\\u7259)\",\"inLanguage\":\"zh-CN\",\"potentialAction\":[{\"@type\":\"ReadAction\",\"target\":[\"https:\/\/www.galacteum.com\/zh-hans\/%e8%81%94%e7%b3%bb%e6%88%91%e4%bb%ac\/\"]}]}]}<\/script>\n<!-- \/ Yoast SEO plugin. -->","_links":{"self":[{"href":"https:\/\/www.galacteum.com\/zh-hans\/wp-json\/wp\/v2\/pages\/1070"}],"collection":[{"href":"https:\/\/www.galacteum.com\/zh-hans\/wp-json\/wp\/v2\/pages"}],"about":[{"href":"https:\/\/www.galacteum.com\/zh-hans\/wp-json\/wp\/v2\/types\/page"}],"author":[{"embeddable":true,"href":"https:\/\/www.galacteum.com\/zh-hans\/wp-json\/wp\/v2\/users\/1"}],"replies":[{"embeddable":true,"href":"https:\/\/www.galacteum.com\/zh-hans\/wp-json\/wp\/v2\/comments?post=1070"}],"version-history":[{"count":2,"href":"https:\/\/www.galacteum.com\/zh-hans\/wp-json\/wp\/v2\/pages\/1070\/revisions"}],"predecessor-version":[{"id":1720,"href":"https:\/\/www.galacteum.com\/zh-hans\/wp-json\/wp\/v2\/pages\/1070\/revisions\/1720"}],"wp:attachment":[{"href":"https:\/\/www.galacteum.com\/zh-hans\/wp-json\/wp\/v2\/media?parent=1070"}],"curies":[{"name":"wp","href":"https:\/\/api.w.org\/{rel}","templated":true}]}}