{"id":767,"date":"2019-08-30T13:59:43","date_gmt":"2019-08-30T11:59:43","guid":{"rendered":"https:\/\/www.galacteum.com\/politica-de-cookies\/"},"modified":"2020-04-29T17:07:25","modified_gmt":"2020-04-29T15:07:25","slug":"politica-de-cookies","status":"publish","type":"page","link":"https:\/\/www.galacteum.com\/gl\/politica-de-cookies\/","title":{"rendered":"Pol\u00edtica de cookies"},"content":{"rendered":"<p>[vc_row foundry_background_style=&#8221;bg-dark&#8221;][vc_column width=&#8221;2\/3&#8243; offset=&#8221;vc_col-lg-offset-2 vc_col-md-offset-2 vc_col-xs-12&#8243;][vc_empty_space height=&#8221;80px&#8221; el_class=&#8221;visible-xs visible-sm&#8221;][vc_column_text css_animation=&#8221;fadeIn&#8221;]<\/p>\n<h1>Pol\u00edtica de cookies<\/h1>\n<p>[\/vc_column_text][\/vc_column][\/vc_row][vc_row full_width=&#8221;stretch_row&#8221; foundry_padding=&#8221;pt0 pb0&#8243; el_class=&#8221;post-header&#8221;][vc_column][vc_raw_html]JTNDaW1nJTIwY2xhc3MlM0QlMjJvbmRhLWdpcm8lMjBoaWRkZW4teHMlMjBoaWRkZW4tc20lMjIlMjBzcmMlM0QlMjIlMkZ3cC1jb250ZW50JTJGdXBsb2FkcyUyRjIwMTklMkYwOCUyRkdBTEFDVEVVTS1vbmRhLXByZWZmb3Rlci5zdmclMjIlM0UlMEElM0NpbWclMjBjbGFzcyUzRCUyMm9uZGEtZ2lybyUyMHZpc2libGUteHMlMjB2aXNpYmxlLXNtJTIyJTIwc3JjJTNEJTIyJTJGd3AtY29udGVudCUyRnVwbG9hZHMlMkYyMDE5JTJGMDglMkZHQUxBQ1RFVU0tb25kYS1wcmVmZm90ZXItTVYuc3ZnJTIyJTNF[\/vc_raw_html][\/vc_column][\/vc_row][vc_row][vc_column el_class=&#8221;list-stars&#8221;][vc_column_text]<\/p>\n<h3><strong>\u00bfQu\u00e9 son as cookies?<\/strong><\/h3>\n<p>As cookies son arquivos almacenados polas p\u00e1xinas web nos navegadores do usuario, as cales conte\u00f1en datos de sesi\u00f3n que poden ser de utilidade m\u00e1is adiante na mesma p\u00e1xina web. Estes datos, que se gardan nas cookies, permiten manter a informaci\u00f3n de navegaci\u00f3n entre as diferentes p\u00e1xinas do sitio web, \u00e1 vez que analizan a forma de interactuar con este, de forma que pode identificarse unha preferencia de usuario.<\/p>\n<h3><strong>Descrici\u00f3n das cookies<\/strong><\/h3>\n<p><strong>Cookies t\u00e9cnicas<\/strong>: Son aquelas que permiten ao usuario a navegaci\u00f3n a trav\u00e9s dunha p\u00e1xina web, plataforma ou aplicaci\u00f3n e a utilizaci\u00f3n das diferentes opci\u00f3ns ou servizos que nela existan como, por exemplo, controlar o tr\u00e1fico e a comunicaci\u00f3n de datos, identificar a sesi\u00f3n, acceder a partes de acceso restrinxido, lembrar os elementos que integran un pedido, realizar o proceso de compra dun pedido, utilizar elementos de seguridade durante a navegaci\u00f3n ou compartir contidos a trav\u00e9s de redes sociais.<\/p>\n<p><strong>Cookies de personalizaci\u00f3n<\/strong>: Son aquelas que permiten ao usuario acceder ao servizo con algunhas caracter\u00edsticas de car\u00e1cter xeral predefinidas en funci\u00f3n dunha serie de criterios no terminal do usuario por exemplo serian o idioma, o tipo de navegador a trav\u00e9s do cal accede ao servizo, a configuraci\u00f3n rexional desde onde accede ao servizo, etc.<\/p>\n<p><strong>Cookies de sesi\u00f3n<\/strong>: Son cookies temporais que permanecen no arquivo de cookies do navegador ata que se abandona a p\u00e1xina web. Ad\u00f3itase empregar para analizar pautas de tr\u00e1fico na web. A longo prazo, isto permite proporcionar unha mellor experiencia para mellorar o contido e facilitar o seu uso.<\/p>\n<p><strong>Cookies de an\u00e1lisis<\/strong>: Son aquelas que ben tratadas por n\u00f3s ou por terceiros, perm\u00edtennos cuantificar o n\u00famero de usuarios e as\u00ed realizar a medici\u00f3n e an\u00e1lise estat\u00edstico da utilizaci\u00f3n que fan os usuarios do servizo ofertado. Para iso anal\u00edzase a s\u00faa navegaci\u00f3n na nosa p\u00e1xina web co fin de mellorar a oferta de produtos ou servizos que lle ofrecemos. <strong>\u00a0<\/strong><\/p>\n<h3>Cookies utilizadas nesta p\u00e1xina<\/h3>\n<ul>\n<li>_ga: cookie de terceiros e cookie de an\u00e1lise para rexistrar a identificaci\u00f3n do usuario. <strong>Caducidade<\/strong>: 2 anos.<\/li>\n<li>_gat_gtag_UA_164821279_1: cookie de terceiros e sesi\u00f3n para distinguir aos usuarios e limitar a porcentaxe de solicitudes. <strong>Caducidade<\/strong>: 1 d\u00eda.<\/li>\n<li>_gid: cookie de terceiros e cookie de an\u00e1lise para rexistrar o ID de usuario. <strong>Caducidade<\/strong>: 24 horas.<\/li>\n<li>NID: cookie de terceiros empregada polas aplicaci\u00f3ns de Google para almacenar a informaci\u00f3n preferida polo usuario. <strong>Caducidade<\/strong>: 6 meses.<\/li>\n<\/ul>\n<h3><strong>\u00bfC\u00f3mo desactivar as cookies? <\/strong><\/h3>\n<ul>\n<li><a href=\"https:\/\/support.microsoft.com\/es-es\/kb\/278835\"><strong>Internet Explorer<\/strong><\/a><\/li>\n<li><a href=\"https:\/\/support.mozilla.org\/es\/kb\/habilitar-y-deshabilitar-cookies-sitios-web-rastrear-preferencias\"><strong>Mozilla Firefox<\/strong><\/a><\/li>\n<li><a href=\"http:\/\/support.google.com\/chrome\/answer\/95647?hl=es\"><strong>Google Chrome<\/strong><\/a><\/li>\n<li><a href=\"https:\/\/support.apple.com\/es-es\/guide\/safari\/sfri11471\/mac\"><strong>Safari<\/strong><\/a><\/li>\n<li><a href=\"https:\/\/www.opera.com\/help\/tutorials\/security\/privacy\/\"><strong>Opera<\/strong><\/a><\/li>\n<\/ul>\n<p>[\/vc_column_text][\/vc_column][\/vc_row]<\/p>\n","protected":false},"excerpt":{"rendered":"<p>[vc_row foundry_background_style=&#8221;bg-dark&#8221;][vc_column width=&#8221;2\/3&#8243; offset=&#8221;vc_col-lg-offset-2 vc_col-md-offset-2 vc_col-xs-12&#8243;][vc_empty_space height=&#8221;80px&#8221; el_class=&#8221;visible-xs visible-sm&#8221;][vc_column_text css_animation=&#8221;fadeIn&#8221;] Pol\u00edtica de cookies [\/vc_column_text][\/vc_column][\/vc_row][vc_row full_width=&#8221;stretch_row&#8221; foundry_padding=&#8221;pt0 pb0&#8243; el_class=&#8221;post-header&#8221;][vc_column][vc_raw_html]JTNDaW1nJTIwY2xhc3MlM0QlMjJvbmRhLWdpcm8lMjBoaWRkZW4teHMlMjBoaWRkZW4tc20lMjIlMjBzcmMlM0QlMjIlMkZ3cC1jb250ZW50JTJGdXBsb2FkcyUyRjIwMTklMkYwOCUyRkdBTEFDVEVVTS1vbmRhLXByZWZmb3Rlci5zdmclMjIlM0UlMEElM0NpbWclMjBjbGFzcyUzRCUyMm9uZGEtZ2lybyUyMHZpc2libGUteHMlMjB2aXNpYmxlLXNtJTIyJTIwc3JjJTNEJTIyJTJGd3AtY29udGVudCUyRnVwbG9hZHMlMkYyMDE5JTJGMDglMkZHQUxBQ1RFVU0tb25kYS1wcmVmZm90ZXItTVYuc3ZnJTIyJTNF[\/vc_raw_html][\/vc_column][\/vc_row][vc_row][vc_column el_class=&#8221;list-stars&#8221;][vc_column_text] \u00bfQu\u00e9 son&#8230;<\/p>\n","protected":false},"author":1,"featured_media":0,"parent":0,"menu_order":0,"comment_status":"closed","ping_status":"closed","template":"","meta":[],"yoast_head":"<!-- This site is optimized with the Yoast SEO plugin v15.3 - https:\/\/yoast.com\/wordpress\/plugins\/seo\/ -->\n<title>Pol\u00edtica de cookies | GALACTEUM<\/title>\n<meta name=\"description\" content=\"Aqu\u00ed podr\u00e1s consultar las cookies tanto propias y de terceros empleadas en nuestra web y su finalidad.\" \/>\n<meta name=\"robots\" content=\"noindex, nofollow\" \/>\n<meta property=\"og:locale\" content=\"gl_ES\" \/>\n<meta property=\"og:type\" content=\"article\" \/>\n<meta property=\"og:title\" content=\"Pol\u00edtica de cookies | GALACTEUM\" \/>\n<meta property=\"og:description\" content=\"Aqu\u00ed podr\u00e1s consultar las cookies tanto propias y de terceros empleadas en nuestra web y su finalidad.\" \/>\n<meta property=\"og:url\" content=\"https:\/\/www.galacteum.com\/gl\/politica-de-cookies\/\" \/>\n<meta property=\"og:site_name\" content=\"GALACTEUM\" \/>\n<meta property=\"article:modified_time\" content=\"2020-04-29T15:07:25+00:00\" \/>\n<meta name=\"twitter:card\" content=\"summary_large_image\" \/>\n<meta name=\"twitter:label1\" content=\"Escrito por\">\n\t<meta name=\"twitter:data1\" content=\"galawp\">\n\t<meta name=\"twitter:label2\" content=\"Tempo de lectura\">\n\t<meta name=\"twitter:data2\" content=\"2 minutos\">\n<script type=\"application\/ld+json\" class=\"yoast-schema-graph\">{\"@context\":\"https:\/\/schema.org\",\"@graph\":[{\"@type\":\"Organization\",\"@id\":\"https:\/\/www.galacteum.com\/#organization\",\"name\":\"GALACTEUM\",\"url\":\"https:\/\/www.galacteum.com\/\",\"sameAs\":[\"https:\/\/www.linkedin.com\/company\/galacteum\/\"],\"logo\":{\"@type\":\"ImageObject\",\"@id\":\"https:\/\/www.galacteum.com\/#logo\",\"inLanguage\":\"gl-ES\",\"url\":\"https:\/\/www.galacteum.com\/wp-content\/uploads\/2020\/04\/galacteum-seo-tw.png\",\"width\":1025,\"height\":520,\"caption\":\"GALACTEUM\"},\"image\":{\"@id\":\"https:\/\/www.galacteum.com\/#logo\"}},{\"@type\":\"WebSite\",\"@id\":\"https:\/\/www.galacteum.com\/#website\",\"url\":\"https:\/\/www.galacteum.com\/\",\"name\":\"GALACTEUM\",\"description\":\"rediscovering the milky way\",\"publisher\":{\"@id\":\"https:\/\/www.galacteum.com\/#organization\"},\"potentialAction\":[{\"@type\":\"SearchAction\",\"target\":\"https:\/\/www.galacteum.com\/?s={search_term_string}\",\"query-input\":\"required name=search_term_string\"}],\"inLanguage\":\"gl-ES\"},{\"@type\":\"WebPage\",\"@id\":\"https:\/\/www.galacteum.com\/gl\/politica-de-cookies\/#webpage\",\"url\":\"https:\/\/www.galacteum.com\/gl\/politica-de-cookies\/\",\"name\":\"Pol\\u00edtica de cookies | GALACTEUM\",\"isPartOf\":{\"@id\":\"https:\/\/www.galacteum.com\/#website\"},\"datePublished\":\"2019-08-30T11:59:43+00:00\",\"dateModified\":\"2020-04-29T15:07:25+00:00\",\"description\":\"Aqu\\u00ed podr\\u00e1s consultar las cookies tanto propias y de terceros empleadas en nuestra web y su finalidad.\",\"inLanguage\":\"gl-ES\",\"potentialAction\":[{\"@type\":\"ReadAction\",\"target\":[\"https:\/\/www.galacteum.com\/gl\/politica-de-cookies\/\"]}]}]}<\/script>\n<!-- \/ Yoast SEO plugin. -->","_links":{"self":[{"href":"https:\/\/www.galacteum.com\/gl\/wp-json\/wp\/v2\/pages\/767"}],"collection":[{"href":"https:\/\/www.galacteum.com\/gl\/wp-json\/wp\/v2\/pages"}],"about":[{"href":"https:\/\/www.galacteum.com\/gl\/wp-json\/wp\/v2\/types\/page"}],"author":[{"embeddable":true,"href":"https:\/\/www.galacteum.com\/gl\/wp-json\/wp\/v2\/users\/1"}],"replies":[{"embeddable":true,"href":"https:\/\/www.galacteum.com\/gl\/wp-json\/wp\/v2\/comments?post=767"}],"version-history":[{"count":0,"href":"https:\/\/www.galacteum.com\/gl\/wp-json\/wp\/v2\/pages\/767\/revisions"}],"wp:attachment":[{"href":"https:\/\/www.galacteum.com\/gl\/wp-json\/wp\/v2\/media?parent=767"}],"curies":[{"name":"wp","href":"https:\/\/api.w.org\/{rel}","templated":true}]}}