{"id":761,"date":"2019-08-30T14:00:03","date_gmt":"2019-08-30T12:00:03","guid":{"rendered":"https:\/\/www.galacteum.com\/politica-de-privacidad\/"},"modified":"2024-02-15T19:22:39","modified_gmt":"2024-02-15T18:22:39","slug":"politica-de-privacidade","status":"publish","type":"page","link":"https:\/\/www.galacteum.com\/gl\/politica-de-privacidade\/","title":{"rendered":"Pol\u00edtica de privacidade"},"content":{"rendered":"<p>[vc_row foundry_background_style=&#8221;bg-dark&#8221;][vc_column width=&#8221;2\/3&#8243; offset=&#8221;vc_col-lg-offset-2 vc_col-md-offset-2 vc_col-xs-12&#8243;][vc_empty_space height=&#8221;80px&#8221; el_class=&#8221;visible-xs visible-sm&#8221;][vc_column_text css_animation=&#8221;fadeIn&#8221;]<\/p>\n<h1>Pol\u00edtica de privacidade<\/h1>\n<p>[\/vc_column_text][\/vc_column][\/vc_row][vc_row full_width=&#8221;stretch_row&#8221; foundry_padding=&#8221;pt0 pb0&#8243; el_class=&#8221;post-header&#8221;][vc_column][vc_raw_html]JTNDaW1nJTIwY2xhc3MlM0QlMjJvbmRhLWdpcm8lMjBoaWRkZW4teHMlMjBoaWRkZW4tc20lMjIlMjBzcmMlM0QlMjIlMkZ3cC1jb250ZW50JTJGdXBsb2FkcyUyRjIwMTklMkYwOCUyRkdBTEFDVEVVTS1vbmRhLXByZWZmb3Rlci5zdmclMjIlM0UlMEElM0NpbWclMjBjbGFzcyUzRCUyMm9uZGEtZ2lybyUyMHZpc2libGUteHMlMjB2aXNpYmxlLXNtJTIyJTIwc3JjJTNEJTIyJTJGd3AtY29udGVudCUyRnVwbG9hZHMlMkYyMDE5JTJGMDglMkZHQUxBQ1RFVU0tb25kYS1wcmVmZm90ZXItTVYuc3ZnJTIyJTNF[\/vc_raw_html][\/vc_column][\/vc_row][vc_row][vc_column][vc_column_text]A trav\u00e9s desta p\u00e1xina web non se solicitan datos de car\u00e1cter persoal dos usuarios sen o seu co\u00f1ecemento, nin se ceden a terceiros.<\/p>\n<p>A p\u00e1xina web <a href=\"https:\/\/www.galacteum.com\/gl\">GALACTEUM<\/a> pode conter ligaz\u00f3ns a sitios web de terceiros, cuxas pol\u00edticas de privacidade son alleas \u00e1 de GALACTEUM. Ao acceder a tales p\u00e1xinas web, o usuario pode decidir se aceptar as s\u00faas pol\u00edticas de privacidade e de cookies. Con car\u00e1cter xeral, se navega por internet vostede pode aceptar ou rexeitar as cookies de terceiros desde as opci\u00f3ns de configuraci\u00f3n do seu navegador.<\/p>\n<p>A continuaci\u00f3n, indic\u00e1moslle a informaci\u00f3n b\u00e1sica:<\/p>\n<h3><strong>Responsable do tratamento<\/strong><\/h3>\n<p>Os datos de car\u00e1cter persoal que se puidesen solicitar directamente do usuario ser\u00e1n tratados de forma confidencial e quedar\u00e1n incorporados \u00e1 correspondente actividade de tratamento titularidade de GALACTEUM.<\/p>\n<h3><strong>Finalidade do tratamento<\/strong><\/h3>\n<p>A finalidade do sitio web \u00e9 a de informar dos produtos e servizos relacionados coa s\u00faa actividade empresarial. O usuario consente expresamente que os seus datos persoais sexan tratados para a remisi\u00f3n de informaci\u00f3n de car\u00e1cter comercial por v\u00eda electr\u00f3nica (Por exemplo: correo electr\u00f3nico, redes sociais\u2026 etc.).<\/p>\n<h3><strong>Lexitimaci\u00f3n do tratamento<\/strong><\/h3>\n<p>O tratamento dos seus datos real\u00edzase para o cumprimento da relaci\u00f3n contractual entre o usuario rexistrado e o titular desta p\u00e1xina web, as\u00ed como cando a finalidade do tratamento requira o seu consentimento, para o que se habilitaron os correspondentes formularios, que haber\u00e1 de ser prestado mediante unha clara acci\u00f3n afirmativa (Por exemplo, mediante a aceptaci\u00f3n da cadro correspondente \u00e1 pol\u00edtica de privacidade).<\/p>\n<h3><strong>Conservaci\u00f3n de datos<\/strong><\/h3>\n<p>Os datos persoais proporcionados polos usuarios, xa sexa a trav\u00e9s dos formularios de contacto ou a trav\u00e9s do rexistro de usuarios na p\u00e1xina web, conservaranse durante o tempo necesario para cumprir coa finalidade para a que se solicitan e para determinar as posibles responsabilidades que se puidesen derivar da finalidade, ademais dos per\u00edodos establecidos na normativa de arquivos e documentaci\u00f3n.<\/p>\n<h3><strong>Comunicaci\u00f3n de datos<\/strong><\/h3>\n<p>Con car\u00e1cter xeral non se comunicar\u00e1n os datos persoais a terceiros, salvo obrigaci\u00f3n legal.<\/p>\n<h3><strong>Destinatarios<\/strong><\/h3>\n<p>Non se realizan cesi\u00f3ns, salvo as que por obrigaci\u00f3n legal sexa necesario realizar a organismos p\u00fablicos como a Axencia Tributaria, autoridades p\u00fablicas ou terceros encargados de intervir na prestaci\u00f3n do servizo.<br \/>\nAdem\u00e1is comunicaranse os seus datos \u00f3s seguintes encargados de tratamento:<\/p>\n<ul>\n<li><em>Google Inc. Esta compa\u00f1\u00eda est\u00e1 certificada no Privacy Shield.<\/em><\/li>\n<\/ul>\n<h3><strong>Tratamento de datos de menores<\/strong><\/h3>\n<p>As persoas maiores de 16 anos poder\u00e1n prestar validamente o seu consentimento para o tratamento dos seus datos persoais a trav\u00e9s desta p\u00e1xina web.<\/p>\n<p>O tratamento de datos de persoas menores de 16 anos necesitar\u00e1 o consentimento dos seus pais ou titores legais, cuesti\u00f3n que haber\u00e1 de manifestarse nos formularios de contacto.<\/p>\n<h3><strong>Dereitos dos interesados<\/strong><\/h3>\n<p>Pode exercer os seus dereitos de acceso, rectificaci\u00f3n, supresi\u00f3n, oposici\u00f3n e limitaci\u00f3n do tratamento e portabilidade dos seus datos, as\u00ed como a non ser obxecto de decisi\u00f3ns baseadas unicamente no tratamento automatizado dos seus datos, cando procedan, ante a Axencia Espa\u00f1ola de Protecci\u00f3n de Datos, P.E. A Madanela, parcelas 44 a 48. 15800 Melide, A Coru\u00f1a, Espa\u00f1a ou na direcci\u00f3n de correo electr\u00f3nico <a href=\"mailto:info.melide@aira.es\">info.melide@aira.es<\/a>[\/vc_column_text][\/vc_column][\/vc_row]<\/p>\n","protected":false},"excerpt":{"rendered":"<p>[vc_row foundry_background_style=&#8221;bg-dark&#8221;][vc_column width=&#8221;2\/3&#8243; offset=&#8221;vc_col-lg-offset-2 vc_col-md-offset-2 vc_col-xs-12&#8243;][vc_empty_space height=&#8221;80px&#8221; el_class=&#8221;visible-xs visible-sm&#8221;][vc_column_text css_animation=&#8221;fadeIn&#8221;] Pol\u00edtica de privacidade [\/vc_column_text][\/vc_column][\/vc_row][vc_row full_width=&#8221;stretch_row&#8221; foundry_padding=&#8221;pt0 pb0&#8243; el_class=&#8221;post-header&#8221;][vc_column][vc_raw_html]JTNDaW1nJTIwY2xhc3MlM0QlMjJvbmRhLWdpcm8lMjBoaWRkZW4teHMlMjBoaWRkZW4tc20lMjIlMjBzcmMlM0QlMjIlMkZ3cC1jb250ZW50JTJGdXBsb2FkcyUyRjIwMTklMkYwOCUyRkdBTEFDVEVVTS1vbmRhLXByZWZmb3Rlci5zdmclMjIlM0UlMEElM0NpbWclMjBjbGFzcyUzRCUyMm9uZGEtZ2lybyUyMHZpc2libGUteHMlMjB2aXNpYmxlLXNtJTIyJTIwc3JjJTNEJTIyJTJGd3AtY29udGVudCUyRnVwbG9hZHMlMkYyMDE5JTJGMDglMkZHQUxBQ1RFVU0tb25kYS1wcmVmZm90ZXItTVYuc3ZnJTIyJTNF[\/vc_raw_html][\/vc_column][\/vc_row][vc_row][vc_column][vc_column_text]A trav\u00e9s desta p\u00e1xina&#8230;<\/p>\n","protected":false},"author":1,"featured_media":0,"parent":0,"menu_order":0,"comment_status":"closed","ping_status":"closed","template":"","meta":[],"yoast_head":"<!-- This site is optimized with the Yoast SEO plugin v15.3 - https:\/\/yoast.com\/wordpress\/plugins\/seo\/ -->\n<title>Pol\u00edtica de privacidade | GALACTEUM<\/title>\n<meta name=\"description\" content=\"A trav\u00e9s de GALACTEUM no se recaban datos de car\u00e1cter personal de los usuarios sin su conocimiento, ni se ceden a terceros.\" \/>\n<meta name=\"robots\" content=\"noindex, nofollow\" \/>\n<meta property=\"og:locale\" content=\"gl_ES\" \/>\n<meta property=\"og:type\" content=\"article\" \/>\n<meta property=\"og:title\" content=\"Pol\u00edtica de privacidade | GALACTEUM\" \/>\n<meta property=\"og:description\" content=\"A trav\u00e9s de GALACTEUM no se recaban datos de car\u00e1cter personal de los usuarios sin su conocimiento, ni se ceden a terceros.\" \/>\n<meta property=\"og:url\" content=\"https:\/\/www.galacteum.com\/gl\/politica-de-privacidade\/\" \/>\n<meta property=\"og:site_name\" content=\"GALACTEUM\" \/>\n<meta property=\"article:modified_time\" content=\"2024-02-15T18:22:39+00:00\" \/>\n<meta name=\"twitter:card\" content=\"summary_large_image\" \/>\n<meta name=\"twitter:label1\" content=\"Escrito por\">\n\t<meta name=\"twitter:data1\" content=\"galawp\">\n\t<meta name=\"twitter:label2\" content=\"Tempo de lectura\">\n\t<meta name=\"twitter:data2\" content=\"3 minutos\">\n<script type=\"application\/ld+json\" class=\"yoast-schema-graph\">{\"@context\":\"https:\/\/schema.org\",\"@graph\":[{\"@type\":\"Organization\",\"@id\":\"https:\/\/www.galacteum.com\/#organization\",\"name\":\"GALACTEUM\",\"url\":\"https:\/\/www.galacteum.com\/\",\"sameAs\":[\"https:\/\/www.linkedin.com\/company\/galacteum\/\"],\"logo\":{\"@type\":\"ImageObject\",\"@id\":\"https:\/\/www.galacteum.com\/#logo\",\"inLanguage\":\"gl-ES\",\"url\":\"https:\/\/www.galacteum.com\/wp-content\/uploads\/2020\/04\/galacteum-seo-tw.png\",\"width\":1025,\"height\":520,\"caption\":\"GALACTEUM\"},\"image\":{\"@id\":\"https:\/\/www.galacteum.com\/#logo\"}},{\"@type\":\"WebSite\",\"@id\":\"https:\/\/www.galacteum.com\/#website\",\"url\":\"https:\/\/www.galacteum.com\/\",\"name\":\"GALACTEUM\",\"description\":\"rediscovering the milky way\",\"publisher\":{\"@id\":\"https:\/\/www.galacteum.com\/#organization\"},\"potentialAction\":[{\"@type\":\"SearchAction\",\"target\":\"https:\/\/www.galacteum.com\/?s={search_term_string}\",\"query-input\":\"required name=search_term_string\"}],\"inLanguage\":\"gl-ES\"},{\"@type\":\"WebPage\",\"@id\":\"https:\/\/www.galacteum.com\/gl\/politica-de-privacidade\/#webpage\",\"url\":\"https:\/\/www.galacteum.com\/gl\/politica-de-privacidade\/\",\"name\":\"Pol\\u00edtica de privacidade | GALACTEUM\",\"isPartOf\":{\"@id\":\"https:\/\/www.galacteum.com\/#website\"},\"datePublished\":\"2019-08-30T12:00:03+00:00\",\"dateModified\":\"2024-02-15T18:22:39+00:00\",\"description\":\"A trav\\u00e9s de GALACTEUM no se recaban datos de car\\u00e1cter personal de los usuarios sin su conocimiento, ni se ceden a terceros.\",\"inLanguage\":\"gl-ES\",\"potentialAction\":[{\"@type\":\"ReadAction\",\"target\":[\"https:\/\/www.galacteum.com\/gl\/politica-de-privacidade\/\"]}]}]}<\/script>\n<!-- \/ Yoast SEO plugin. -->","_links":{"self":[{"href":"https:\/\/www.galacteum.com\/gl\/wp-json\/wp\/v2\/pages\/761"}],"collection":[{"href":"https:\/\/www.galacteum.com\/gl\/wp-json\/wp\/v2\/pages"}],"about":[{"href":"https:\/\/www.galacteum.com\/gl\/wp-json\/wp\/v2\/types\/page"}],"author":[{"embeddable":true,"href":"https:\/\/www.galacteum.com\/gl\/wp-json\/wp\/v2\/users\/1"}],"replies":[{"embeddable":true,"href":"https:\/\/www.galacteum.com\/gl\/wp-json\/wp\/v2\/comments?post=761"}],"version-history":[{"count":2,"href":"https:\/\/www.galacteum.com\/gl\/wp-json\/wp\/v2\/pages\/761\/revisions"}],"predecessor-version":[{"id":1727,"href":"https:\/\/www.galacteum.com\/gl\/wp-json\/wp\/v2\/pages\/761\/revisions\/1727"}],"wp:attachment":[{"href":"https:\/\/www.galacteum.com\/gl\/wp-json\/wp\/v2\/media?parent=761"}],"curies":[{"name":"wp","href":"https:\/\/api.w.org\/{rel}","templated":true}]}}