{"id":748,"date":"2019-08-26T18:09:53","date_gmt":"2019-08-26T16:09:53","guid":{"rendered":"https:\/\/www.galacteum.com\/soluciones-industriales\/"},"modified":"2022-11-03T11:31:14","modified_gmt":"2022-11-03T10:31:14","slug":"solucions-industriais","status":"publish","type":"page","link":"https:\/\/www.galacteum.com\/gl\/solucions-industriais\/","title":{"rendered":"Soluci\u00f3ns industriais"},"content":{"rendered":"<p>[vc_row foundry_background_style=&#8221;bg-dark&#8221;][vc_column width=&#8221;2\/3&#8243; offset=&#8221;vc_col-lg-offset-2 vc_col-md-offset-2 vc_col-xs-12&#8243;][vc_empty_space height=&#8221;80px&#8221; el_class=&#8221;visible-xs visible-sm&#8221;][vc_column_text css_animation=&#8221;fadeIn&#8221;]<\/p>\n<h1>O centro do universo GALACTEUM<\/h1>\n<p>[\/vc_column_text][vc_column_text css_animation=&#8221;fadeInUp&#8221;]Contamos cunhas instalaci\u00f3ns de produci\u00f3n coas m\u00e1ximas garant\u00edas de calidade e seguridade alimentaria.[\/vc_column_text][\/vc_column][\/vc_row][vc_row full_width=&#8221;stretch_row&#8221; foundry_padding=&#8221;pt0 pb0&#8243; el_class=&#8221;post-header&#8221;][vc_column][vc_raw_html]JTNDaW1nJTIwY2xhc3MlM0QlMjJvbmRhLWdpcm8lMjBoaWRkZW4teHMlMjBoaWRkZW4tc20lMjIlMjBzcmMlM0QlMjIlMkZ3cC1jb250ZW50JTJGdXBsb2FkcyUyRjIwMTklMkYwOCUyRkdBTEFDVEVVTS1vbmRhLXByZWZmb3Rlci5zdmclMjIlM0UlMEElM0NpbWclMjBjbGFzcyUzRCUyMm9uZGEtZ2lybyUyMHZpc2libGUteHMlMjB2aXNpYmxlLXNtJTIyJTIwc3JjJTNEJTIyJTJGd3AtY29udGVudCUyRnVwbG9hZHMlMkYyMDE5JTJGMDglMkZHQUxBQ1RFVU0tb25kYS1wcmVmZm90ZXItTVYuc3ZnJTIyJTNF[\/vc_raw_html][\/vc_column][\/vc_row][vc_row equal_height=&#8221;yes&#8221; foundry_padding=&#8221;pt0&#8243;][vc_column][vc_column_text]<\/p>\n<h2>Explora as nosas instalaci\u00f3ns<\/h2>\n<p>[\/vc_column_text][\/vc_column][vc_column css_animation=&#8221;slideInDown&#8221; width=&#8221;1\/3&#8243; el_class=&#8221;columna columna-soluciones list-stars&#8221;][vc_single_image image=&#8221;185&#8243; img_size=&#8221;&#8221; alignment=&#8221;center&#8221; css_animation=&#8221;fadeInUp&#8221; el_class=&#8221;ico&#8221;][vc_column_text css_animation=&#8221;fadeIn&#8221;]<\/p>\n<h3>Planta de transformaci\u00f3n de leite e soro<\/h3>\n<p><strong>Produtos:<\/strong><\/p>\n<ul>\n<li><a href=\"https:\/\/www.galacteum.com\/gl\/productos-lacteos\/leite-surtido-de-produtos\/\" target=\"_blank\" rel=\"noopener noreferrer\">Leite enteiro\/semi\/desnatado<\/a>, leite termizado, <a href=\"https:\/\/www.galacteum.com\/gl\/productos-lacteos\/leite-concentrado\/\" target=\"_blank\" rel=\"noopener noreferrer\">leite concentrado<\/a><\/li>\n<li><a href=\"https:\/\/www.galacteum.com\/gl\/productos-lacteos\/soro-de-leite-en-po-doce-swp\/\" target=\"_blank\" rel=\"noopener noreferrer\">Soro concentrado<\/a><\/li>\n<li>Produtos personalizados<\/li>\n<\/ul>\n<p>[\/vc_column_text][\/vc_column][vc_column css_animation=&#8221;slideInDown&#8221; width=&#8221;1\/3&#8243; el_class=&#8221;columna columna-soluciones list-stars&#8221;][vc_single_image image=&#8221;186&#8243; img_size=&#8221;&#8221; alignment=&#8221;center&#8221; css_animation=&#8221;fadeInUp&#8221; el_class=&#8221;ico&#8221;][vc_column_text css_animation=&#8221;fadeIn&#8221;]<\/p>\n<h3>Torre de secado e planta de desmineralizaci\u00f3n<\/h3>\n<p><strong>Produtos:<\/strong><\/p>\n<ul>\n<li><a href=\"https:\/\/www.galacteum.com\/gl\/productos-lacteos\/soro-en-po-desmineralizado\/\" target=\"_blank\" rel=\"noopener noreferrer\">Soro desmineralizado en po D90, D70, D50, D40<\/a><\/li>\n<li><a href=\"https:\/\/www.galacteum.com\/gl\/productos-lacteos\/leite-en-po-1-smp1\/\" target=\"_blank\" rel=\"noopener noreferrer\">Leite en po desnatado 1%<\/a><\/li>\n<li>Produtos personalizados<\/li>\n<\/ul>\n<p>[\/vc_column_text][\/vc_column][vc_column css_animation=&#8221;slideInDown&#8221; width=&#8221;1\/3&#8243; el_class=&#8221;columna columna-soluciones list-stars&#8221;][vc_single_image image=&#8221;187&#8243; img_size=&#8221;&#8221; alignment=&#8221;center&#8221; css_animation=&#8221;fadeInUp&#8221; el_class=&#8221;ico&#8221;][vc_column_text css_animation=&#8221;fadeIn&#8221;]<\/p>\n<h3>Planta de envasados<\/h3>\n<p><strong>Produtos:<\/strong><\/p>\n<ul>\n<li><a href=\"https:\/\/www.galacteum.com\/gl\/productos-lacteos\/leite-surtido-de-produtos\/\" target=\"_blank\" rel=\"noopener noreferrer\">Leite pasteurizado enteiro\/semi\/desnatado\/sen lactosa<\/a><\/li>\n<li><a href=\"https:\/\/www.galacteum.com\/gl\/productos-lacteos\/crema-pasteurizada\/\" target=\"_blank\" rel=\"noopener noreferrer\">Nata pasteurizada 35%, 38%<\/a><\/li>\n<li><a href=\"https:\/\/www.galacteum.com\/gl\/productos-lacteos\/manteiga-clarificada\/\" target=\"_blank\" rel=\"noopener noreferrer\">Manteiga clarificada<\/a><\/li>\n<li>Produtos personalizados<\/li>\n<\/ul>\n<p>[\/vc_column_text][\/vc_column][vc_column width=&#8221;1\/3&#8243; el_class=&#8221;columna-click&#8221;][vc_raw_html]JTNDYSUyMGNsYXNzJTNEJTIyYnRuLW1vZGFsJTIyJTIwaHJlZiUzRCUyMiUyMyUyMiUyMG1vZGFsLWxpbmslM0QlMjIyMDAwJTIyJTNFJTBBJTA5JTNDZGl2JTIwY2xhc3MlM0QlMjJ3cGJfc2luZ2xlX2ltYWdlJTIwd3BiX2NvbnRlbnRfZWxlbWVudCUyMHZjX2FsaWduX2NlbnRlciUyMCUyMHdwYl9hbmltYXRlX3doZW5fYWxtb3N0X3Zpc2libGUlMjB3cGJfZmFkZUluVXAlMjBmYWRlSW5VcCUyMCUyMGljbyUyMHdwYl9zdGFydF9hbmltYXRpb24lMjBhbmltYXRlZCUyMiUzRSUwQSUwOSUwOSUzQ2ZpZ3VyZSUyMGNsYXNzJTNEJTIyd3BiX3dyYXBwZXIlMjB2Y19maWd1cmUlMjIlM0UlMEElMDklMDklMDklM0NkaXYlMjBjbGFzcyUzRCUyMnZjX3NpbmdsZV9pbWFnZS13cmFwcGVyJTIwdmNfYm94X2JvcmRlcl9ncmV5JTIyJTNFJTBBJTA5JTA5JTA5JTA5JTNDaW1nJTIwc3JjJTNEJTIyJTJGd3AtY29udGVudCUyRnVwbG9hZHMlMkYyMDIwJTJGMDMlMkZldmFwb3JhZG9yLnN2ZyUyMiUyMGNsYXNzJTNEJTIydmNfc2luZ2xlX2ltYWdlLWltZyUyMGF0dGFjaG1lbnQtbWVkaXVtJTIyJTIwYWx0JTNEJTIyJTIyJTIwaGVpZ2h0JTNEJTIyNTAwJTIyJTIwd2lkdGglM0QlMjI1MDAlMjIlM0UlMEElMDklMDklMDklM0MlMkZkaXYlM0UlMEElMDklMDklM0MlMkZmaWd1cmUlM0UlMEElMDklM0MlMkZkaXYlM0UlMEElMEElMDklM0NkaXYlMjBjbGFzcyUzRCUyMndwYl90ZXh0X2NvbHVtbiUyMHdwYl9jb250ZW50X2VsZW1lbnQlMjAlMjB3cGJfYW5pbWF0ZV93aGVuX2FsbW9zdF92aXNpYmxlJTIwd3BiX2ZhZGVJbiUyMGZhZGVJbiUyMHdwYl9zdGFydF9hbmltYXRpb24lMjBhbmltYXRlZCUyMiUzRSUwQSUwOSUwOSUzQ2RpdiUyMGNsYXNzJTNEJTIyd3BiX3dyYXBwZXIlMjIlM0UlMEElMDklMDklMDklM0NoMyUzRUV2YXBvcmFkb3IlM0MlMkZoMyUzRSUwQSUwOSUwOSUzQyUyRmRpdiUzRSUwQSUwOSUzQyUyRmRpdiUzRSUwQSUzQyUyRmElM0UlMEE=[\/vc_raw_html]<div class=\"modal-container text-center\"><\/div>[\/vc_column][vc_column width=&#8221;1\/3&#8243; el_class=&#8221;columna-click&#8221;][vc_raw_html]JTNDYSUyMGNsYXNzJTNEJTIyYnRuLW1vZGFsJTIyJTIwaHJlZiUzRCUyMiUyMyUyMiUyMG1vZGFsLWxpbmslM0QlMjIyMDAxJTIyJTNFJTBBJTA5JTNDZGl2JTIwY2xhc3MlM0QlMjJ3cGJfc2luZ2xlX2ltYWdlJTIwd3BiX2NvbnRlbnRfZWxlbWVudCUyMHZjX2FsaWduX2NlbnRlciUyMCUyMHdwYl9hbmltYXRlX3doZW5fYWxtb3N0X3Zpc2libGUlMjB3cGJfZmFkZUluVXAlMjBmYWRlSW5VcCUyMCUyMGljbyUyMHdwYl9zdGFydF9hbmltYXRpb24lMjBhbmltYXRlZCUyMiUzRSUwQSUwOSUwOSUzQ2ZpZ3VyZSUyMGNsYXNzJTNEJTIyd3BiX3dyYXBwZXIlMjB2Y19maWd1cmUlMjIlM0UlMEElMDklMDklMDklM0NkaXYlMjBjbGFzcyUzRCUyMnZjX3NpbmdsZV9pbWFnZS13cmFwcGVyJTIwdmNfYm94X2JvcmRlcl9ncmV5JTIyJTNFJTBBJTA5JTA5JTA5JTA5JTNDaW1nJTIwc3JjJTNEJTIyJTJGd3AtY29udGVudCUyRnVwbG9hZHMlMkYyMDIwJTJGMDMlMkZsZWNoby5zdmclMjIlMjBjbGFzcyUzRCUyMnZjX3NpbmdsZV9pbWFnZS1pbWclMjBhdHRhY2htZW50LW1lZGl1bSUyMiUyMGFsdCUzRCUyMiUyMiUyMGhlaWdodCUzRCUyMjUxMiUyMiUyMHdpZHRoJTNEJTIyNTEyJTIyJTNFJTBBJTA5JTA5JTA5JTNDJTJGZGl2JTNFJTBBJTA5JTA5JTNDJTJGZmlndXJlJTNFJTBBJTA5JTNDJTJGZGl2JTNFJTBBJTBBJTA5JTNDZGl2JTIwY2xhc3MlM0QlMjJ3cGJfdGV4dF9jb2x1bW4lMjB3cGJfY29udGVudF9lbGVtZW50JTIwJTIwd3BiX2FuaW1hdGVfd2hlbl9hbG1vc3RfdmlzaWJsZSUyMHdwYl9mYWRlSW4lMjBmYWRlSW4lMjB3cGJfc3RhcnRfYW5pbWF0aW9uJTIwYW5pbWF0ZWQlMjIlM0UlMEElMDklMDklM0NkaXYlMjBjbGFzcyUzRCUyMndwYl93cmFwcGVyJTIyJTNFJTBBJTA5JTA5JTA5JTNDaDMlM0VMZWl0byUyMGZsdWlkaXphZG8lM0MlMkZoMyUzRSUwQSUwOSUwOSUzQyUyRmRpdiUzRSUwQSUwOSUzQyUyRmRpdiUzRSUwQSUzQyUyRmElM0U=[\/vc_raw_html]<div class=\"modal-container text-center\"><\/div>[\/vc_column][vc_column width=&#8221;1\/3&#8243; el_class=&#8221;columna-click&#8221;][vc_raw_html]JTNDYSUyMGNsYXNzJTNEJTIyYnRuLW1vZGFsJTIyJTIwaHJlZiUzRCUyMiUyMyUyMiUyMG1vZGFsLWxpbmslM0QlMjIyMDAyJTIyJTNFJTBBJTA5JTNDZGl2JTIwY2xhc3MlM0QlMjJ3cGJfc2luZ2xlX2ltYWdlJTIwd3BiX2NvbnRlbnRfZWxlbWVudCUyMHZjX2FsaWduX2NlbnRlciUyMCUyMHdwYl9hbmltYXRlX3doZW5fYWxtb3N0X3Zpc2libGUlMjB3cGJfZmFkZUluVXAlMjBmYWRlSW5VcCUyMCUyMGljbyUyMHdwYl9zdGFydF9hbmltYXRpb24lMjBhbmltYXRlZCUyMiUzRSUwQSUwOSUwOSUzQ2ZpZ3VyZSUyMGNsYXNzJTNEJTIyd3BiX3dyYXBwZXIlMjB2Y19maWd1cmUlMjIlM0UlMEElMDklMDklMDklM0NkaXYlMjBjbGFzcyUzRCUyMnZjX3NpbmdsZV9pbWFnZS13cmFwcGVyJTIwdmNfYm94X2JvcmRlcl9ncmV5JTIyJTNFJTBBJTA5JTA5JTA5JTA5JTNDaW1nJTIwc3JjJTNEJTIyJTJGd3AtY29udGVudCUyRnVwbG9hZHMlMkYyMDE5JTJGMDklMkZ0b3JyZS1zZWNhZG8uc3ZnJTIyJTIwY2xhc3MlM0QlMjJ2Y19zaW5nbGVfaW1hZ2UtaW1nJTIwYXR0YWNobWVudC1tZWRpdW0lMjIlMjBhbHQlM0QlMjIlMjIlMjBoZWlnaHQlM0QlMjI1MTIlMjIlMjB3aWR0aCUzRCUyMjUxMiUyMiUzRSUwQSUwOSUwOSUwOSUzQyUyRmRpdiUzRSUwQSUwOSUwOSUzQyUyRmZpZ3VyZSUzRSUwQSUwOSUzQyUyRmRpdiUzRSUwQSUwQSUwOSUzQ2RpdiUyMGNsYXNzJTNEJTIyd3BiX3RleHRfY29sdW1uJTIwd3BiX2NvbnRlbnRfZWxlbWVudCUyMCUyMHdwYl9hbmltYXRlX3doZW5fYWxtb3N0X3Zpc2libGUlMjB3cGJfZmFkZUluJTIwZmFkZUluJTIwd3BiX3N0YXJ0X2FuaW1hdGlvbiUyMGFuaW1hdGVkJTIyJTNFJTBBJTA5JTA5JTNDZGl2JTIwY2xhc3MlM0QlMjJ3cGJfd3JhcHBlciUyMiUzRSUwQSUwOSUwOSUwOSUzQ2gzJTNFRXh0ZXJpb3IlM0MlMkZoMyUzRSUwQSUwOSUwOSUzQyUyRmRpdiUzRSUwQSUwOSUzQyUyRmRpdiUzRSUwQSUzQyUyRmElM0U=[\/vc_raw_html]<div class=\"modal-container text-center\"><\/div>[\/vc_column][vc_column width=&#8221;1\/3&#8243; el_class=&#8221;columna-click&#8221;][vc_raw_html]JTNDYSUyMGNsYXNzJTNEJTIyYnRuLW1vZGFsJTIyJTIwaHJlZiUzRCUyMiUyMyUyMiUyMG1vZGFsLWxpbmslM0QlMjIyMDAzJTIyJTNFJTBBJTA5JTNDZGl2JTIwY2xhc3MlM0QlMjJ3cGJfc2luZ2xlX2ltYWdlJTIwd3BiX2NvbnRlbnRfZWxlbWVudCUyMHZjX2FsaWduX2NlbnRlciUyMCUyMHdwYl9hbmltYXRlX3doZW5fYWxtb3N0X3Zpc2libGUlMjB3cGJfZmFkZUluVXAlMjBmYWRlSW5VcCUyMCUyMGljbyUyMHdwYl9zdGFydF9hbmltYXRpb24lMjBhbmltYXRlZCUyMiUzRSUwQSUwOSUwOSUzQ2ZpZ3VyZSUyMGNsYXNzJTNEJTIyd3BiX3dyYXBwZXIlMjB2Y19maWd1cmUlMjIlM0UlMEElMDklMDklMDklM0NkaXYlMjBjbGFzcyUzRCUyMnZjX3NpbmdsZV9pbWFnZS13cmFwcGVyJTIwdmNfYm94X2JvcmRlcl9ncmV5JTIyJTNFJTBBJTA5JTA5JTA5JTA5JTNDaW1nJTIwc3JjJTNEJTIyJTJGd3AtY29udGVudCUyRnVwbG9hZHMlMkYyMDIwJTJGMDMlMkZtZW1icmFuYXMuc3ZnJTIyJTIwY2xhc3MlM0QlMjJ2Y19zaW5nbGVfaW1hZ2UtaW1nJTIwYXR0YWNobWVudC1tZWRpdW0lMjIlMjBhbHQlM0QlMjIlMjIlMjBoZWlnaHQlM0QlMjI1MDAlMjIlMjB3aWR0aCUzRCUyMjUwMCUyMiUzRSUwQSUwOSUwOSUwOSUzQyUyRmRpdiUzRSUwQSUwOSUwOSUzQyUyRmZpZ3VyZSUzRSUwQSUwOSUzQyUyRmRpdiUzRSUwQSUwQSUwOSUzQ2RpdiUyMGNsYXNzJTNEJTIyd3BiX3RleHRfY29sdW1uJTIwd3BiX2NvbnRlbnRfZWxlbWVudCUyMCUyMHdwYl9hbmltYXRlX3doZW5fYWxtb3N0X3Zpc2libGUlMjB3cGJfZmFkZUluJTIwZmFkZUluJTIwd3BiX3N0YXJ0X2FuaW1hdGlvbiUyMGFuaW1hdGVkJTIyJTNFJTBBJTA5JTA5JTNDZGl2JTIwY2xhc3MlM0QlMjJ3cGJfd3JhcHBlciUyMiUzRSUwQSUwOSUwOSUwOSUzQ2gzJTNFQmF0ZXIlQzMlQURhJTIwZGUlMjBtZW1icmFuYXMlM0MlMkZoMyUzRSUwQSUwOSUwOSUzQyUyRmRpdiUzRSUwQSUwOSUzQyUyRmRpdiUzRSUwQSUzQyUyRmElM0U=[\/vc_raw_html]<div class=\"modal-container text-center\"><\/div>[\/vc_column][vc_column width=&#8221;1\/3&#8243; el_class=&#8221;columna-click&#8221;][vc_raw_html]JTNDYSUyMGNsYXNzJTNEJTIyYnRuLW1vZGFsJTIyJTIwaHJlZiUzRCUyMiUyMyUyMiUyMG1vZGFsLWxpbmslM0QlMjIyMDA0JTIyJTNFJTBBJTA5JTNDZGl2JTIwY2xhc3MlM0QlMjJ3cGJfc2luZ2xlX2ltYWdlJTIwd3BiX2NvbnRlbnRfZWxlbWVudCUyMHZjX2FsaWduX2NlbnRlciUyMCUyMHdwYl9hbmltYXRlX3doZW5fYWxtb3N0X3Zpc2libGUlMjB3cGJfZmFkZUluVXAlMjBmYWRlSW5VcCUyMCUyMGljbyUyMHdwYl9zdGFydF9hbmltYXRpb24lMjBhbmltYXRlZCUyMiUzRSUwQSUwOSUwOSUzQ2ZpZ3VyZSUyMGNsYXNzJTNEJTIyd3BiX3dyYXBwZXIlMjB2Y19maWd1cmUlMjIlM0UlMEElMDklMDklMDklM0NkaXYlMjBjbGFzcyUzRCUyMnZjX3NpbmdsZV9pbWFnZS13cmFwcGVyJTIwdmNfYm94X2JvcmRlcl9ncmV5JTIyJTNFJTBBJTA5JTA5JTA5JTA5JTNDaW1nJTIwc3JjJTNEJTIyJTJGd3AtY29udGVudCUyRnVwbG9hZHMlMkYyMDIwJTJGMDMlMkZkZXNtaW5lcmFsaXphZG9yYS5zdmclMjIlMjBjbGFzcyUzRCUyMnZjX3NpbmdsZV9pbWFnZS1pbWclMjBhdHRhY2htZW50LW1lZGl1bSUyMiUyMGFsdCUzRCUyMiUyMiUyMGhlaWdodCUzRCUyMjUxMiUyMiUyMHdpZHRoJTNEJTIyNTEyJTIyJTNFJTBBJTA5JTA5JTA5JTNDJTJGZGl2JTNFJTBBJTA5JTA5JTNDJTJGZmlndXJlJTNFJTBBJTA5JTNDJTJGZGl2JTNFJTBBJTBBJTA5JTNDZGl2JTIwY2xhc3MlM0QlMjJ3cGJfdGV4dF9jb2x1bW4lMjB3cGJfY29udGVudF9lbGVtZW50JTIwJTIwd3BiX2FuaW1hdGVfd2hlbl9hbG1vc3RfdmlzaWJsZSUyMHdwYl9mYWRlSW4lMjBmYWRlSW4lMjB3cGJfc3RhcnRfYW5pbWF0aW9uJTIwYW5pbWF0ZWQlMjIlM0UlMEElMDklMDklM0NkaXYlMjBjbGFzcyUzRCUyMndwYl93cmFwcGVyJTIyJTNFJTBBJTA5JTA5JTA5JTNDaDMlM0VQbGFudGElMjBkZSUyMGRlc21pbmVyYWxpemFjaSVDMyVCM24lM0MlMkZoMyUzRSUwQSUwOSUwOSUzQyUyRmRpdiUzRSUwQSUwOSUzQyUyRmRpdiUzRSUwQSUzQyUyRmElM0U=[\/vc_raw_html]<div class=\"modal-container text-center\"><\/div>[\/vc_column][vc_column width=&#8221;1\/3&#8243; el_class=&#8221;columna-click&#8221;][vc_raw_html]JTNDYSUyMGNsYXNzJTNEJTIyYnRuLW1vZGFsJTIyJTIwaHJlZiUzRCUyMiUyMyUyMiUyMG1vZGFsLWxpbmslM0QlMjIyMDA1JTIyJTNFJTBBJTA5JTNDZGl2JTIwY2xhc3MlM0QlMjJ3cGJfc2luZ2xlX2ltYWdlJTIwd3BiX2NvbnRlbnRfZWxlbWVudCUyMHZjX2FsaWduX2NlbnRlciUyMCUyMHdwYl9hbmltYXRlX3doZW5fYWxtb3N0X3Zpc2libGUlMjB3cGJfZmFkZUluVXAlMjBmYWRlSW5VcCUyMCUyMGljbyUyMHdwYl9zdGFydF9hbmltYXRpb24lMjBhbmltYXRlZCUyMiUzRSUwQSUwOSUwOSUzQ2ZpZ3VyZSUyMGNsYXNzJTNEJTIyd3BiX3dyYXBwZXIlMjB2Y19maWd1cmUlMjIlM0UlMEElMDklMDklMDklM0NkaXYlMjBjbGFzcyUzRCUyMnZjX3NpbmdsZV9pbWFnZS13cmFwcGVyJTIwdmNfYm94X2JvcmRlcl9ncmV5JTIyJTNFJTBBJTA5JTA5JTA5JTA5JTNDaW1nJTIwc3JjJTNEJTIyJTJGd3AtY29udGVudCUyRnVwbG9hZHMlMkYyMDIwJTJGMDMlMkZyZWNlcGNpb24uc3ZnJTIyJTIwY2xhc3MlM0QlMjJ2Y19zaW5nbGVfaW1hZ2UtaW1nJTIwYXR0YWNobWVudC1tZWRpdW0lMjIlMjBhbHQlM0QlMjIlMjIlMjBoZWlnaHQlM0QlMjI1MTIlMjIlMjB3aWR0aCUzRCUyMjUxMiUyMiUzRSUwQSUwOSUwOSUwOSUzQyUyRmRpdiUzRSUwQSUwOSUwOSUzQyUyRmZpZ3VyZSUzRSUwQSUwOSUzQyUyRmRpdiUzRSUwQSUwQSUwOSUzQ2RpdiUyMGNsYXNzJTNEJTIyd3BiX3RleHRfY29sdW1uJTIwd3BiX2NvbnRlbnRfZWxlbWVudCUyMCUyMHdwYl9hbmltYXRlX3doZW5fYWxtb3N0X3Zpc2libGUlMjB3cGJfZmFkZUluJTIwZmFkZUluJTIwd3BiX3N0YXJ0X2FuaW1hdGlvbiUyMGFuaW1hdGVkJTIyJTNFJTBBJTA5JTA5JTNDZGl2JTIwY2xhc3MlM0QlMjJ3cGJfd3JhcHBlciUyMiUzRSUwQSUwOSUwOSUwOSUzQ2gzJTNFUmVjZXBjaSVDMyVCM24lM0MlMkZoMyUzRSUwQSUwOSUwOSUzQyUyRmRpdiUzRSUwQSUwOSUzQyUyRmRpdiUzRSUwQSUzQyUyRmElM0U=[\/vc_raw_html]<div class=\"modal-container text-center\"><\/div>[\/vc_column][vc_column][\/vc_column][\/vc_row]<\/p>\n","protected":false},"excerpt":{"rendered":"<p>[vc_row foundry_background_style=&#8221;bg-dark&#8221;][vc_column width=&#8221;2\/3&#8243; offset=&#8221;vc_col-lg-offset-2 vc_col-md-offset-2 vc_col-xs-12&#8243;][vc_empty_space height=&#8221;80px&#8221; el_class=&#8221;visible-xs visible-sm&#8221;][vc_column_text css_animation=&#8221;fadeIn&#8221;] O centro do universo GALACTEUM [\/vc_column_text][vc_column_text css_animation=&#8221;fadeInUp&#8221;]Contamos cunhas instalaci\u00f3ns de produci\u00f3n&#8230;<\/p>\n","protected":false},"author":1,"featured_media":0,"parent":0,"menu_order":0,"comment_status":"closed","ping_status":"closed","template":"","meta":[],"yoast_head":"<!-- This site is optimized with the Yoast SEO plugin v15.3 - https:\/\/yoast.com\/wordpress\/plugins\/seo\/ -->\n<title>Soluci\u00f3ns industriais | GALACTEUM<\/title>\n<meta name=\"description\" content=\"O centro do universo GALACTEUM est\u00e1 formado por unhas instalaci\u00f3ns de produci\u00f3n que cumpren coas m\u00e1ximas garant\u00edas de calidade e seguridade alimentaria.\" \/>\n<meta name=\"robots\" content=\"index, follow, max-snippet:-1, max-image-preview:large, max-video-preview:-1\" \/>\n<link rel=\"canonical\" href=\"https:\/\/www.galacteum.com\/gl\/solucions-industriais\/\" \/>\n<meta property=\"og:locale\" content=\"gl_ES\" \/>\n<meta property=\"og:type\" content=\"article\" \/>\n<meta property=\"og:title\" content=\"GALACTEUM | Soluci\u00f3ns industriais\" \/>\n<meta property=\"og:description\" content=\"O centro do universo GALACTEUM est\u00e1 formado por unhas instalaci\u00f3ns de produci\u00f3n que cumpren coas m\u00e1ximas garant\u00edas de calidade e seguridade alimentaria.\" \/>\n<meta property=\"og:url\" content=\"https:\/\/www.galacteum.com\/gl\/solucions-industriais\/\" \/>\n<meta property=\"og:site_name\" content=\"GALACTEUM\" \/>\n<meta property=\"article:modified_time\" content=\"2022-11-03T10:31:14+00:00\" \/>\n<meta property=\"og:image\" content=\"https:\/\/www.galacteum.com\/wp-content\/uploads\/2020\/04\/galacteum-seo-fb.png\" \/>\n\t<meta property=\"og:image:width\" content=\"1200\" \/>\n\t<meta property=\"og:image:height\" content=\"630\" \/>\n<meta name=\"twitter:card\" content=\"summary_large_image\" \/>\n<meta name=\"twitter:title\" content=\"GALACTEUM | Soluci\u00f3ns industriais\" \/>\n<meta name=\"twitter:description\" content=\"O centro do universo GALACTEUM est\u00e1 formado por unhas instalaci\u00f3ns de produci\u00f3n que cumpren coas m\u00e1ximas garant\u00edas de calidade e seguridade alimentaria.\" \/>\n<meta name=\"twitter:image\" content=\"https:\/\/www.galacteum.com\/wp-content\/uploads\/2020\/04\/galacteum-seo-tw.png\" \/>\n<meta name=\"twitter:label1\" content=\"Escrito por\">\n\t<meta name=\"twitter:data1\" content=\"galawp\">\n\t<meta name=\"twitter:label2\" content=\"Tempo de lectura\">\n\t<meta name=\"twitter:data2\" content=\"5 minutos\">\n<script type=\"application\/ld+json\" class=\"yoast-schema-graph\">{\"@context\":\"https:\/\/schema.org\",\"@graph\":[{\"@type\":\"Organization\",\"@id\":\"https:\/\/www.galacteum.com\/#organization\",\"name\":\"GALACTEUM\",\"url\":\"https:\/\/www.galacteum.com\/\",\"sameAs\":[\"https:\/\/www.linkedin.com\/company\/galacteum\/\"],\"logo\":{\"@type\":\"ImageObject\",\"@id\":\"https:\/\/www.galacteum.com\/#logo\",\"inLanguage\":\"gl-ES\",\"url\":\"https:\/\/www.galacteum.com\/wp-content\/uploads\/2020\/04\/galacteum-seo-tw.png\",\"width\":1025,\"height\":520,\"caption\":\"GALACTEUM\"},\"image\":{\"@id\":\"https:\/\/www.galacteum.com\/#logo\"}},{\"@type\":\"WebSite\",\"@id\":\"https:\/\/www.galacteum.com\/#website\",\"url\":\"https:\/\/www.galacteum.com\/\",\"name\":\"GALACTEUM\",\"description\":\"rediscovering the milky way\",\"publisher\":{\"@id\":\"https:\/\/www.galacteum.com\/#organization\"},\"potentialAction\":[{\"@type\":\"SearchAction\",\"target\":\"https:\/\/www.galacteum.com\/?s={search_term_string}\",\"query-input\":\"required name=search_term_string\"}],\"inLanguage\":\"gl-ES\"},{\"@type\":\"WebPage\",\"@id\":\"https:\/\/www.galacteum.com\/gl\/solucions-industriais\/#webpage\",\"url\":\"https:\/\/www.galacteum.com\/gl\/solucions-industriais\/\",\"name\":\"Soluci\\u00f3ns industriais | GALACTEUM\",\"isPartOf\":{\"@id\":\"https:\/\/www.galacteum.com\/#website\"},\"datePublished\":\"2019-08-26T16:09:53+00:00\",\"dateModified\":\"2022-11-03T10:31:14+00:00\",\"description\":\"O centro do universo GALACTEUM est\\u00e1 formado por unhas instalaci\\u00f3ns de produci\\u00f3n que cumpren coas m\\u00e1ximas garant\\u00edas de calidade e seguridade alimentaria.\",\"inLanguage\":\"gl-ES\",\"potentialAction\":[{\"@type\":\"ReadAction\",\"target\":[\"https:\/\/www.galacteum.com\/gl\/solucions-industriais\/\"]}]}]}<\/script>\n<!-- \/ Yoast SEO plugin. -->","_links":{"self":[{"href":"https:\/\/www.galacteum.com\/gl\/wp-json\/wp\/v2\/pages\/748"}],"collection":[{"href":"https:\/\/www.galacteum.com\/gl\/wp-json\/wp\/v2\/pages"}],"about":[{"href":"https:\/\/www.galacteum.com\/gl\/wp-json\/wp\/v2\/types\/page"}],"author":[{"embeddable":true,"href":"https:\/\/www.galacteum.com\/gl\/wp-json\/wp\/v2\/users\/1"}],"replies":[{"embeddable":true,"href":"https:\/\/www.galacteum.com\/gl\/wp-json\/wp\/v2\/comments?post=748"}],"version-history":[{"count":2,"href":"https:\/\/www.galacteum.com\/gl\/wp-json\/wp\/v2\/pages\/748\/revisions"}],"predecessor-version":[{"id":1654,"href":"https:\/\/www.galacteum.com\/gl\/wp-json\/wp\/v2\/pages\/748\/revisions\/1654"}],"wp:attachment":[{"href":"https:\/\/www.galacteum.com\/gl\/wp-json\/wp\/v2\/media?parent=748"}],"curies":[{"name":"wp","href":"https:\/\/api.w.org\/{rel}","templated":true}]}}