{"id":740,"date":"2020-04-03T13:16:16","date_gmt":"2020-04-03T11:16:16","guid":{"rendered":"https:\/\/www.galacteum.com\/inicio-2\/"},"modified":"2020-05-04T11:59:32","modified_gmt":"2020-05-04T09:59:32","slug":"inicio-2","status":"publish","type":"page","link":"https:\/\/www.galacteum.com\/gl\/","title":{"rendered":"inicio"},"content":{"rendered":"<p>[vc_row full_height=&#8221;yes&#8221; foundry_background_style=&#8221;bg-dark&#8221;][vc_column width=&#8221;2\/3&#8243; offset=&#8221;vc_col-lg-offset-2 vc_col-md-offset-2 vc_col-xs-12&#8243;][vc_empty_space height=&#8221;80px&#8221; el_class=&#8221;visible-xs visible-sm&#8221;][vc_raw_html el_class=&#8221;logo-flotador&#8221;]JTNDZGl2JTIwc3R5bGUlM0QlMjJ0ZXh0LWFsaWduJTNBY2VudGVyJTNCJTIyJTNFJTBBJTNDaW1nJTIwc3R5bGUlM0QlMjJ3aWR0aCUzQTQwMHB4JTNCJTIyJTIwc3JjJTNEJTIyJTJGd3AtY29udGVudCUyRnVwbG9hZHMlMkYyMDE5JTJGMDklMkZHYWxhY3RldW1fUm9ja2V0LmdpZiUyMiUzRSUwQSUzQyUyRmRpdiUzRQ==[\/vc_raw_html][vc_column_text css_animation=&#8221;slideInUp&#8221; el_class=&#8221;intro-txt&#8221;]<\/p>\n<h1 style=\"text-align: center;\"><em><img loading=\"lazy\" class=\"size-medium wp-image-281 aligncenter\" role=\"img\" src=\"https:\/\/www.galacteum.com\/wp-content\/uploads\/2019\/09\/GALACTEUM-imagotipo-home.svg\" alt=\"GALACTEUM\" width=\"300\" height=\"300\" \/>GALACTEUM<\/em><br \/>\nrediscovering the milky way<\/h1>\n<p>[\/vc_column_text][\/vc_column][\/vc_row][vc_row full_width=&#8221;stretch_row&#8221; gap=&#8221;15&#8243; foundry_background_style=&#8221;bg-dark&#8221; el_class=&#8221;fila-timeline hidden-xs hidden-sm&#8221;][vc_column][vc_column_text el_class=&#8221;titulo-seccion-completa&#8221;]<\/p>\n<h2>A nosa carreira espacial<\/h2>\n<p>Un pequeno paso para n\u00f3s, un gran paso para o sector l\u00e1cteo galego[\/vc_column_text][\/vc_column][vc_column el_class=&#8221;timeline-plugin-vertical hidden&#8221;][vc_column_text][cool-timeline layout=&#8221;simple&#8221; animation=&#8221;fadeInUp&#8221; date-format=&#8221;Y&#8221; icons=&#8221;YES&#8221; show-posts=&#8221;10&#8243; skin=&#8221;clean&#8221;][\/vc_column_text][\/vc_column][vc_column width=&#8221;1\/12&#8243; offset=&#8221;vc_col-lg-offset-2 vc_col-md-offset-2&#8243; el_class=&#8221;timeline-casilla&#8221;][vc_toggle title=&#8221;Xaneiro 2016&#8243; style=&#8221;simple&#8221; color=&#8221;white&#8221; size=&#8221;lg&#8221; css_animation=&#8221;fadeIn&#8221; custom_font_container=&#8221;tag:h4|text_align:center&#8221; custom_google_fonts=&#8221;font_family:Lato%3A100%2C100italic%2C300%2C300italic%2Cregular%2Citalic%2C700%2C700italic%2C900%2C900italic|font_style:700%20bold%20regular%3A700%3Anormal&#8221; use_custom_heading=&#8221;true&#8221; el_class=&#8221;star-open&#8221;]Creaci\u00f3n de Dairylac[\/vc_toggle][\/vc_column][vc_column width=&#8221;1\/12&#8243; el_class=&#8221;timeline-casilla&#8221;][vc_empty_space height=&#8221;100px&#8221; el_class=&#8221;hidden-xs hidden-sm&#8221;][vc_toggle title=&#8221;Setembro 2017&#8243; style=&#8221;simple&#8221; color=&#8221;white&#8221; size=&#8221;lg&#8221; css_animation=&#8221;fadeIn&#8221; custom_font_container=&#8221;tag:h4|text_align:center&#8221; custom_google_fonts=&#8221;font_family:Lato%3A100%2C100italic%2C300%2C300italic%2Cregular%2Citalic%2C700%2C700italic%2C900%2C900italic|font_style:700%20bold%20regular%3A700%3Anormal&#8221; use_custom_heading=&#8221;true&#8221;]Redefinici\u00f3n da marca Deleitar[\/vc_toggle][\/vc_column][vc_column width=&#8221;1\/12&#8243; el_class=&#8221;timeline-casilla&#8221;][vc_toggle title=&#8221;Xaneiro 2018&#8243; style=&#8221;simple&#8221; color=&#8221;white&#8221; size=&#8221;lg&#8221; css_animation=&#8221;fadeIn&#8221; custom_font_container=&#8221;tag:h4|text_align:center&#8221; custom_google_fonts=&#8221;font_family:Lato%3A100%2C100italic%2C300%2C300italic%2Cregular%2Citalic%2C700%2C700italic%2C900%2C900italic|font_style:700%20bold%20regular%3A700%3Anormal&#8221; use_custom_heading=&#8221;true&#8221;]O noso accionista maioritario conv\u00e9rtese na primeira cooperativa de primeiro grao en Galicia[\/vc_toggle][\/vc_column][vc_column width=&#8221;1\/12&#8243; el_class=&#8221;timeline-casilla&#8221;][vc_empty_space height=&#8221;100px&#8221; el_class=&#8221;hidden-xs hidden-sm&#8221;][vc_toggle title=&#8221;Xullo 2018&#8243; style=&#8221;simple&#8221; color=&#8221;white&#8221; size=&#8221;lg&#8221; css_animation=&#8221;fadeIn&#8221; custom_font_container=&#8221;tag:h4|text_align:center&#8221; custom_google_fonts=&#8221;font_family:Lato%3A100%2C100italic%2C300%2C300italic%2Cregular%2Citalic%2C700%2C700italic%2C900%2C900italic|font_style:700%20bold%20regular%3A700%3Anormal&#8221; use_custom_heading=&#8221;true&#8221;]Reestruturaci\u00f3n financeira e redefinici\u00f3n t\u00e9cnica do proxecto[\/vc_toggle][\/vc_column][vc_column width=&#8221;1\/12&#8243; el_class=&#8221;timeline-casilla&#8221;][vc_toggle title=&#8221;Setembro 2018&#8243; style=&#8221;simple&#8221; color=&#8221;white&#8221; size=&#8221;lg&#8221; css_animation=&#8221;fadeIn&#8221; custom_font_container=&#8221;tag:h4|text_align:center&#8221; custom_google_fonts=&#8221;font_family:Lato%3A100%2C100italic%2C300%2C300italic%2Cregular%2Citalic%2C700%2C700italic%2C900%2C900italic|font_style:700%20bold%20regular%3A700%3Anormal&#8221; use_custom_heading=&#8221;true&#8221;]Lanzamento do 1\u00ba leite con envase 100% renovable en Espa\u00f1a[\/vc_toggle][\/vc_column][vc_column width=&#8221;1\/12&#8243; el_class=&#8221;timeline-casilla&#8221;][vc_empty_space height=&#8221;100px&#8221; el_class=&#8221;hidden-xs hidden-sm&#8221;][vc_toggle title=&#8221;Xaneiro 2019&#8243; style=&#8221;simple&#8221; color=&#8221;white&#8221; size=&#8221;lg&#8221; custom_font_container=&#8221;tag:h4|text_align:center&#8221; custom_google_fonts=&#8221;font_family:Lato%3A100%2C100italic%2C300%2C300italic%2Cregular%2Citalic%2C700%2C700italic%2C900%2C900italic|font_style:700%20bold%20regular%3A700%3Anormal&#8221; use_custom_heading=&#8221;true&#8221;]Inicio posta en marcha da torre de secado de soro e leite[\/vc_toggle][\/vc_column][vc_column width=&#8221;1\/12&#8243; el_class=&#8221;timeline-casilla&#8221;][vc_toggle title=&#8221;Maio 2020&#8243; style=&#8221;simple&#8221; color=&#8221;white&#8221; size=&#8221;lg&#8221; custom_font_container=&#8221;tag:h4|text_align:center&#8221; custom_google_fonts=&#8221;font_family:Lato%3A100%2C100italic%2C300%2C300italic%2Cregular%2Citalic%2C700%2C700italic%2C900%2C900italic|font_style:700%20bold%20regular%3A700%3Anormal&#8221; use_custom_heading=&#8221;true&#8221;]Dairylac \u00e9 agora Galacteum[\/vc_toggle][\/vc_column][vc_column width=&#8221;1\/12&#8243; el_class=&#8221;timeline-casilla&#8221;][vc_empty_space height=&#8221;100px&#8221; el_class=&#8221;hidden-xs hidden-sm&#8221;][vc_toggle title=&#8221;Futuro&#8230;&#8221; style=&#8221;simple&#8221; color=&#8221;white&#8221; size=&#8221;lg&#8221; css_animation=&#8221;fadeIn&#8221; custom_font_container=&#8221;tag:h4|text_align:center&#8221; custom_google_fonts=&#8221;font_family:Lato%3A100%2C100italic%2C300%2C300italic%2Cregular%2Citalic%2C700%2C700italic%2C900%2C900italic|font_style:700%20bold%20regular%3A700%3Anormal&#8221; use_custom_heading=&#8221;true&#8221;]<\/p>\n<p>acomp\u00e1\u00f1anos nesta viaxe cara o futuro<\/p>\n<p>[\/vc_toggle][\/vc_column][vc_column][vc_empty_space height=&#8221;50px&#8221;][\/vc_column][\/vc_row][vc_row css_animation=&#8221;slideInDown&#8221; el_class=&#8221;hidden&#8221;][vc_column css_animation=&#8221;slideInUp&#8221; width=&#8221;1\/3&#8243; el_class=&#8221;resultados&#8221;][vc_single_image image=&#8221;60&#8243; img_size=&#8221;&#8221; alignment=&#8221;center&#8221; css_animation=&#8221;fadeInUp&#8221; el_class=&#8221;ico&#8221;][vc_column_text]<\/p>\n<h4>Resultado 2016<\/h4>\n<p>7,7 MM \u20ac de facturaci\u00f3n<br \/>\n56 MM L transformados[\/vc_column_text][\/vc_column][vc_column css_animation=&#8221;slideInUp&#8221; width=&#8221;1\/3&#8243; el_class=&#8221;resultados&#8221;][vc_single_image image=&#8221;60&#8243; img_size=&#8221;&#8221; alignment=&#8221;center&#8221; css_animation=&#8221;fadeInUp&#8221; el_class=&#8221;ico&#8221;][vc_column_text]<\/p>\n<h4>Resultado 2017<\/h4>\n<p>14,5 MM \u20ac de facturaci\u00f3n<br \/>\n78 MM L transformados<br \/>\n[\/vc_column_text][\/vc_column][vc_column css_animation=&#8221;slideInUp&#8221; width=&#8221;1\/3&#8243; el_class=&#8221;resultados&#8221;][vc_single_image image=&#8221;60&#8243; img_size=&#8221;&#8221; alignment=&#8221;center&#8221; css_animation=&#8221;fadeInUp&#8221; el_class=&#8221;ico&#8221;][vc_column_text]<\/p>\n<h4>Resultado 2018<\/h4>\n<p>18,2 MM \u20ac de facturaci\u00f3n<br \/>\n86 MM L transformados[\/vc_column_text][\/vc_column][\/vc_row][vc_row foundry_background_style=&#8221;bg-dark&#8221; el_class=&#8221;visible-xs visible-sm list-style&#8221;][vc_column][vc_column_text el_class=&#8221;titulo-seccion-completa&#8221;]<\/p>\n<h2>Nuestra carrera espacial<\/h2>\n<p>Un peque\u00f1o paso para nosotros, un gran paso para el sector l\u00e1cteo gallego[\/vc_column_text][vc_column_text el_class=&#8221;list-stars&#8221;]<\/p>\n<ul>\n<li>Dende a creaci\u00f3n do proxecto <strong>Dairylac<\/strong> en 2016, fomos redescubrindo o <strong>sector l\u00e1cteo galeg<\/strong>o mediante a <strong>innovaci\u00f3n<\/strong> e a <strong>posta en valor<\/strong> do produto no mercado nacional e internacional.<\/li>\n<li>En setembro de 2017 redefinimos a marca <strong>Deleitar<\/strong>.<\/li>\n<li>No 2018, o noso accionista maioritario conv\u00e9rtese na primeira cooperativa de primeiro grao en Galicia. Ademais, nese mesmo ano lanzamos o primeiro leite con <strong>envases 100% renovables<\/strong> en Espa\u00f1a.<\/li>\n<li>A comezos de 2019, puxemos en marcha a <strong>torre de secado de soro e leite<\/strong> para a obtenci\u00f3n de soro en p\u00f3 destinado \u00e1 industria alimentaria, en especial para a alimentaci\u00f3n infantil.<\/li>\n<li>En maio de 2020, redefinimos Dairylac e transform\u00e1molo en <strong>GALACTEUM<\/strong>. Un pequeno paso para n\u00f3s, un gran paso para o sector l\u00e1cteo galego.<\/li>\n<\/ul>\n<p>[\/vc_column_text][vc_empty_space height=&#8221;50px&#8221;][\/vc_column][\/vc_row]<\/p>\n","protected":false},"excerpt":{"rendered":"<p>[vc_row full_height=&#8221;yes&#8221; foundry_background_style=&#8221;bg-dark&#8221;][vc_column width=&#8221;2\/3&#8243; offset=&#8221;vc_col-lg-offset-2 vc_col-md-offset-2 vc_col-xs-12&#8243;][vc_empty_space height=&#8221;80px&#8221; el_class=&#8221;visible-xs visible-sm&#8221;][vc_raw_html el_class=&#8221;logo-flotador&#8221;]JTNDZGl2JTIwc3R5bGUlM0QlMjJ0ZXh0LWFsaWduJTNBY2VudGVyJTNCJTIyJTNFJTBBJTNDaW1nJTIwc3R5bGUlM0QlMjJ3aWR0aCUzQTQwMHB4JTNCJTIyJTIwc3JjJTNEJTIyJTJGd3AtY29udGVudCUyRnVwbG9hZHMlMkYyMDE5JTJGMDklMkZHYWxhY3RldW1fUm9ja2V0LmdpZiUyMiUzRSUwQSUzQyUyRmRpdiUzRQ==[\/vc_raw_html][vc_column_text css_animation=&#8221;slideInUp&#8221; el_class=&#8221;intro-txt&#8221;] GALACTEUM rediscovering the milky way [\/vc_column_text][\/vc_column][\/vc_row][vc_row full_width=&#8221;stretch_row&#8221; gap=&#8221;15&#8243;&#8230;<\/p>\n","protected":false},"author":1,"featured_media":0,"parent":0,"menu_order":0,"comment_status":"closed","ping_status":"closed","template":"","meta":[],"yoast_head":"<!-- This site is optimized with the Yoast SEO plugin v15.3 - https:\/\/yoast.com\/wordpress\/plugins\/seo\/ -->\n<title>GALACTEUM | Rediscovering the milky way<\/title>\n<meta name=\"description\" content=\"GALACTEUM, xerando valor no sector l\u00e1cteo a trav\u00e9s da innovaci\u00f3n e comercializaci\u00f3n de produtos. Redescubre a v\u00eda l\u00e1ctea connosco!\" \/>\n<meta name=\"robots\" content=\"index, follow, max-snippet:-1, max-image-preview:large, max-video-preview:-1\" \/>\n<link rel=\"canonical\" href=\"https:\/\/www.galacteum.com\/gl\/\" \/>\n<meta property=\"og:locale\" content=\"gl_ES\" \/>\n<meta property=\"og:type\" content=\"article\" \/>\n<meta property=\"og:title\" content=\"GALACTEUM | Rediscovering the milky way\" \/>\n<meta property=\"og:description\" content=\"GALACTEUM, xerando valor no sector l\u00e1cteo a trav\u00e9s da innovaci\u00f3n e comercializaci\u00f3n de produtos. Redescubre a v\u00eda l\u00e1ctea connosco!\" \/>\n<meta property=\"og:url\" content=\"https:\/\/www.galacteum.com\/gl\/\" \/>\n<meta property=\"og:site_name\" content=\"GALACTEUM\" \/>\n<meta property=\"article:modified_time\" content=\"2020-05-04T09:59:32+00:00\" \/>\n<meta property=\"og:image\" content=\"https:\/\/www.galacteum.com\/wp-content\/uploads\/2020\/04\/galacteum-seo-fb.png\" \/>\n\t<meta property=\"og:image:width\" content=\"1200\" \/>\n\t<meta property=\"og:image:height\" content=\"630\" \/>\n<meta name=\"twitter:card\" content=\"summary_large_image\" \/>\n<meta name=\"twitter:title\" content=\"GALACTEUM | Rediscovering the milky way\" \/>\n<meta name=\"twitter:description\" content=\"GALACTEUM, xerando valor no sector l\u00e1cteo a trav\u00e9s da innovaci\u00f3n e comercializaci\u00f3n de produtos. Redescubre a v\u00eda l\u00e1ctea connosco!\" \/>\n<meta name=\"twitter:image\" content=\"https:\/\/www.galacteum.com\/wp-content\/uploads\/2020\/04\/galacteum-seo-tw.png\" \/>\n<meta name=\"twitter:label1\" content=\"Escrito por\">\n\t<meta name=\"twitter:data1\" content=\"galawp\">\n\t<meta name=\"twitter:label2\" content=\"Tempo de lectura\">\n\t<meta name=\"twitter:data2\" content=\"4 minutos\">\n<script type=\"application\/ld+json\" class=\"yoast-schema-graph\">{\"@context\":\"https:\/\/schema.org\",\"@graph\":[{\"@type\":\"Organization\",\"@id\":\"https:\/\/www.galacteum.com\/#organization\",\"name\":\"GALACTEUM\",\"url\":\"https:\/\/www.galacteum.com\/\",\"sameAs\":[\"https:\/\/www.linkedin.com\/company\/galacteum\/\"],\"logo\":{\"@type\":\"ImageObject\",\"@id\":\"https:\/\/www.galacteum.com\/#logo\",\"inLanguage\":\"gl-ES\",\"url\":\"https:\/\/www.galacteum.com\/wp-content\/uploads\/2020\/04\/galacteum-seo-tw.png\",\"width\":1025,\"height\":520,\"caption\":\"GALACTEUM\"},\"image\":{\"@id\":\"https:\/\/www.galacteum.com\/#logo\"}},{\"@type\":\"WebSite\",\"@id\":\"https:\/\/www.galacteum.com\/#website\",\"url\":\"https:\/\/www.galacteum.com\/\",\"name\":\"GALACTEUM\",\"description\":\"rediscovering the milky way\",\"publisher\":{\"@id\":\"https:\/\/www.galacteum.com\/#organization\"},\"potentialAction\":[{\"@type\":\"SearchAction\",\"target\":\"https:\/\/www.galacteum.com\/?s={search_term_string}\",\"query-input\":\"required name=search_term_string\"}],\"inLanguage\":\"gl-ES\"},{\"@type\":\"ImageObject\",\"@id\":\"https:\/\/www.galacteum.com\/gl\/#primaryimage\",\"inLanguage\":\"gl-ES\",\"url\":\"https:\/\/www.galacteum.com\/wp-content\/uploads\/2019\/09\/GALACTEUM-imagotipo-home.svg\",\"width\":259,\"height\":27,\"caption\":\"GALACTEUM\"},{\"@type\":\"WebPage\",\"@id\":\"https:\/\/www.galacteum.com\/gl\/#webpage\",\"url\":\"https:\/\/www.galacteum.com\/gl\/\",\"name\":\"GALACTEUM | Rediscovering the milky way\",\"isPartOf\":{\"@id\":\"https:\/\/www.galacteum.com\/#website\"},\"primaryImageOfPage\":{\"@id\":\"https:\/\/www.galacteum.com\/gl\/#primaryimage\"},\"datePublished\":\"2020-04-03T11:16:16+00:00\",\"dateModified\":\"2020-05-04T09:59:32+00:00\",\"description\":\"GALACTEUM, xerando valor no sector l\\u00e1cteo a trav\\u00e9s da innovaci\\u00f3n e comercializaci\\u00f3n de produtos. Redescubre a v\\u00eda l\\u00e1ctea connosco!\",\"inLanguage\":\"gl-ES\",\"potentialAction\":[{\"@type\":\"ReadAction\",\"target\":[\"https:\/\/www.galacteum.com\/gl\/\"]}]}]}<\/script>\n<!-- \/ Yoast SEO plugin. -->","_links":{"self":[{"href":"https:\/\/www.galacteum.com\/gl\/wp-json\/wp\/v2\/pages\/740"}],"collection":[{"href":"https:\/\/www.galacteum.com\/gl\/wp-json\/wp\/v2\/pages"}],"about":[{"href":"https:\/\/www.galacteum.com\/gl\/wp-json\/wp\/v2\/types\/page"}],"author":[{"embeddable":true,"href":"https:\/\/www.galacteum.com\/gl\/wp-json\/wp\/v2\/users\/1"}],"replies":[{"embeddable":true,"href":"https:\/\/www.galacteum.com\/gl\/wp-json\/wp\/v2\/comments?post=740"}],"version-history":[{"count":0,"href":"https:\/\/www.galacteum.com\/gl\/wp-json\/wp\/v2\/pages\/740\/revisions"}],"wp:attachment":[{"href":"https:\/\/www.galacteum.com\/gl\/wp-json\/wp\/v2\/media?parent=740"}],"curies":[{"name":"wp","href":"https:\/\/api.w.org\/{rel}","templated":true}]}}