{"id":728,"date":"2019-08-26T18:12:01","date_gmt":"2019-08-26T16:12:01","guid":{"rendered":"https:\/\/www.galacteum.com\/contacto\/"},"modified":"2024-02-15T19:16:23","modified_gmt":"2024-02-15T18:16:23","slug":"contacto","status":"publish","type":"page","link":"https:\/\/www.galacteum.com\/gl\/contacto\/","title":{"rendered":"Contacto"},"content":{"rendered":"<p>[vc_row foundry_background_style=&#8221;bg-dark&#8221; foundry_padding=&#8221;pb0&#8243;][vc_column width=&#8221;2\/3&#8243; offset=&#8221;vc_col-lg-offset-2 vc_col-md-offset-2 vc_col-xs-12&#8243;][vc_empty_space height=&#8221;80px&#8221;][\/vc_column][\/vc_row][vc_row foundry_background_style=&#8221;bg-dark&#8221; foundry_padding=&#8221;pt0&#8243; el_class=&#8221;columna&#8221;][vc_column css_animation=&#8221;none&#8221; width=&#8221;1\/2&#8243; el_class=&#8221;columna-info-contact-2 visible-xs visible-sm&#8221;][vc_column_text css_animation=&#8221;none&#8221;]<\/p>\n<h1>Contacta connosco e redescubre a v\u00eda l\u00e1ctea<\/h1>\n<p>[\/vc_column_text][vc_row_inner][vc_column_inner width=&#8221;1\/4&#8243; offset=&#8221;vc_col-xs-3&#8243;][vc_single_image image=&#8221;190&#8243; img_size=&#8221;&#8221; alignment=&#8221;right&#8221; css_animation=&#8221;fadeIn&#8221; el_class=&#8221;ico-contact&#8221;][\/vc_column_inner][vc_column_inner width=&#8221;3\/4&#8243; offset=&#8221;vc_col-xs-9&#8243;][vc_column_text]<a href=\"https:\/\/goo.gl\/maps\/sYSEGJcyzSTB5rS2A\">Parque Empresarial A Madanela<br \/>\nParcela 44-48, 15800<br \/>\nMelide &#8211; A Coru\u00f1a \u2013 Espa\u00f1a<\/a>[\/vc_column_text][\/vc_column_inner][\/vc_row_inner][vc_row_inner][vc_column_inner width=&#8221;1\/4&#8243; offset=&#8221;vc_col-xs-3&#8243;][vc_single_image image=&#8221;192&#8243; img_size=&#8221;&#8221; alignment=&#8221;right&#8221; css_animation=&#8221;fadeIn&#8221; el_class=&#8221;ico-contact&#8221;][\/vc_column_inner][vc_column_inner width=&#8221;3\/4&#8243; offset=&#8221;vc_col-xs-9&#8243;][vc_column_text]<\/p>\n<p style=\"padding: 7% 0;\"><a href=\"tel:+34981506409\">981 506 409<\/a><\/p>\n<p>[\/vc_column_text][\/vc_column_inner][\/vc_row_inner][vc_row_inner][vc_column_inner width=&#8221;1\/4&#8243; offset=&#8221;vc_col-xs-3&#8243;][vc_single_image image=&#8221;191&#8243; img_size=&#8221;&#8221; alignment=&#8221;right&#8221; css_animation=&#8221;fadeIn&#8221; el_class=&#8221;ico-contact&#8221;][\/vc_column_inner][vc_column_inner width=&#8221;3\/4&#8243; offset=&#8221;vc_col-xs-9&#8243;][vc_column_text]<\/p>\n<p style=\"padding: 7% 0;\"><a href=\"mailto:info.melide@aira.es\">info.melide@aira.es<\/a><\/p>\n<p>[\/vc_column_text][\/vc_column_inner][\/vc_row_inner][\/vc_column][vc_column css_animation=&#8221;slideInRight&#8221; el_class=&#8221;columna columna-contact&#8221;]<div role=\"form\" class=\"wpcf7\" id=\"wpcf7-f733-o1\" lang=\"es-ES\" dir=\"ltr\">\n<div class=\"screen-reader-response\"><p role=\"status\" aria-live=\"polite\" aria-atomic=\"true\"><\/p> <ul><\/ul><\/div>\n<form action=\"\/gl\/wp-json\/wp\/v2\/pages\/728#wpcf7-f733-o1\" method=\"post\" class=\"wpcf7-form init\" novalidate=\"novalidate\" data-status=\"init\">\n<div style=\"display: none;\">\n<input type=\"hidden\" name=\"_wpcf7\" value=\"733\" \/>\n<input type=\"hidden\" name=\"_wpcf7_version\" value=\"5.3\" \/>\n<input type=\"hidden\" name=\"_wpcf7_locale\" value=\"es_ES\" \/>\n<input type=\"hidden\" name=\"_wpcf7_unit_tag\" value=\"wpcf7-f733-o1\" \/>\n<input type=\"hidden\" name=\"_wpcf7_container_post\" value=\"0\" \/>\n<input type=\"hidden\" name=\"_wpcf7_posted_data_hash\" value=\"\" \/>\n<input type=\"hidden\" name=\"_wpcf7_recaptcha_response\" value=\"\" \/>\n<\/div>\n<h4 style=\"color:#002547;\">Enche os seguintes campos e po\u00f1er\u00e9monos en contacto contigo<\/h4>\n<p><label> Nome*<br \/>\n    <span class=\"wpcf7-form-control-wrap your-name\"><input type=\"text\" name=\"your-name\" value=\"\" size=\"40\" class=\"wpcf7-form-control wpcf7-text wpcf7-validates-as-required\" aria-required=\"true\" aria-invalid=\"false\" \/><\/span> <\/label><\/p>\n<p><label> Email*<br \/>\n    <span class=\"wpcf7-form-control-wrap your-email\"><input type=\"email\" name=\"your-email\" value=\"\" size=\"40\" class=\"wpcf7-form-control wpcf7-text wpcf7-email wpcf7-validates-as-required wpcf7-validates-as-email\" aria-required=\"true\" aria-invalid=\"false\" \/><\/span> <\/label><\/p>\n<p><label> Asunto<br \/>\n    <span class=\"wpcf7-form-control-wrap your-subject\"><input type=\"text\" name=\"your-subject\" value=\"\" size=\"40\" class=\"wpcf7-form-control wpcf7-text\" aria-invalid=\"false\" \/><\/span> <\/label><\/p>\n<p><label> Mensaxe*<br \/>\n    <span class=\"wpcf7-form-control-wrap your-message\"><textarea name=\"your-message\" cols=\"40\" rows=\"10\" class=\"wpcf7-form-control wpcf7-textarea wpcf7-validates-as-required\" aria-required=\"true\" aria-invalid=\"false\"><\/textarea><\/span> <\/label><\/p>\n<div style=\"overflow:overlay; height: 150px;\" class=\"politics-contact\">\n<p>\n\t\t<span style=\"font-weight: bold; text-decoration: underline;\">Aviso. Informaci\u00f3n b\u00e1sica sobre Protecci\u00f3n de datos.<\/span> Debe aceptar a pol\u00edtica de protecci\u00f3n de datos para enviar o formulario. <\/p>\n<table>\n<tbody>\n<tr>\n<th>RESPONSABLE DO TRATAMENTO<\/th>\n<td>Dairylac SL con CIF B15775570 e domicilio en PE A Madanela, 44-48, 15800 Melide, Coru\u00f1a<\/td>\n<\/tr>\n<tr>\n<th>FINALIDADE<\/th>\n<td>Resposta \u00e1s s\u00faas consultas e xesti\u00f3n de comentarios<\/td>\n<\/tr>\n<tr>\n<th>LEXITIMACI\u00d3N<\/th>\n<td>Consentimento do interesado que nos outorga de maneira expresa, libre e inequ\u00edvoca cando acepta a presente Pol\u00edtica de Privacidade ao enviarnos o formulario correspondente.<\/td>\n<\/tr>\n<tr>\n<th>PLAZO DE CONSERVACI\u00d3N<\/th>\n<td>1 ano -salvo solicitude previa do interesado-<\/td>\n<\/tr>\n<tr>\n<th>DESTINATARIOS<\/th>\n<td>Non se ceder\u00e1n datos a terceiros, salvo obligaci\u00f3n legal ou autorizaci\u00f3n expresa.<\/td>\n<\/tr>\n<tr>\n<th>DEREITOS<\/th>\n<td>Acceso, rectificaci\u00f3n ou supresi\u00f3n, limitaci\u00f3n ao tratamento, cancelaci\u00f3n ou oposici\u00f3n e portabilidade<\/td>\n<\/tr>\n<tr>\n<th>EXERCICIO DOS DEREITOS<\/th>\n<td><a href=\"mailto:protecciondatos@aira.es\">protecciondatos@aira.es <\/a> PE A Madanela, 44-48, 15800 Melide, Coru\u00f1a<\/td>\n<\/tr>\n<tr>\n<th>M\u00c1S INFORMACI\u00d3N<\/th>\n<td><a href=\"\/gl\/politica-de-privacidade\/\" rel=\"nofollow\">Pol\u00edtica de privacidade<\/a><br \/>\n\t\t\t\t\t\t<a href=\"https:\/\/www.aepd.es\/es\" rel=\"nofollow\">www.AEPD.com<\/a>\n\t\t\t\t\t<\/td>\n<\/tr>\n<\/tbody>\n<\/table>\n<\/div>\n<div style=\"text-align:left !important; margin-bottom:15px;\"> <span class=\"wpcf7-form-control-wrap aceptacion-ley-de-proteccion\"><span class=\"wpcf7-form-control wpcf7-acceptance\"><span class=\"wpcf7-list-item\"><input type=\"checkbox\" name=\"aceptacion-ley-de-proteccion\" value=\"1\" aria-invalid=\"false\" \/><\/span><\/span><\/span> Ao marcar esta casilla acepto o tratamento dos meus datos conforme se indica nesta <a target=\"popup\" href=\"\/gl\/politicas-privacidade\/\">pol\u00edtica de privacidade<\/a><\/div>\n<div style=\"margin-bottom:15px;\"><input type=\"submit\" value=\"Enviar\" class=\"wpcf7-form-control wpcf7-submit\" \/><\/div>\n<p class=\"captcha-txt\">Este sitio est\u00e1 protexido por reCAPTCHA e apl\u00edcase a <a href=\"https:\/\/www.google.com\/intl\/es\/policies\/privacy\/\">Pol\u00edtica de privacidade<\/a> e os <a href=\"https:\/\/www.google.com\/intl\/es\/policies\/terms\/\">T\u00e9rminos de servicio<\/a> de Google.<\/p>\n<div class=\"wpcf7-response-output\" aria-hidden=\"true\"><\/div><\/form><\/div>[\/vc_column][vc_column css_animation=&#8221;slideInLeft&#8221; width=&#8221;1\/2&#8243; el_class=&#8221;columna-info-contact hidden-xs hidden-sm&#8221;][vc_column_text css_animation=&#8221;fadeIn&#8221;]<\/p>\n<h1>Contacta connosco e redescubre a v\u00eda l\u00e1ctea<\/h1>\n<p>[\/vc_column_text][vc_row_inner equal_height=&#8221;yes&#8221;][vc_column_inner width=&#8221;1\/4&#8243;][vc_single_image image=&#8221;190&#8243; img_size=&#8221;&#8221; alignment=&#8221;center&#8221; el_class=&#8221;ico&#8221;][\/vc_column_inner][vc_column_inner width=&#8221;3\/4&#8243;][vc_column_text]<a href=\"https:\/\/goo.gl\/maps\/sYSEGJcyzSTB5rS2A\">Parque Empresarial A Madanela<br \/>\nParcela 44-48, 15800<br \/>\nMelide &#8211; A Coru\u00f1a \u2013 Espa\u00f1a<\/a>[\/vc_column_text][\/vc_column_inner][vc_column_inner width=&#8221;1\/4&#8243;][vc_single_image image=&#8221;192&#8243; img_size=&#8221;&#8221; alignment=&#8221;center&#8221; el_class=&#8221;ico&#8221;][\/vc_column_inner][vc_column_inner width=&#8221;3\/4&#8243;][vc_column_text]<\/p>\n<p style=\"padding: 7% 0;\">981 506 409<\/p>\n<p>[\/vc_column_text][\/vc_column_inner][vc_column_inner width=&#8221;1\/4&#8243; offset=&#8221;vc_col-lg-offset-0&#8243;][vc_single_image image=&#8221;191&#8243; img_size=&#8221;&#8221; alignment=&#8221;center&#8221; el_class=&#8221;ico&#8221;][\/vc_column_inner][vc_column_inner width=&#8221;3\/4&#8243;][vc_column_text]<\/p>\n<p style=\"padding: 7% 0;\"><a href=\"mailto:info.melide@aira.es\">info.melide@aira.es<\/a><\/p>\n<p>[\/vc_column_text][\/vc_column_inner][\/vc_row_inner][\/vc_column][vc_column css_animation=&#8221;slideInLeft&#8221; width=&#8221;1\/2&#8243; el_class=&#8221;columna-info-job&#8221;][vc_column_text css_animation=&#8221;fadeIn&#8221;]<\/p>\n<h2>Traballa connosco<\/h2>\n<p>[\/vc_column_text][vc_tta_accordion color=&#8221;white&#8221; active_section=&#8221;99&#8243; collapsible_all=&#8221;true&#8221;][vc_tta_section title=&#8221;Enviar CV&#8221; tab_id=&#8221;enviar-cv&#8221;]<div role=\"form\" class=\"wpcf7\" id=\"wpcf7-f964-o2\" lang=\"es-ES\" dir=\"ltr\">\n<div class=\"screen-reader-response\"><p role=\"status\" aria-live=\"polite\" aria-atomic=\"true\"><\/p> <ul><\/ul><\/div>\n<form action=\"\/gl\/wp-json\/wp\/v2\/pages\/728#wpcf7-f964-o2\" method=\"post\" class=\"wpcf7-form init\" enctype=\"multipart\/form-data\" novalidate=\"novalidate\" data-status=\"init\">\n<div style=\"display: none;\">\n<input type=\"hidden\" name=\"_wpcf7\" value=\"964\" \/>\n<input type=\"hidden\" name=\"_wpcf7_version\" value=\"5.3\" \/>\n<input type=\"hidden\" name=\"_wpcf7_locale\" value=\"es_ES\" \/>\n<input type=\"hidden\" name=\"_wpcf7_unit_tag\" value=\"wpcf7-f964-o2\" \/>\n<input type=\"hidden\" name=\"_wpcf7_container_post\" value=\"0\" \/>\n<input type=\"hidden\" name=\"_wpcf7_posted_data_hash\" value=\"\" \/>\n<input type=\"hidden\" name=\"_wpcf7_recaptcha_response\" value=\"\" \/>\n<\/div>\n<p><label> Nome e apelidos*<br \/>\n    <span class=\"wpcf7-form-control-wrap your-name\"><input type=\"text\" name=\"your-name\" value=\"\" size=\"40\" class=\"wpcf7-form-control wpcf7-text wpcf7-validates-as-required\" aria-required=\"true\" aria-invalid=\"false\" \/><\/span> <\/label><\/p>\n<p><label> Email*<br \/>\n    <span class=\"wpcf7-form-control-wrap your-email\"><input type=\"email\" name=\"your-email\" value=\"\" size=\"40\" class=\"wpcf7-form-control wpcf7-text wpcf7-email wpcf7-validates-as-required wpcf7-validates-as-email\" aria-required=\"true\" aria-invalid=\"false\" \/><\/span> <\/label><\/p>\n<p><span class=\"wpcf7-form-control-wrap cv\"><input type=\"file\" name=\"cv\" size=\"40\" class=\"wpcf7-form-control wpcf7-file wpcf7-validates-as-required\" accept=\".jpg,.jpeg,.png,.gif,.pdf,.doc,.docx,.ppt,.pptx,.odt,.avi,.ogg,.m4a,.mov,.mp3,.mp4,.mpg,.wav,.wmv\" aria-required=\"true\" aria-invalid=\"false\" \/><\/span><\/p>\n<div style=\"overflow: overlay; height: 150px;\" class=\"politics-contact\">\n<p>\n\t\t<span style=\"font-weight: bold; text-decoration: underline;\">Aviso. Informaci\u00f3n b\u00e1sica sobre Protecci\u00f3n de datos. <\/span> Debe aceptar a pol\u00edtica de protecci\u00f3n de datos para enviar o formulario. <\/p>\n<table>\n<tbody>\n<tr>\n<th>RESPONSABLE DO TRATAMENTO<\/th>\n<td>Dairylac SL con CIF B15775570 e domicilio en PE A Madanela, 44-48, 15800 Melide, Coru\u00f1a<\/td>\n<\/tr>\n<tr>\n<th>FINALIDADE<\/th>\n<td>Xestionar a selecci\u00f3n de persoal e a solicitude da s\u00faa candidatura aos procesos de selecci\u00f3n presentes e futuros.<\/td>\n<\/tr>\n<tr>\n<th>LEXITIMACI\u00d3N<\/th>\n<td>Consentimento do interesado que nos outorga de maneira expresa, libre e inequ\u00edvoca cando acepta a presente Pol\u00edtica de Privacidade ao enviarnos o formulario correspondente.<\/td>\n<\/tr>\n<tr>\n<th>PLAZO DE CONSERVACI\u00d3N<\/th>\n<td>1 ano -salvo solicitude previa do interesado-<\/td>\n<\/tr>\n<tr>\n<th>DESTINATARIOS<\/th>\n<td>Non se ceder\u00e1n datos a terceiros, salvo obligaci\u00f3n legal ou autorizaci\u00f3n expresa.<\/td>\n<\/tr>\n<tr>\n<th>DEREITOS<\/th>\n<td>Acceso, rectificaci\u00f3n ou supresi\u00f3n, limitaci\u00f3n ao tratamento, cancelaci\u00f3n ou oposici\u00f3n e portabilidade<\/td>\n<\/tr>\n<tr>\n<th>EXERCICIO DOS DEREITOS<\/th>\n<td><a href=\"mailto:protecciondatos@galacteum.com\">protecciondatos@galacteum.com<\/a> PE A Madanela, 44-48, 15800 Melide, Coru\u00f1a<\/td>\n<\/tr>\n<tr>\n<th>M\u00c1IS INFORMACI\u00d3N<\/th>\n<td><a href=\"\/gl\/politica-de-privacidade\/\" rel=\"nofollow\">Pol\u00edtica de privacidade<\/a><br \/>\n\t\t\t\t\t\t<a href=\"https:\/\/www.aepd.es\/es\" rel=\"nofollow\">www.AEPD.com<\/a>\n\t\t\t\t\t<\/td>\n<\/tr>\n<\/tbody>\n<\/table>\n<\/div>\n<div> <span class=\"wpcf7-form-control-wrap aceptacion-ley-de-proteccion\"><span class=\"wpcf7-form-control wpcf7-acceptance\"><span class=\"wpcf7-list-item\"><input type=\"checkbox\" name=\"aceptacion-ley-de-proteccion\" value=\"1\" aria-invalid=\"false\" \/><\/span><\/span><\/span> Ao marcar esta casa acepto o tratamento dos meus datos conforme se indica nesta <a target=\"popup\" href=\"\/politica-de-privacidad\/\"> pol\u00edtica de privacidade<\/a>.<\/div>\n<div style=\"margin-top:15px;\"><input type=\"submit\" value=\"Enviar\" class=\"wpcf7-form-control wpcf7-submit\" \/><\/div>\n<div class=\"wpcf7-response-output\" aria-hidden=\"true\"><\/div><\/form><\/div>[\/vc_tta_section][\/vc_tta_accordion][\/vc_column][\/vc_row][vc_row full_width=&#8221;stretch_row&#8221; foundry_padding=&#8221;pt0 pb0&#8243; el_class=&#8221;post-header hidden&#8221;][vc_column][vc_raw_html]JTNDaW1nJTIwY2xhc3MlM0QlMjJvbmRhLWdpcm8lMjBoaWRkZW4teHMlMjBoaWRkZW4tc20lMjIlMjBzcmMlM0QlMjIlMkZ3cC1jb250ZW50JTJGdXBsb2FkcyUyRjIwMTklMkYwOCUyRkdBTEFDVEVVTS1vbmRhLXByZWZmb3Rlci5zdmclMjIlM0UlMEElM0NpbWclMjBjbGFzcyUzRCUyMm9uZGEtZ2lybyUyMHZpc2libGUteHMlMjB2aXNpYmxlLXNtJTIyJTIwc3JjJTNEJTIyJTJGd3AtY29udGVudCUyRnVwbG9hZHMlMkYyMDE5JTJGMDglMkZHQUxBQ1RFVU0tb25kYS1wcmVmZm90ZXItTVYuc3ZnJTIyJTNF[\/vc_raw_html][\/vc_column][\/vc_row]<\/p>\n","protected":false},"excerpt":{"rendered":"<p>[vc_row foundry_background_style=&#8221;bg-dark&#8221; foundry_padding=&#8221;pb0&#8243;][vc_column width=&#8221;2\/3&#8243; offset=&#8221;vc_col-lg-offset-2 vc_col-md-offset-2 vc_col-xs-12&#8243;][vc_empty_space height=&#8221;80px&#8221;][\/vc_column][\/vc_row][vc_row foundry_background_style=&#8221;bg-dark&#8221; foundry_padding=&#8221;pt0&#8243; el_class=&#8221;columna&#8221;][vc_column css_animation=&#8221;none&#8221; width=&#8221;1\/2&#8243; el_class=&#8221;columna-info-contact-2 visible-xs visible-sm&#8221;][vc_column_text css_animation=&#8221;none&#8221;] Contacta connosco e redescubre&#8230;<\/p>\n","protected":false},"author":1,"featured_media":0,"parent":0,"menu_order":0,"comment_status":"closed","ping_status":"closed","template":"","meta":[],"yoast_head":"<!-- This site is optimized with the Yoast SEO plugin v15.3 - https:\/\/yoast.com\/wordpress\/plugins\/seo\/ -->\n<title>Contacto | GALACTEUM<\/title>\n<meta name=\"description\" content=\"Contacta con n\u00f3s no tel\u00e9fono 981 506 409 ou v\u00eda email info@galacteum.com. Estamos no Parque Empresarial A Madanela P 44-48, 15800 A Coru\u00f1a, Espa\u00f1a\" \/>\n<meta name=\"robots\" content=\"index, follow, max-snippet:-1, max-image-preview:large, max-video-preview:-1\" \/>\n<link rel=\"canonical\" href=\"https:\/\/www.galacteum.com\/gl\/contacto\/\" \/>\n<meta property=\"og:locale\" content=\"gl_ES\" \/>\n<meta property=\"og:type\" content=\"article\" \/>\n<meta property=\"og:title\" content=\"GALACTEUM | Contacto\" \/>\n<meta property=\"og:description\" content=\"Contacta con n\u00f3s no tel\u00e9fono 981 506 409 ou v\u00eda email info@galacteum.com. Estamos no Parque Empresarial A Madanela P 44-48, 15800 A Coru\u00f1a, Espa\u00f1a\" \/>\n<meta property=\"og:url\" content=\"https:\/\/www.galacteum.com\/gl\/contacto\/\" \/>\n<meta property=\"og:site_name\" content=\"GALACTEUM\" \/>\n<meta property=\"article:modified_time\" content=\"2024-02-15T18:16:23+00:00\" \/>\n<meta property=\"og:image\" content=\"https:\/\/www.galacteum.com\/wp-content\/uploads\/2020\/04\/galacteum-seo-fb.png\" \/>\n\t<meta property=\"og:image:width\" content=\"1200\" \/>\n\t<meta property=\"og:image:height\" content=\"630\" \/>\n<meta name=\"twitter:card\" content=\"summary_large_image\" \/>\n<meta name=\"twitter:title\" content=\"GALACTEUM | Contacto\" \/>\n<meta name=\"twitter:description\" content=\"Contacta con n\u00f3s no tel\u00e9fono 981 506 409 ou v\u00eda email info@galacteum.com. Estamos no Parque Empresarial A Madanela P 44-48, 15800 A Coru\u00f1a, Espa\u00f1a\" \/>\n<meta name=\"twitter:image\" content=\"https:\/\/www.galacteum.com\/wp-content\/uploads\/2020\/04\/galacteum-seo-tw.png\" \/>\n<meta name=\"twitter:label1\" content=\"Escrito por\">\n\t<meta name=\"twitter:data1\" content=\"galawp\">\n\t<meta name=\"twitter:label2\" content=\"Tempo de lectura\">\n\t<meta name=\"twitter:data2\" content=\"2 minutos\">\n<script type=\"application\/ld+json\" class=\"yoast-schema-graph\">{\"@context\":\"https:\/\/schema.org\",\"@graph\":[{\"@type\":\"Organization\",\"@id\":\"https:\/\/www.galacteum.com\/#organization\",\"name\":\"GALACTEUM\",\"url\":\"https:\/\/www.galacteum.com\/\",\"sameAs\":[\"https:\/\/www.linkedin.com\/company\/galacteum\/\"],\"logo\":{\"@type\":\"ImageObject\",\"@id\":\"https:\/\/www.galacteum.com\/#logo\",\"inLanguage\":\"gl-ES\",\"url\":\"https:\/\/www.galacteum.com\/wp-content\/uploads\/2020\/04\/galacteum-seo-tw.png\",\"width\":1025,\"height\":520,\"caption\":\"GALACTEUM\"},\"image\":{\"@id\":\"https:\/\/www.galacteum.com\/#logo\"}},{\"@type\":\"WebSite\",\"@id\":\"https:\/\/www.galacteum.com\/#website\",\"url\":\"https:\/\/www.galacteum.com\/\",\"name\":\"GALACTEUM\",\"description\":\"rediscovering the milky way\",\"publisher\":{\"@id\":\"https:\/\/www.galacteum.com\/#organization\"},\"potentialAction\":[{\"@type\":\"SearchAction\",\"target\":\"https:\/\/www.galacteum.com\/?s={search_term_string}\",\"query-input\":\"required name=search_term_string\"}],\"inLanguage\":\"gl-ES\"},{\"@type\":\"WebPage\",\"@id\":\"https:\/\/www.galacteum.com\/gl\/contacto\/#webpage\",\"url\":\"https:\/\/www.galacteum.com\/gl\/contacto\/\",\"name\":\"Contacto | GALACTEUM\",\"isPartOf\":{\"@id\":\"https:\/\/www.galacteum.com\/#website\"},\"datePublished\":\"2019-08-26T16:12:01+00:00\",\"dateModified\":\"2024-02-15T18:16:23+00:00\",\"description\":\"Contacta con n\\u00f3s no tel\\u00e9fono 981 506 409 ou v\\u00eda email info@galacteum.com. Estamos no Parque Empresarial A Madanela P 44-48, 15800 A Coru\\u00f1a, Espa\\u00f1a\",\"inLanguage\":\"gl-ES\",\"potentialAction\":[{\"@type\":\"ReadAction\",\"target\":[\"https:\/\/www.galacteum.com\/gl\/contacto\/\"]}]}]}<\/script>\n<!-- \/ Yoast SEO plugin. -->","_links":{"self":[{"href":"https:\/\/www.galacteum.com\/gl\/wp-json\/wp\/v2\/pages\/728"}],"collection":[{"href":"https:\/\/www.galacteum.com\/gl\/wp-json\/wp\/v2\/pages"}],"about":[{"href":"https:\/\/www.galacteum.com\/gl\/wp-json\/wp\/v2\/types\/page"}],"author":[{"embeddable":true,"href":"https:\/\/www.galacteum.com\/gl\/wp-json\/wp\/v2\/users\/1"}],"replies":[{"embeddable":true,"href":"https:\/\/www.galacteum.com\/gl\/wp-json\/wp\/v2\/comments?post=728"}],"version-history":[{"count":1,"href":"https:\/\/www.galacteum.com\/gl\/wp-json\/wp\/v2\/pages\/728\/revisions"}],"predecessor-version":[{"id":1723,"href":"https:\/\/www.galacteum.com\/gl\/wp-json\/wp\/v2\/pages\/728\/revisions\/1723"}],"wp:attachment":[{"href":"https:\/\/www.galacteum.com\/gl\/wp-json\/wp\/v2\/media?parent=728"}],"curies":[{"name":"wp","href":"https:\/\/api.w.org\/{rel}","templated":true}]}}