{"id":722,"date":"2019-08-26T18:10:58","date_gmt":"2019-08-26T16:10:58","guid":{"rendered":"https:\/\/www.galacteum.com\/marcas\/"},"modified":"2025-02-17T11:06:27","modified_gmt":"2025-02-17T10:06:27","slug":"marcas","status":"publish","type":"page","link":"https:\/\/www.galacteum.com\/gl\/marcas\/","title":{"rendered":"Marcas"},"content":{"rendered":"<p>[vc_row foundry_background_style=&#8221;bg-dark&#8221;][vc_column width=&#8221;2\/3&#8243; offset=&#8221;vc_col-lg-offset-2 vc_col-md-offset-2 vc_col-xs-12&#8243;][vc_empty_space height=&#8221;80px&#8221; el_class=&#8221;visible-xs visible-sm&#8221;][vc_column_text css_animation=&#8221;fadeIn&#8221;]<\/p>\n<h1>Descubre as nosas marcas con luz propia<\/h1>\n<p>[\/vc_column_text][vc_column_text css_animation=&#8221;fadeInUp&#8221;]O noso obxectivo \u00e9 redescubrir o sector a trav\u00e9s da innovaci\u00f3n e a posta en valor do produto no mercado nacional e internacional.[\/vc_column_text][\/vc_column][\/vc_row][vc_row full_width=&#8221;stretch_row&#8221; foundry_padding=&#8221;pt0 pb0&#8243; el_class=&#8221;post-header&#8221;][vc_column][vc_raw_html]JTNDaW1nJTIwY2xhc3MlM0QlMjJvbmRhLWdpcm8lMjBoaWRkZW4teHMlMjBoaWRkZW4tc20lMjIlMjBzcmMlM0QlMjIlMkZ3cC1jb250ZW50JTJGdXBsb2FkcyUyRjIwMTklMkYwOCUyRkdBTEFDVEVVTS1vbmRhLXByZWZmb3Rlci5zdmclMjIlM0UlMEElM0NpbWclMjBjbGFzcyUzRCUyMm9uZGEtZ2lybyUyMHZpc2libGUteHMlMjB2aXNpYmxlLXNtJTIyJTIwc3JjJTNEJTIyJTJGd3AtY29udGVudCUyRnVwbG9hZHMlMkYyMDE5JTJGMDglMkZHQUxBQ1RFVU0tb25kYS1wcmVmZm90ZXItTVYuc3ZnJTIyJTNF[\/vc_raw_html][\/vc_column][\/vc_row][vc_row el_class=&#8221;hidden&#8221;][vc_column css_animation=&#8221;slideInDown&#8221; width=&#8221;1\/3&#8243; el_class=&#8221;columna columna-deleitar&#8221;][vc_single_image image=&#8221;165&#8243; img_size=&#8221;&#8221; alignment=&#8221;center&#8221; css_animation=&#8221;fadeInUp&#8221; el_class=&#8221;marcas&#8221;][vc_column_text css_animation=&#8221;fadeIn&#8221;]<\/p>\n<h2>Deleitar<\/h2>\n<p>La mejor combinaci\u00f3n entre tradici\u00f3n e innovaci\u00f3n para producir nuestras leches \u00fanicas y deliciosos productos l\u00e1cteos como helados, quesos, natas o mantequilla.<\/p>\n<p><a class=\"btn\" href=\"https:\/\/deleitar.es\" target=\"_blank\" rel=\"noopener noreferrer\">Ver m\u00e1s<\/a>[\/vc_column_text][\/vc_column][vc_column css_animation=&#8221;slideInDown&#8221; width=&#8221;1\/3&#8243; el_class=&#8221;columna&#8221;][vc_single_image image=&#8221;164&#8243; img_size=&#8221;&#8221; alignment=&#8221;center&#8221; css_animation=&#8221;fadeInUp&#8221; el_class=&#8221;marcas&#8221;][vc_column_text css_animation=&#8221;fadeIn&#8221;]<\/p>\n<h2>Tres Viajeros<\/h2>\n<p>Quesos elaborados con leche pasteurizada de vaca disponibles en las variedades dos D.O.P. Arz\u00faa-Ulloa, suave y delicado al paladar y Tetilla, tierno y cremoso en boca.<\/p>\n<p><a class=\"btn\" href=\"http:\/\/www.tresviajeros.com\" target=\"_blank\" rel=\"noopener noreferrer\">Ver m\u00e1s<\/a>[\/vc_column_text][\/vc_column][\/vc_row][vc_row foundry_padding=&#8221;pt0&#8243;][vc_column css_animation=&#8221;slideInDown&#8221; el_class=&#8221;columna columna-deleitar columna-marca&#8221;][vc_row_inner][vc_column_inner width=&#8221;1\/3&#8243;][vc_single_image image=&#8221;165&#8243; img_size=&#8221;&#8221; alignment=&#8221;center&#8221; css_animation=&#8221;fadeInUp&#8221; el_class=&#8221;marcas&#8221;][\/vc_column_inner][vc_column_inner width=&#8221;2\/3&#8243;][vc_column_text css_animation=&#8221;fadeIn&#8221;]<\/p>\n<h2>Deleitar<\/h2>\n<p class=\"p-block\">Marca orientada ao consumidor final. Disp\u00f3n dunha variedade de produto fresco pasteurizado, tanto para Canle retail como Food service.<\/p>\n<p><a class=\"btn\" href=\"https:\/\/deleitar.es\" target=\"_blank\" rel=\"noopener noreferrer\">Ver m\u00e1is<\/a>[\/vc_column_text][\/vc_column_inner][\/vc_row_inner][\/vc_column][vc_column css_animation=&#8221;slideInRight&#8221; el_class=&#8221;columna columna-marca&#8221;][vc_row_inner][vc_column_inner width=&#8221;1\/3&#8243;][vc_single_image image=&#8221;164&#8243; img_size=&#8221;&#8221; alignment=&#8221;center&#8221; css_animation=&#8221;fadeInUp&#8221; el_class=&#8221;marcas&#8221;][\/vc_column_inner][vc_column_inner width=&#8221;2\/3&#8243;][vc_column_text css_animation=&#8221;fadeIn&#8221;]<\/p>\n<h2>Tres Viajeros<\/h2>\n<p class=\"p-block\">Queixos elaborados con leite pasteurizado de vaca: DOP Arz\u00faa, DOP Tetilla, barra galega, liscos&#8230;<\/p>\n<p><a class=\"btn\" href=\"http:\/\/www.tresviajeros.com\" target=\"_blank\" rel=\"noopener noreferrer\">Ver m\u00e1is<\/a>[\/vc_column_text][\/vc_column_inner][\/vc_row_inner][\/vc_column][\/vc_row]<\/p>\n","protected":false},"excerpt":{"rendered":"<p>[vc_row foundry_background_style=&#8221;bg-dark&#8221;][vc_column width=&#8221;2\/3&#8243; offset=&#8221;vc_col-lg-offset-2 vc_col-md-offset-2 vc_col-xs-12&#8243;][vc_empty_space height=&#8221;80px&#8221; el_class=&#8221;visible-xs visible-sm&#8221;][vc_column_text css_animation=&#8221;fadeIn&#8221;] Descubre as nosas marcas con luz propia [\/vc_column_text][vc_column_text css_animation=&#8221;fadeInUp&#8221;]O noso obxectivo&#8230;<\/p>\n","protected":false},"author":1,"featured_media":0,"parent":0,"menu_order":0,"comment_status":"closed","ping_status":"closed","template":"","meta":[],"yoast_head":"<!-- This site is optimized with the Yoast SEO plugin v15.3 - https:\/\/yoast.com\/wordpress\/plugins\/seo\/ -->\n<title>Marcas | GALACTEUM<\/title>\n<meta name=\"description\" content=\"En GALACTEUM po\u00f1emos en valor os nosos produtos l\u00e1cteos a trav\u00e9s das nosas marcas con luz propia, Deleitar, Folerpas e Tres Viaxeiros. Co\u00f1\u00e9ceas aqu\u00ed!\" \/>\n<meta name=\"robots\" content=\"index, follow, max-snippet:-1, max-image-preview:large, max-video-preview:-1\" \/>\n<link rel=\"canonical\" href=\"https:\/\/www.galacteum.com\/gl\/marcas\/\" \/>\n<meta property=\"og:locale\" content=\"gl_ES\" \/>\n<meta property=\"og:type\" content=\"article\" \/>\n<meta property=\"og:title\" content=\"GALACTEUM | Marcas\" \/>\n<meta property=\"og:description\" content=\"En GALACTEUM po\u00f1emos en valor os nosos produtos l\u00e1cteos a trav\u00e9s das nosas marcas con luz propia, Deleitar, Folerpas e Tres Viaxeiros. Co\u00f1\u00e9ceas aqu\u00ed!\" \/>\n<meta property=\"og:url\" content=\"https:\/\/www.galacteum.com\/gl\/marcas\/\" \/>\n<meta property=\"og:site_name\" content=\"GALACTEUM\" \/>\n<meta property=\"article:modified_time\" content=\"2025-02-17T10:06:27+00:00\" \/>\n<meta property=\"og:image\" content=\"https:\/\/www.galacteum.com\/wp-content\/uploads\/2020\/04\/galacteum-seo-fb.png\" \/>\n\t<meta property=\"og:image:width\" content=\"1200\" \/>\n\t<meta property=\"og:image:height\" content=\"630\" \/>\n<meta name=\"twitter:card\" content=\"summary_large_image\" \/>\n<meta name=\"twitter:title\" content=\"GALACTEUM | Marcas\" \/>\n<meta name=\"twitter:description\" content=\"En GALACTEUM po\u00f1emos en valor os nosos produtos l\u00e1cteos a trav\u00e9s das nosas marcas con luz propia, Deleitar, Folerpas e Tres Viaxeiros. Co\u00f1\u00e9ceas aqu\u00ed!\" \/>\n<meta name=\"twitter:image\" content=\"https:\/\/www.galacteum.com\/wp-content\/uploads\/2020\/04\/galacteum-seo-tw.png\" \/>\n<meta name=\"twitter:label1\" content=\"Escrito por\">\n\t<meta name=\"twitter:data1\" content=\"galawp\">\n\t<meta name=\"twitter:label2\" content=\"Tempo de lectura\">\n\t<meta name=\"twitter:data2\" content=\"2 minutos\">\n<script type=\"application\/ld+json\" class=\"yoast-schema-graph\">{\"@context\":\"https:\/\/schema.org\",\"@graph\":[{\"@type\":\"Organization\",\"@id\":\"https:\/\/www.galacteum.com\/#organization\",\"name\":\"GALACTEUM\",\"url\":\"https:\/\/www.galacteum.com\/\",\"sameAs\":[\"https:\/\/www.linkedin.com\/company\/galacteum\/\"],\"logo\":{\"@type\":\"ImageObject\",\"@id\":\"https:\/\/www.galacteum.com\/#logo\",\"inLanguage\":\"gl-ES\",\"url\":\"https:\/\/www.galacteum.com\/wp-content\/uploads\/2020\/04\/galacteum-seo-tw.png\",\"width\":1025,\"height\":520,\"caption\":\"GALACTEUM\"},\"image\":{\"@id\":\"https:\/\/www.galacteum.com\/#logo\"}},{\"@type\":\"WebSite\",\"@id\":\"https:\/\/www.galacteum.com\/#website\",\"url\":\"https:\/\/www.galacteum.com\/\",\"name\":\"GALACTEUM\",\"description\":\"rediscovering the milky way\",\"publisher\":{\"@id\":\"https:\/\/www.galacteum.com\/#organization\"},\"potentialAction\":[{\"@type\":\"SearchAction\",\"target\":\"https:\/\/www.galacteum.com\/?s={search_term_string}\",\"query-input\":\"required name=search_term_string\"}],\"inLanguage\":\"gl-ES\"},{\"@type\":\"WebPage\",\"@id\":\"https:\/\/www.galacteum.com\/gl\/marcas\/#webpage\",\"url\":\"https:\/\/www.galacteum.com\/gl\/marcas\/\",\"name\":\"Marcas | GALACTEUM\",\"isPartOf\":{\"@id\":\"https:\/\/www.galacteum.com\/#website\"},\"datePublished\":\"2019-08-26T16:10:58+00:00\",\"dateModified\":\"2025-02-17T10:06:27+00:00\",\"description\":\"En GALACTEUM po\\u00f1emos en valor os nosos produtos l\\u00e1cteos a trav\\u00e9s das nosas marcas con luz propia, Deleitar, Folerpas e Tres Viaxeiros. Co\\u00f1\\u00e9ceas aqu\\u00ed!\",\"inLanguage\":\"gl-ES\",\"potentialAction\":[{\"@type\":\"ReadAction\",\"target\":[\"https:\/\/www.galacteum.com\/gl\/marcas\/\"]}]}]}<\/script>\n<!-- \/ Yoast SEO plugin. -->","_links":{"self":[{"href":"https:\/\/www.galacteum.com\/gl\/wp-json\/wp\/v2\/pages\/722"}],"collection":[{"href":"https:\/\/www.galacteum.com\/gl\/wp-json\/wp\/v2\/pages"}],"about":[{"href":"https:\/\/www.galacteum.com\/gl\/wp-json\/wp\/v2\/types\/page"}],"author":[{"embeddable":true,"href":"https:\/\/www.galacteum.com\/gl\/wp-json\/wp\/v2\/users\/1"}],"replies":[{"embeddable":true,"href":"https:\/\/www.galacteum.com\/gl\/wp-json\/wp\/v2\/comments?post=722"}],"version-history":[{"count":3,"href":"https:\/\/www.galacteum.com\/gl\/wp-json\/wp\/v2\/pages\/722\/revisions"}],"predecessor-version":[{"id":1779,"href":"https:\/\/www.galacteum.com\/gl\/wp-json\/wp\/v2\/pages\/722\/revisions\/1779"}],"wp:attachment":[{"href":"https:\/\/www.galacteum.com\/gl\/wp-json\/wp\/v2\/media?parent=722"}],"curies":[{"name":"wp","href":"https:\/\/api.w.org\/{rel}","templated":true}]}}