{"id":797,"date":"2019-08-26T18:12:01","date_gmt":"2019-08-26T16:12:01","guid":{"rendered":"https:\/\/www.galacteum.com\/contacto\/"},"modified":"2024-02-15T19:15:04","modified_gmt":"2024-02-15T18:15:04","slug":"contact","status":"publish","type":"page","link":"https:\/\/www.galacteum.com\/en\/contact\/","title":{"rendered":"Contact"},"content":{"rendered":"<p>[vc_row foundry_background_style=&#8221;bg-dark&#8221; foundry_padding=&#8221;pb0&#8243;][vc_column width=&#8221;2\/3&#8243; offset=&#8221;vc_col-lg-offset-2 vc_col-md-offset-2 vc_col-xs-12&#8243;][vc_empty_space height=&#8221;80px&#8221;][\/vc_column][\/vc_row][vc_row foundry_background_style=&#8221;bg-dark&#8221; foundry_padding=&#8221;pt0&#8243; el_class=&#8221;columna&#8221;][vc_column css_animation=&#8221;none&#8221; width=&#8221;1\/2&#8243; el_class=&#8221;columna-info-contact-2 visible-xs visible-sm&#8221;][vc_column_text css_animation=&#8221;none&#8221;]<\/p>\n<h1>Contact us and rediscover the Milky Way<\/h1>\n<p>[\/vc_column_text][vc_row_inner][vc_column_inner width=&#8221;1\/4&#8243; offset=&#8221;vc_col-xs-3&#8243;][vc_single_image image=&#8221;190&#8243; img_size=&#8221;&#8221; alignment=&#8221;right&#8221; css_animation=&#8221;fadeIn&#8221; el_class=&#8221;ico-contact&#8221;][\/vc_column_inner][vc_column_inner width=&#8221;3\/4&#8243; offset=&#8221;vc_col-xs-9&#8243;][vc_column_text]<a href=\"https:\/\/goo.gl\/maps\/sYSEGJcyzSTB5rS2A\">Parque Empresarial A Madanela<br \/>\nParcela 44-48, 15800<br \/>\nMelide &#8211; A Coru\u00f1a \u2013 Espa\u00f1a<\/a>[\/vc_column_text][\/vc_column_inner][\/vc_row_inner][vc_row_inner][vc_column_inner width=&#8221;1\/4&#8243; offset=&#8221;vc_col-xs-3&#8243;][vc_single_image image=&#8221;192&#8243; img_size=&#8221;&#8221; alignment=&#8221;right&#8221; css_animation=&#8221;fadeIn&#8221; el_class=&#8221;ico-contact&#8221;][\/vc_column_inner][vc_column_inner width=&#8221;3\/4&#8243; offset=&#8221;vc_col-xs-9&#8243;][vc_column_text]<\/p>\n<p style=\"padding: 7% 0;\"><a href=\"tel:+34981506409\">981 506 409<\/a><\/p>\n<p>[\/vc_column_text][\/vc_column_inner][\/vc_row_inner][vc_row_inner][vc_column_inner width=&#8221;1\/4&#8243; offset=&#8221;vc_col-xs-3&#8243;][vc_single_image image=&#8221;191&#8243; img_size=&#8221;&#8221; alignment=&#8221;right&#8221; css_animation=&#8221;fadeIn&#8221; el_class=&#8221;ico-contact&#8221;][\/vc_column_inner][vc_column_inner width=&#8221;3\/4&#8243; offset=&#8221;vc_col-xs-9&#8243;][vc_column_text]<\/p>\n<p style=\"padding: 7% 0;\"><a href=\"mailto:info.melide@aira.es\">info.melide@aira.es<\/a><\/p>\n<p>[\/vc_column_text][\/vc_column_inner][\/vc_row_inner][\/vc_column][vc_column css_animation=&#8221;slideInRight&#8221; el_class=&#8221;columna columna-contact&#8221;]<div role=\"form\" class=\"wpcf7\" id=\"wpcf7-f799-o1\" lang=\"es-ES\" dir=\"ltr\">\n<div class=\"screen-reader-response\"><p role=\"status\" aria-live=\"polite\" aria-atomic=\"true\"><\/p> <ul><\/ul><\/div>\n<form action=\"\/en\/wp-json\/wp\/v2\/pages\/797#wpcf7-f799-o1\" method=\"post\" class=\"wpcf7-form init\" novalidate=\"novalidate\" data-status=\"init\">\n<div style=\"display: none;\">\n<input type=\"hidden\" name=\"_wpcf7\" value=\"799\" \/>\n<input type=\"hidden\" name=\"_wpcf7_version\" value=\"5.3\" \/>\n<input type=\"hidden\" name=\"_wpcf7_locale\" value=\"es_ES\" \/>\n<input type=\"hidden\" name=\"_wpcf7_unit_tag\" value=\"wpcf7-f799-o1\" \/>\n<input type=\"hidden\" name=\"_wpcf7_container_post\" value=\"0\" \/>\n<input type=\"hidden\" name=\"_wpcf7_posted_data_hash\" value=\"\" \/>\n<input type=\"hidden\" name=\"_wpcf7_recaptcha_response\" value=\"\" \/>\n<\/div>\n<h4 style=\"color:#002547;\">Fill with your answers and we will get back to you<\/h4>\n<p><label> Name*<br \/>\n    <span class=\"wpcf7-form-control-wrap your-name\"><input type=\"text\" name=\"your-name\" value=\"\" size=\"40\" class=\"wpcf7-form-control wpcf7-text wpcf7-validates-as-required\" aria-required=\"true\" aria-invalid=\"false\" \/><\/span> <\/label><\/p>\n<p><label> Email*<br \/>\n    <span class=\"wpcf7-form-control-wrap your-email\"><input type=\"email\" name=\"your-email\" value=\"\" size=\"40\" class=\"wpcf7-form-control wpcf7-text wpcf7-email wpcf7-validates-as-required wpcf7-validates-as-email\" aria-required=\"true\" aria-invalid=\"false\" \/><\/span> <\/label><\/p>\n<p><label> Topic<br \/>\n    <span class=\"wpcf7-form-control-wrap your-subject\"><input type=\"text\" name=\"your-subject\" value=\"\" size=\"40\" class=\"wpcf7-form-control wpcf7-text\" aria-invalid=\"false\" \/><\/span> <\/label><\/p>\n<p><label> Message*<br \/>\n    <span class=\"wpcf7-form-control-wrap your-message\"><textarea name=\"your-message\" cols=\"40\" rows=\"10\" class=\"wpcf7-form-control wpcf7-textarea wpcf7-validates-as-required\" aria-required=\"true\" aria-invalid=\"false\"><\/textarea><\/span> <\/label><\/p>\n<div style=\"overflow:overlay; height: 150px;\" class=\"politics-contact\">\n<p>\n\t\t<span style=\"font-weight: bold; text-decoration: underline;\">Notice. Basic information about Data Protection.<\/span> Data protection policy must be accepted to send the contact form. <\/p>\n<table>\n<tbody>\n<tr>\n<th> Data Controller<\/th>\n<td>Dairylac SL id. N\u00ba B15775570. Postal address PE A Madanela, 44-48, 15800 Melide, Coru\u00f1a<\/td>\n<\/tr>\n<tr>\n<th>Purpose<\/th>\n<td>To answer your questions and manage your comments<\/td>\n<\/tr>\n<tr>\n<th>Legitimacy<\/th>\n<td>Consent of the interested party expressly, freely and unequivocally submitted when you accept this Privacy Policy before sending any form.<\/td>\n<\/tr>\n<tr>\n<th>Conservation term<\/th>\n<td>1 year -unless the interested party requests otherwise-<\/td>\n<\/tr>\n<tr>\n<th>Recipients<\/th>\n<td>No data will be disclosed to third parties, unless legally obliged or expressly authorized.<\/td>\n<\/tr>\n<tr>\n<th>Rights<\/th>\n<td>Access, rectification or deletion, limitation on processing, cancellation or opposition and portability<\/td>\n<\/tr>\n<tr>\n<th>How to exercise your rights<\/th>\n<td><a href=\"mailto:protecciondatos@aira.es\">protecciondatos@aira.es<\/a> OR PE A Madanela, 44-48, 15800 Melide, Coru\u00f1a<\/td>\n<\/tr>\n<tr>\n<th>More info<\/th>\n<td><a href=\"\/en\/privacy-policy\/\" rel=\"nofollow\">Privacy policy<\/a><br \/>\n\t\t\t\t\t\t<a href=\"https:\/\/www.aepd.es\/es\" rel=\"nofollow\">www.AEPD.com<\/a>\n\t\t\t\t\t<\/td>\n<\/tr>\n<\/tbody>\n<\/table>\n<\/div>\n<div style=\"margin-bottom:15px;\"> <span class=\"wpcf7-form-control-wrap aceptacion-ley-de-proteccion\"><span class=\"wpcf7-form-control wpcf7-acceptance\"><span class=\"wpcf7-list-item\"><input type=\"checkbox\" name=\"aceptacion-ley-de-proteccion\" value=\"1\" aria-invalid=\"false\" \/><\/span><\/span><\/span> By clicking in this checkbox I do accept the treatment of my data accordingly to this <a target=\"popup\" href=\"\/privacy-policy\/?lang=en\/\"> privacy policy.<\/a><\/div>\n<div style=\"margin-bottom:15px;\"><input type=\"submit\" value=\"Send\" class=\"wpcf7-form-control wpcf7-submit\" \/><\/div>\n<p class=\"captcha-txt\">This website is protected by reCAPTCHA <a href=\"https:\/\/www.google.com\/intl\/es\/policies\/privacy\/\">Privacy Policy <\/a> and <a href=\"https:\/\/www.google.com\/intl\/es\/policies\/terms\/\">Google\u00b4s Terms of Service<\/a>.<\/p>\n<div class=\"wpcf7-response-output\" aria-hidden=\"true\"><\/div><\/form><\/div>[\/vc_column][vc_column css_animation=&#8221;slideInLeft&#8221; width=&#8221;1\/2&#8243; el_class=&#8221;columna-info-contact hidden-xs hidden-sm&#8221;][vc_column_text css_animation=&#8221;fadeIn&#8221;]<\/p>\n<h1>Contact us and rediscover the Milky Way<\/h1>\n<p>[\/vc_column_text][vc_row_inner equal_height=&#8221;yes&#8221;][vc_column_inner width=&#8221;1\/4&#8243;][vc_single_image image=&#8221;190&#8243; img_size=&#8221;&#8221; alignment=&#8221;center&#8221; el_class=&#8221;ico&#8221;][\/vc_column_inner][vc_column_inner width=&#8221;3\/4&#8243;][vc_column_text]<a href=\"https:\/\/goo.gl\/maps\/sYSEGJcyzSTB5rS2A\">Parque Empresarial A Madanela<br \/>\nParcela 44-48, 15800<br \/>\nMelide &#8211; A Coru\u00f1a \u2013 Espa\u00f1a<\/a>[\/vc_column_text][\/vc_column_inner][vc_column_inner width=&#8221;1\/4&#8243;][vc_single_image image=&#8221;192&#8243; img_size=&#8221;&#8221; alignment=&#8221;center&#8221; el_class=&#8221;ico&#8221;][\/vc_column_inner][vc_column_inner width=&#8221;3\/4&#8243;][vc_column_text]<\/p>\n<p style=\"padding: 7% 0;\">981 506 409<\/p>\n<p>[\/vc_column_text][\/vc_column_inner][vc_column_inner width=&#8221;1\/4&#8243; offset=&#8221;vc_col-lg-offset-0&#8243;][vc_single_image image=&#8221;191&#8243; img_size=&#8221;&#8221; alignment=&#8221;center&#8221; el_class=&#8221;ico&#8221;][\/vc_column_inner][vc_column_inner width=&#8221;3\/4&#8243;][vc_column_text]<\/p>\n<p style=\"padding: 7% 0;\"><a href=\"mailto:info.melide@aira.es\">info.melide@aira.es<\/a><\/p>\n<p>[\/vc_column_text][\/vc_column_inner][\/vc_row_inner][\/vc_column][vc_column css_animation=&#8221;slideInLeft&#8221; width=&#8221;1\/2&#8243; el_class=&#8221;columna-info-job&#8221;][vc_column_text]<\/p>\n<h2>Work with us<\/h2>\n<p>[\/vc_column_text][vc_tta_accordion color=&#8221;white&#8221; active_section=&#8221;99&#8243; collapsible_all=&#8221;true&#8221;][vc_tta_section title=&#8221;Send CV&#8221; tab_id=&#8221;send-cv&#8221;]<div role=\"form\" class=\"wpcf7\" id=\"wpcf7-f963-o2\" lang=\"es-ES\" dir=\"ltr\">\n<div class=\"screen-reader-response\"><p role=\"status\" aria-live=\"polite\" aria-atomic=\"true\"><\/p> <ul><\/ul><\/div>\n<form action=\"\/en\/wp-json\/wp\/v2\/pages\/797#wpcf7-f963-o2\" method=\"post\" class=\"wpcf7-form init\" enctype=\"multipart\/form-data\" novalidate=\"novalidate\" data-status=\"init\">\n<div style=\"display: none;\">\n<input type=\"hidden\" name=\"_wpcf7\" value=\"963\" \/>\n<input type=\"hidden\" name=\"_wpcf7_version\" value=\"5.3\" \/>\n<input type=\"hidden\" name=\"_wpcf7_locale\" value=\"es_ES\" \/>\n<input type=\"hidden\" name=\"_wpcf7_unit_tag\" value=\"wpcf7-f963-o2\" \/>\n<input type=\"hidden\" name=\"_wpcf7_container_post\" value=\"0\" \/>\n<input type=\"hidden\" name=\"_wpcf7_posted_data_hash\" value=\"\" \/>\n<input type=\"hidden\" name=\"_wpcf7_recaptcha_response\" value=\"\" \/>\n<\/div>\n<p><label> Nombre y apellidos*<br \/>\n    <span class=\"wpcf7-form-control-wrap your-name\"><input type=\"text\" name=\"your-name\" value=\"\" size=\"40\" class=\"wpcf7-form-control wpcf7-text wpcf7-validates-as-required\" aria-required=\"true\" aria-invalid=\"false\" \/><\/span> <\/label><\/p>\n<p><label> Email*<br \/>\n    <span class=\"wpcf7-form-control-wrap your-email\"><input type=\"email\" name=\"your-email\" value=\"\" size=\"40\" class=\"wpcf7-form-control wpcf7-text wpcf7-email wpcf7-validates-as-required wpcf7-validates-as-email\" aria-required=\"true\" aria-invalid=\"false\" \/><\/span> <\/label><\/p>\n<p><span class=\"wpcf7-form-control-wrap cv\"><input type=\"file\" name=\"cv\" size=\"40\" class=\"wpcf7-form-control wpcf7-file wpcf7-validates-as-required\" accept=\".jpg,.jpeg,.png,.gif,.pdf,.doc,.docx,.ppt,.pptx,.odt,.avi,.ogg,.m4a,.mov,.mp3,.mp4,.mpg,.wav,.wmv\" aria-required=\"true\" aria-invalid=\"false\" \/><\/span><\/p>\n<div style=\"overflow: overlay; height: 150px;\" class=\"politics-contact\">\n<p>\n\t\t<span style=\"font-weight: bold; text-decoration: underline;\">Notice. Basic information about Data Protection.<\/span>Data protection policy must be accepted to send the contact form. <\/p>\n<table>\n<tbody>\n<tr>\n<th>Data Controller<\/th>\n<td>Dairylac SL id. N\u00ba B15775570 Postal address PE A Madanela, 44-48, 15800 Melide, Coru\u00f1a<\/td>\n<\/tr>\n<tr>\n<th>Purpose<\/th>\n<td>Management of personnel selection and application to current and future selection processes<\/td>\n<\/tr>\n<tr>\n<th>Legitimacy<\/th>\n<td>Consent of the interested party expressly, freely and unequivocally submitted when you accept this Privacy Policy before sending any form.<\/td>\n<\/tr>\n<tr>\n<th>Conservation term<\/th>\n<td>1 year -unless the interested party requests otherwise-<\/td>\n<\/tr>\n<tr>\n<th>Recipients<\/th>\n<td>No data will be disclosed to third parties, unless legally obliged or expressly authorized.<\/td>\n<\/tr>\n<tr>\n<th>Rights<\/th>\n<td>Access, rectification or deletion, limitation on processing, cancellation or opposition and portability<\/td>\n<\/tr>\n<tr>\n<th>How to exercise your rights<\/th>\n<td><a href=\"mailto:protecciondatos@galacteum.com\">protecciondatos@galacteum.com<\/a> OR PE A Madanela, 44-48, 15800 Melide, Coru\u00f1a<\/td>\n<\/tr>\n<tr>\n<th>More info<\/th>\n<td><a href=\"\/en\/privacy-policy\/\" rel=\"nofollow\">Privacy policy<\/a><br \/>\n\t\t\t\t\t\t<a href=\"https:\/\/www.aepd.es\/es\" rel=\"nofollow\">www.AEPD.com<\/a>\n\t\t\t\t\t<\/td>\n<\/tr>\n<\/tbody>\n<\/table>\n<\/div>\n<div> <span class=\"wpcf7-form-control-wrap aceptacion-ley-de-proteccion\"><span class=\"wpcf7-form-control wpcf7-acceptance\"><span class=\"wpcf7-list-item\"><input type=\"checkbox\" name=\"aceptacion-ley-de-proteccion\" value=\"1\" aria-invalid=\"false\" \/><\/span><\/span><\/span> By clicking in this checkbox I do accept the treatment of my data accordingly to this <a target=\"popup\" href=\"\/politica-de-privacidad\/\"> privacy policy<\/a>.<\/div>\n<div style=\"margin-top:15px;\"><input type=\"submit\" value=\"Enviar\" class=\"wpcf7-form-control wpcf7-submit\" \/><\/div>\n<div class=\"wpcf7-response-output\" aria-hidden=\"true\"><\/div><\/form><\/div>[\/vc_tta_section][\/vc_tta_accordion][\/vc_column][\/vc_row][vc_row full_width=&#8221;stretch_row&#8221; foundry_padding=&#8221;pt0 pb0&#8243; el_class=&#8221;post-header hidden&#8221;][vc_column][vc_raw_html]JTNDaW1nJTIwY2xhc3MlM0QlMjJvbmRhLWdpcm8lMjBoaWRkZW4teHMlMjBoaWRkZW4tc20lMjIlMjBzcmMlM0QlMjIlMkZ3cC1jb250ZW50JTJGdXBsb2FkcyUyRjIwMTklMkYwOCUyRkdBTEFDVEVVTS1vbmRhLXByZWZmb3Rlci5zdmclMjIlM0UlMEElM0NpbWclMjBjbGFzcyUzRCUyMm9uZGEtZ2lybyUyMHZpc2libGUteHMlMjB2aXNpYmxlLXNtJTIyJTIwc3JjJTNEJTIyJTJGd3AtY29udGVudCUyRnVwbG9hZHMlMkYyMDE5JTJGMDglMkZHQUxBQ1RFVU0tb25kYS1wcmVmZm90ZXItTVYuc3ZnJTIyJTNF[\/vc_raw_html][\/vc_column][\/vc_row]<\/p>\n","protected":false},"excerpt":{"rendered":"<p>[vc_row foundry_background_style=&#8221;bg-dark&#8221; foundry_padding=&#8221;pb0&#8243;][vc_column width=&#8221;2\/3&#8243; offset=&#8221;vc_col-lg-offset-2 vc_col-md-offset-2 vc_col-xs-12&#8243;][vc_empty_space height=&#8221;80px&#8221;][\/vc_column][\/vc_row][vc_row foundry_background_style=&#8221;bg-dark&#8221; foundry_padding=&#8221;pt0&#8243; el_class=&#8221;columna&#8221;][vc_column css_animation=&#8221;none&#8221; width=&#8221;1\/2&#8243; el_class=&#8221;columna-info-contact-2 visible-xs visible-sm&#8221;][vc_column_text css_animation=&#8221;none&#8221;] Contact us and rediscover&#8230;<\/p>\n","protected":false},"author":1,"featured_media":0,"parent":0,"menu_order":0,"comment_status":"closed","ping_status":"closed","template":"","meta":[],"yoast_head":"<!-- This site is optimized with the Yoast SEO plugin v15.3 - https:\/\/yoast.com\/wordpress\/plugins\/seo\/ -->\n<title>Contact | GALACTEUM<\/title>\n<meta name=\"description\" content=\"Contact us via phone 981 506 409 or v\u00eda email info@galacteum.com. We are in Parque Empresarial A Madanela P 44-48, 15800 A Coru\u00f1a, Espa\u00f1a.\" \/>\n<meta name=\"robots\" content=\"index, follow, max-snippet:-1, max-image-preview:large, max-video-preview:-1\" \/>\n<link rel=\"canonical\" href=\"https:\/\/www.galacteum.com\/en\/contact\/\" \/>\n<meta property=\"og:locale\" content=\"en_US\" \/>\n<meta property=\"og:type\" content=\"article\" \/>\n<meta property=\"og:title\" content=\"GALACTEUM | Contact\" \/>\n<meta property=\"og:description\" content=\"Contact us via phone 981 506 409 or v\u00eda email info@galacteum.com. We are in Parque Empresarial A Madanela P 44-48, 15800 A Coru\u00f1a, Espa\u00f1a.\" \/>\n<meta property=\"og:url\" content=\"https:\/\/www.galacteum.com\/en\/contact\/\" \/>\n<meta property=\"og:site_name\" content=\"GALACTEUM\" \/>\n<meta property=\"article:modified_time\" content=\"2024-02-15T18:15:04+00:00\" \/>\n<meta property=\"og:image\" content=\"https:\/\/www.galacteum.com\/wp-content\/uploads\/2020\/04\/galacteum-seo-fb.png\" \/>\n\t<meta property=\"og:image:width\" content=\"1200\" \/>\n\t<meta property=\"og:image:height\" content=\"630\" \/>\n<meta name=\"twitter:card\" content=\"summary_large_image\" \/>\n<meta name=\"twitter:title\" content=\"GALACTEUM | Contact\" \/>\n<meta name=\"twitter:description\" content=\"Contact us via phone 981 506 409 or v\u00eda email info@galacteum.com. We are in Parque Empresarial A Madanela P 44-48, 15800 A Coru\u00f1a, Espa\u00f1a.\" \/>\n<meta name=\"twitter:image\" content=\"https:\/\/www.galacteum.com\/wp-content\/uploads\/2020\/04\/galacteum-seo-tw.png\" \/>\n<meta name=\"twitter:label1\" content=\"Written by\">\n\t<meta name=\"twitter:data1\" content=\"galawp\">\n\t<meta name=\"twitter:label2\" content=\"Est. reading time\">\n\t<meta name=\"twitter:data2\" content=\"2 minutes\">\n<script type=\"application\/ld+json\" class=\"yoast-schema-graph\">{\"@context\":\"https:\/\/schema.org\",\"@graph\":[{\"@type\":\"Organization\",\"@id\":\"https:\/\/www.galacteum.com\/#organization\",\"name\":\"GALACTEUM\",\"url\":\"https:\/\/www.galacteum.com\/\",\"sameAs\":[\"https:\/\/www.linkedin.com\/company\/galacteum\/\"],\"logo\":{\"@type\":\"ImageObject\",\"@id\":\"https:\/\/www.galacteum.com\/#logo\",\"inLanguage\":\"en-US\",\"url\":\"https:\/\/www.galacteum.com\/wp-content\/uploads\/2020\/04\/galacteum-seo-tw.png\",\"width\":1025,\"height\":520,\"caption\":\"GALACTEUM\"},\"image\":{\"@id\":\"https:\/\/www.galacteum.com\/#logo\"}},{\"@type\":\"WebSite\",\"@id\":\"https:\/\/www.galacteum.com\/#website\",\"url\":\"https:\/\/www.galacteum.com\/\",\"name\":\"GALACTEUM\",\"description\":\"rediscovering the milky way\",\"publisher\":{\"@id\":\"https:\/\/www.galacteum.com\/#organization\"},\"potentialAction\":[{\"@type\":\"SearchAction\",\"target\":\"https:\/\/www.galacteum.com\/?s={search_term_string}\",\"query-input\":\"required name=search_term_string\"}],\"inLanguage\":\"en-US\"},{\"@type\":\"WebPage\",\"@id\":\"https:\/\/www.galacteum.com\/en\/contact\/#webpage\",\"url\":\"https:\/\/www.galacteum.com\/en\/contact\/\",\"name\":\"Contact | GALACTEUM\",\"isPartOf\":{\"@id\":\"https:\/\/www.galacteum.com\/#website\"},\"datePublished\":\"2019-08-26T16:12:01+00:00\",\"dateModified\":\"2024-02-15T18:15:04+00:00\",\"description\":\"Contact us via phone 981 506 409 or v\\u00eda email info@galacteum.com. We are in Parque Empresarial A Madanela P 44-48, 15800 A Coru\\u00f1a, Espa\\u00f1a.\",\"inLanguage\":\"en-US\",\"potentialAction\":[{\"@type\":\"ReadAction\",\"target\":[\"https:\/\/www.galacteum.com\/en\/contact\/\"]}]}]}<\/script>\n<!-- \/ Yoast SEO plugin. -->","_links":{"self":[{"href":"https:\/\/www.galacteum.com\/en\/wp-json\/wp\/v2\/pages\/797"}],"collection":[{"href":"https:\/\/www.galacteum.com\/en\/wp-json\/wp\/v2\/pages"}],"about":[{"href":"https:\/\/www.galacteum.com\/en\/wp-json\/wp\/v2\/types\/page"}],"author":[{"embeddable":true,"href":"https:\/\/www.galacteum.com\/en\/wp-json\/wp\/v2\/users\/1"}],"replies":[{"embeddable":true,"href":"https:\/\/www.galacteum.com\/en\/wp-json\/wp\/v2\/comments?post=797"}],"version-history":[{"count":2,"href":"https:\/\/www.galacteum.com\/en\/wp-json\/wp\/v2\/pages\/797\/revisions"}],"predecessor-version":[{"id":1722,"href":"https:\/\/www.galacteum.com\/en\/wp-json\/wp\/v2\/pages\/797\/revisions\/1722"}],"wp:attachment":[{"href":"https:\/\/www.galacteum.com\/en\/wp-json\/wp\/v2\/media?parent=797"}],"curies":[{"name":"wp","href":"https:\/\/api.w.org\/{rel}","templated":true}]}}